{"id":27,"date":"2023-10-31T15:41:41","date_gmt":"2023-10-31T19:41:41","guid":{"rendered":"http:\/\/portfolio-pre.uqac.ca\/gabarit\/?page_id=27"},"modified":"2023-11-01T15:16:14","modified_gmt":"2023-11-01T19:16:14","slug":"curriculum-vitae","status":"publish","type":"page","link":"https:\/\/portfolio.uqac.ca\/maximeclaprood\/curriculum-vitae\/","title":{"rendered":"Curriculum vitae"},"content":{"rendered":"<p>Professeur \u00e0 l&#8217;Universit\u00e9 du Qu\u00e9bec \u00e0 Chicoutimi au\u00a0D\u00e9partement des sciences appliqu\u00e9es depuis ao\u00fbt 2023.<\/p>\n<h2><strong>Dipl\u00f4mes<\/strong><\/h2>\n<ul>\n<li><strong>Certificat.<\/strong>\u00a0Sp\u00e9cialisation Deep Learning.\u00a0<strong>2022,\u00a0<\/strong>DeepLearning.AI.<\/li>\n<li><strong>Post-doctorat,\u00a0<\/strong>Int\u00e9gration g\u00e9ostatistique de donn\u00e9es g\u00e9ophysiques pour la s\u00e9questration g\u00e9ologique du CO2.\u00a0<strong>\u00a02009-2011.<\/strong> INRS, Qu\u00e9bec, Canada.<\/li>\n<li><strong>Doctorat <\/strong>G\u00e9osciences &#8211; G\u00e9ophysique appliqu\u00e9e : Microtremor survey methods in a 2D valley environment: The Tamar Valley, Launceston (Tasmania, Australia). <strong>2006-2009<\/strong>. Monash University, Melbourne, Australie.<\/li>\n<li><strong>Ma\u00eetrise<\/strong> G\u00e9nie min\u00e9ral &#8211;\u00a0G\u00e9ophysique appliqu\u00e9e :\u00a0Classification automatique d&#8217;anomalies MEGATEM de type plaque mince.\u00a0<strong>2003-2005<\/strong>. \u00c9cole Polytechnique de Montr\u00e9al, Montr\u00e9al, Canada.<\/li>\n<li><strong>Baccalaur\u00e9at<\/strong>\u00a0G\u00e9nie g\u00e9ologique. <strong>1998-2003<\/strong>. \u00c9cole Polytechnique de Montr\u00e9al, Montr\u00e9al, Canada.<\/li>\n<\/ul>\n<h2><strong>Exp\u00e9riences professionnelles<\/strong><\/h2>\n<ul>\n<li><strong>Associ\u00e9 de recherche<\/strong> &#8211; G\u00e9ophysique et g\u00e9ostatistique, INRS, <strong>2011-2013,\u00a02017-2023<\/strong>, Qu\u00e9bec, Canada.<\/li>\n<li><strong>Charg\u00e9 de cours<\/strong> &#8211; G\u00e9ophysique appliqu\u00e9e, <strong>2019-2022<\/strong>, UQAC, Saguenay, Qu\u00e9bec.<\/li>\n<li><strong>Professionnel de recherche<\/strong>, Ressources Naturelles Canada, <strong>2018-2019<\/strong>, Qu\u00e9bec, Canada.<\/li>\n<li><strong>Sp\u00e9cialiste <\/strong>Mod\u00e9lisation g\u00e9ostatistique et hydrog\u00e9ologie, Matrix Solutions,\u00a0<strong>2014-2017<\/strong>, Qu\u00e9bec &amp; Calgary, Canada.<\/li>\n<li><strong>Charg\u00e9 de travaux pratiques<\/strong> &#8211; Cours de g\u00e9ologie baccalaur\u00e9at, Monash University, <strong>2007-2009<\/strong>, Melbourne, Australie.<\/li>\n<li><strong>Assistant de recherche<\/strong>\u00a0&#8211; G\u00e9otechnique, Imperial Oil,\u00a0<strong>2001-2002<\/strong>, Calgary, Canada.<\/li>\n<\/ul>\n<h2><strong>Affiliations professionnelles<\/strong><\/h2>\n<ul>\n<li>Professeur associ\u00e9 \u00e0 l&#8217;INRS, 2023 &#8211; [&#8230;].<\/li>\n<li>Professeur associ\u00e9 \u00e0 l&#8217;Universit\u00e9 Laval, 2023 &#8211; [&#8230;].<\/li>\n<li>Membre de l&#8217;<strong>Ordre des ing\u00e9nieurs du Qu\u00e9bec<\/strong> (OIQ), 2010 &#8211; [&#8230;].<\/li>\n<li>Membre de la <strong>Society of Exploration Geophysicists<\/strong> (SEG), 2003 &#8211; [&#8230;].<\/li>\n<\/ul>\n<p>&nbsp;<\/p>\n","protected":false},"excerpt":{"rendered":"<p>Professeur \u00e0 l&#8217;Universit\u00e9 du Qu\u00e9bec \u00e0 Chicoutimi au\u00a0D\u00e9partement des sciences appliqu\u00e9es depuis ao\u00fbt 2023. Dipl\u00f4mes Certificat.\u00a0Sp\u00e9cialisation Deep Learning.\u00a02022,\u00a0DeepLearning.AI. Post-doctorat,\u00a0Int\u00e9gration g\u00e9ostatistique de donn\u00e9es g\u00e9ophysiques pour la s\u00e9questration g\u00e9ologique du CO2.\u00a0\u00a02009-2011. INRS, Qu\u00e9bec, Canada. Doctorat G\u00e9osciences &#8211; G\u00e9ophysique appliqu\u00e9e : Microtremor survey methods in a 2D valley environment: The Tamar Valley, Launceston (Tasmania, Australia). 2006-2009. Monash University, &hellip; <a href=\"https:\/\/portfolio.uqac.ca\/maximeclaprood\/curriculum-vitae\/\" class=\"more-link\">Continuer la lecture de <span class=\"screen-reader-text\">Curriculum vitae<\/span>  <span class=\"meta-nav\">&rarr;<\/span><\/a><\/p>\n","protected":false},"author":376,"featured_media":0,"parent":0,"menu_order":0,"comment_status":"closed","ping_status":"closed","template":"","meta":{"footnotes":""},"tags":[],"_links":{"self":[{"href":"https:\/\/portfolio.uqac.ca\/maximeclaprood\/wp-json\/wp\/v2\/pages\/27"}],"collection":[{"href":"https:\/\/portfolio.uqac.ca\/maximeclaprood\/wp-json\/wp\/v2\/pages"}],"about":[{"href":"https:\/\/portfolio.uqac.ca\/maximeclaprood\/wp-json\/wp\/v2\/types\/page"}],"author":[{"embeddable":true,"href":"https:\/\/portfolio.uqac.ca\/maximeclaprood\/wp-json\/wp\/v2\/users\/376"}],"replies":[{"embeddable":true,"href":"https:\/\/portfolio.uqac.ca\/maximeclaprood\/wp-json\/wp\/v2\/comments?post=27"}],"version-history":[{"count":7,"href":"https:\/\/portfolio.uqac.ca\/maximeclaprood\/wp-json\/wp\/v2\/pages\/27\/revisions"}],"predecessor-version":[{"id":193,"href":"https:\/\/portfolio.uqac.ca\/maximeclaprood\/wp-json\/wp\/v2\/pages\/27\/revisions\/193"}],"wp:attachment":[{"href":"https:\/\/portfolio.uqac.ca\/maximeclaprood\/wp-json\/wp\/v2\/media?parent=27"}],"wp:term":[{"taxonomy":"post_tag","embeddable":true,"href":"https:\/\/portfolio.uqac.ca\/maximeclaprood\/wp-json\/wp\/v2\/tags?post=27"}],"curies":[{"name":"wp","href":"https:\/\/api.w.org\/{rel}","templated":true}]}}