{"id":4,"date":"2023-10-31T15:41:41","date_gmt":"2023-10-31T19:41:41","guid":{"rendered":"http:\/\/portfolio-pre.uqac.ca\/gabarit\/?page_id=4"},"modified":"2025-06-19T15:07:43","modified_gmt":"2025-06-19T19:07:43","slug":"presentatio","status":"publish","type":"page","link":"https:\/\/portfolio.uqac.ca\/maximeclaprood\/","title":{"rendered":"Pr\u00e9sentation"},"content":{"rendered":"<h2>Maxime Claprood, ing., Ph.D<\/h2>\n<p>Professeur au D\u00e9partement des sciences appliqu\u00e9es<br \/>\nMembre de l&#8217;Ordre des ing\u00e9nieurs du Qu\u00e9bec (OIQ)<\/p>\n<h2>Champs d&#8217;int\u00e9r\u00eat<\/h2>\n<ul>\n<li>g\u00e9ophysique appliqu\u00e9e au g\u00e9nie civil et l&#8217;hydrog\u00e9ologie<\/li>\n<li>int\u00e9gration et assimilation de donn\u00e9es g\u00e9oscientifiques<\/li>\n<\/ul>\n","protected":false},"excerpt":{"rendered":"<p>Maxime Claprood, ing., Ph.D Professeur au D\u00e9partement des sciences appliqu\u00e9es Membre de l&#8217;Ordre des ing\u00e9nieurs du Qu\u00e9bec (OIQ) Champs d&#8217;int\u00e9r\u00eat g\u00e9ophysique appliqu\u00e9e au g\u00e9nie civil et l&#8217;hydrog\u00e9ologie int\u00e9gration et assimilation de donn\u00e9es g\u00e9oscientifiques<\/p>\n","protected":false},"author":376,"featured_media":0,"parent":0,"menu_order":0,"comment_status":"closed","ping_status":"closed","template":"","meta":{"footnotes":""},"tags":[],"_links":{"self":[{"href":"https:\/\/portfolio.uqac.ca\/maximeclaprood\/wp-json\/wp\/v2\/pages\/4"}],"collection":[{"href":"https:\/\/portfolio.uqac.ca\/maximeclaprood\/wp-json\/wp\/v2\/pages"}],"about":[{"href":"https:\/\/portfolio.uqac.ca\/maximeclaprood\/wp-json\/wp\/v2\/types\/page"}],"author":[{"embeddable":true,"href":"https:\/\/portfolio.uqac.ca\/maximeclaprood\/wp-json\/wp\/v2\/users\/376"}],"replies":[{"embeddable":true,"href":"https:\/\/portfolio.uqac.ca\/maximeclaprood\/wp-json\/wp\/v2\/comments?post=4"}],"version-history":[{"count":14,"href":"https:\/\/portfolio.uqac.ca\/maximeclaprood\/wp-json\/wp\/v2\/pages\/4\/revisions"}],"predecessor-version":[{"id":207,"href":"https:\/\/portfolio.uqac.ca\/maximeclaprood\/wp-json\/wp\/v2\/pages\/4\/revisions\/207"}],"wp:attachment":[{"href":"https:\/\/portfolio.uqac.ca\/maximeclaprood\/wp-json\/wp\/v2\/media?parent=4"}],"wp:term":[{"taxonomy":"post_tag","embeddable":true,"href":"https:\/\/portfolio.uqac.ca\/maximeclaprood\/wp-json\/wp\/v2\/tags?post=4"}],"curies":[{"name":"wp","href":"https:\/\/api.w.org\/{rel}","templated":true}]}}