{"id":46,"date":"2023-10-31T15:41:41","date_gmt":"2023-10-31T19:41:41","guid":{"rendered":"http:\/\/portfolio-pre.uqac.ca\/gabarit\/?page_id=46"},"modified":"2025-06-19T15:07:08","modified_gmt":"2025-06-19T19:07:08","slug":"recherche","status":"publish","type":"page","link":"https:\/\/portfolio.uqac.ca\/maximeclaprood\/recherche\/","title":{"rendered":"Recherche"},"content":{"rendered":"<p>PROJETS EN COURS<\/p>\n<p>Doctorat :<\/p>\n<ol>\n<li><strong>Jahanpour Monfared. 2021 &#8211; [&#8230;].\u00a0<\/strong>Backward erosion investigation using stochastic uncertainty methods: A case study of Bersimis-2. Universit\u00e9 Laval. (co-superviseur).<\/li>\n<\/ol>\n<p>Ma\u00eetrise :<\/p>\n<ol>\n<li><strong>Yaya Sagnon. 2024 &#8211; [&#8230;].\u00a0<\/strong> Contribution des m\u00e9thodes g\u00e9ophysiques \u00e0 la compr\u00e9hension de l&#8217;h\u00e9t\u00e9rog\u00e9n\u00e9it\u00e9 spatiale d&#8217;aquif\u00e8res granulaires dans un contexte de gestion des eaux souterraines. UQAC. (Superviseur principal).<\/li>\n<li><strong>Jashia Islam. 2024 &#8211; [&#8230;].\u00a0<\/strong> Estimation de la variation des vitesses des ondes de cisaillement dans l&#8217;argile sensible en utilisant les m\u00e9thodes g\u00e9ophysiques. UQAC. (co-superviseur).<\/li>\n<\/ol>\n<p>PROJETS COMPL\u00c9T\u00c9S<\/p>\n<ol>\n<li><strong>Xiao Xia Liang. 2020 &#8211; 2025.<\/strong> PhD. Deep neural network workflow for spatio-temporal groundwater head forecast. INRS. (co-superviseur).<\/li>\n<li><strong>Thomas B\u00e9raud<\/strong>.<strong> 2019-2022.\u00a0<\/strong>Assimilation de donn\u00e9es multiples avec ensemble smoother dans le cadre de mod\u00e9lisations hydrog\u00e9ologiques. INRS. (co-superviseur).<\/li>\n<\/ol>\n","protected":false},"excerpt":{"rendered":"<p>PROJETS EN COURS Doctorat : Jahanpour Monfared. 2021 &#8211; [&#8230;].\u00a0Backward erosion investigation using stochastic uncertainty methods: A case study of Bersimis-2. Universit\u00e9 Laval. (co-superviseur). Ma\u00eetrise : Yaya Sagnon. 2024 &#8211; [&#8230;].\u00a0 Contribution des m\u00e9thodes g\u00e9ophysiques \u00e0 la compr\u00e9hension de l&#8217;h\u00e9t\u00e9rog\u00e9n\u00e9it\u00e9 spatiale d&#8217;aquif\u00e8res granulaires dans un contexte de gestion des eaux souterraines. UQAC. (Superviseur principal). Jashia &hellip; <a href=\"https:\/\/portfolio.uqac.ca\/maximeclaprood\/recherche\/\" class=\"more-link\">Continuer la lecture de <span class=\"screen-reader-text\">Recherche<\/span>  <span class=\"meta-nav\">&rarr;<\/span><\/a><\/p>\n","protected":false},"author":376,"featured_media":0,"parent":0,"menu_order":0,"comment_status":"closed","ping_status":"closed","template":"","meta":{"footnotes":""},"tags":[],"_links":{"self":[{"href":"https:\/\/portfolio.uqac.ca\/maximeclaprood\/wp-json\/wp\/v2\/pages\/46"}],"collection":[{"href":"https:\/\/portfolio.uqac.ca\/maximeclaprood\/wp-json\/wp\/v2\/pages"}],"about":[{"href":"https:\/\/portfolio.uqac.ca\/maximeclaprood\/wp-json\/wp\/v2\/types\/page"}],"author":[{"embeddable":true,"href":"https:\/\/portfolio.uqac.ca\/maximeclaprood\/wp-json\/wp\/v2\/users\/376"}],"replies":[{"embeddable":true,"href":"https:\/\/portfolio.uqac.ca\/maximeclaprood\/wp-json\/wp\/v2\/comments?post=46"}],"version-history":[{"count":5,"href":"https:\/\/portfolio.uqac.ca\/maximeclaprood\/wp-json\/wp\/v2\/pages\/46\/revisions"}],"predecessor-version":[{"id":206,"href":"https:\/\/portfolio.uqac.ca\/maximeclaprood\/wp-json\/wp\/v2\/pages\/46\/revisions\/206"}],"wp:attachment":[{"href":"https:\/\/portfolio.uqac.ca\/maximeclaprood\/wp-json\/wp\/v2\/media?parent=46"}],"wp:term":[{"taxonomy":"post_tag","embeddable":true,"href":"https:\/\/portfolio.uqac.ca\/maximeclaprood\/wp-json\/wp\/v2\/tags?post=46"}],"curies":[{"name":"wp","href":"https:\/\/api.w.org\/{rel}","templated":true}]}}