{"id":139,"date":"2015-06-29T21:02:02","date_gmt":"2015-06-30T01:02:02","guid":{"rendered":"http:\/\/portfolio-pre.uqac.ca\/maximepare\/?page_id=139"},"modified":"2022-01-20T10:47:37","modified_gmt":"2022-01-20T15:47:37","slug":"coordonnees-contact","status":"publish","type":"page","link":"https:\/\/portfolio.uqac.ca\/maximepare\/coordonnees-contact\/","title":{"rendered":"Coordonn\u00e9es \/ Contact"},"content":{"rendered":"<h3><strong>Adresse postale \/ <em>Mailing Address<\/em><\/strong><\/h3>\n<p>Universit\u00e9 du Qu\u00e9bec \u00e0 Chicoutimi<br \/>\nD\u00e9partement des sciences fondamentales<br \/>\nBureau P4-2290<br \/>\n555, boulevard de l\u2019Universit\u00e9<br \/>\nChicoutimi (Qu\u00e9bec) G7H 2B1<\/p>\n<h3><strong>T\u00e9l\u00e9phones \/ <em>Phones<\/em><\/strong><\/h3>\n<p>1+ (418) 545-5011, poste 5071<br \/>\n1+ (800) 463-9880, poste 5071 (sans frais)<br \/>\n1+ (418) 615-1203 (t\u00e9l\u00e9copieur \/ <em>Fax<\/em>)<\/p>\n<h3><strong>Courriel \/ <em>Email<\/em><\/strong><\/h3>\n<p><a href=\"mailto:maxime_pare@uqac.ca\">maxime_pare@uqac.ca<\/a><\/p>\n","protected":false},"excerpt":{"rendered":"<p>Adresse postale \/ Mailing Address Universit\u00e9 du Qu\u00e9bec \u00e0 Chicoutimi D\u00e9partement des sciences fondamentales Bureau P4-2290 555, boulevard de l\u2019Universit\u00e9 Chicoutimi (Qu\u00e9bec) G7H 2B1 T\u00e9l\u00e9phones \/ Phones 1+ (418) 545-5011, poste 5071 1+ (800) 463-9880, poste 5071 (sans frais) 1+ (418) 615-1203 (t\u00e9l\u00e9copieur \/ Fax) Courriel \/ Email maxime_pare@uqac.ca<\/p>\n","protected":false},"author":126,"featured_media":0,"parent":0,"menu_order":0,"comment_status":"closed","ping_status":"closed","template":"","meta":{"footnotes":""},"tags":[],"_links":{"self":[{"href":"https:\/\/portfolio.uqac.ca\/maximepare\/wp-json\/wp\/v2\/pages\/139"}],"collection":[{"href":"https:\/\/portfolio.uqac.ca\/maximepare\/wp-json\/wp\/v2\/pages"}],"about":[{"href":"https:\/\/portfolio.uqac.ca\/maximepare\/wp-json\/wp\/v2\/types\/page"}],"author":[{"embeddable":true,"href":"https:\/\/portfolio.uqac.ca\/maximepare\/wp-json\/wp\/v2\/users\/126"}],"replies":[{"embeddable":true,"href":"https:\/\/portfolio.uqac.ca\/maximepare\/wp-json\/wp\/v2\/comments?post=139"}],"version-history":[{"count":6,"href":"https:\/\/portfolio.uqac.ca\/maximepare\/wp-json\/wp\/v2\/pages\/139\/revisions"}],"predecessor-version":[{"id":206,"href":"https:\/\/portfolio.uqac.ca\/maximepare\/wp-json\/wp\/v2\/pages\/139\/revisions\/206"}],"wp:attachment":[{"href":"https:\/\/portfolio.uqac.ca\/maximepare\/wp-json\/wp\/v2\/media?parent=139"}],"wp:term":[{"taxonomy":"post_tag","embeddable":true,"href":"https:\/\/portfolio.uqac.ca\/maximepare\/wp-json\/wp\/v2\/tags?post=139"}],"curies":[{"name":"wp","href":"https:\/\/api.w.org\/{rel}","templated":true}]}}