{"id":4,"date":"2012-07-23T17:46:31","date_gmt":"2012-07-23T17:46:31","guid":{"rendered":"http:\/\/portfolio-pre.uqac.ca\/gabarit\/?page_id=4"},"modified":"2025-10-28T08:19:51","modified_gmt":"2025-10-28T12:19:51","slug":"presentatio","status":"publish","type":"page","link":"https:\/\/portfolio.uqac.ca\/maximepare\/","title":{"rendered":"Accueil"},"content":{"rendered":"<hr \/>\n<h3 style=\"text-align: center\"><\/h3>\n<h3 style=\"text-align: center\">Maxime C. Par\u00e9<\/h3>\n<p style=\"text-align: center\">Professeur au d\u00e9partement des sciences fondamentales<\/p>\n<p><a href=\"https:\/\/portfolio.uqac.ca\/maximepare\/files\/2012\/07\/DSC03015.jpg\"><img loading=\"lazy\" decoding=\"async\" class=\"size-medium wp-image-184 aligncenter\" src=\"https:\/\/portfolio.uqac.ca\/maximepare\/files\/2012\/07\/DSC03015-225x300.jpg\" alt=\"DSC03015\" width=\"225\" height=\"300\" srcset=\"https:\/\/portfolio.uqac.ca\/maximepare\/files\/2012\/07\/DSC03015-225x300.jpg 225w, https:\/\/portfolio.uqac.ca\/maximepare\/files\/2012\/07\/DSC03015-768x1024.jpg 768w\" sizes=\"(max-width: 225px) 100vw, 225px\" \/><\/a>Je vous souhaite la bienvenue sur mon portfolio. Vous y trouverez plusieurs informations relatives \u00e0 mes activit\u00e9s de recherche et d\u2019enseignement.<\/p>\n<p>En tant que professeur en agriculture nordique, les th\u00e8mes de recherche et les sujets d\u2019enseignement que j\u2019exploite sont nombreux et diversifi\u00e9s. Les productions agricoles \u00e0 connotation nordique telles que le bleuet sauvage, la camerise et la pomme de terre de semence font partie int\u00e9grante de mes recherches et de mon enseignement.<\/p>\n<p>En tant que sp\u00e9cialiste en sciences du sol, les \u00e9tudes de l\u2019interface sol-plante font de mes recherches un excellent trait d\u2019union entre l\u2019agriculture, l\u2019\u00e9cologie, la biologie et la foresterie. Par ailleurs, l\u2019int\u00e9gration entre les diff\u00e9rentes sciences naturelles est plus qu\u2019importante et n\u00e9cessite une approche int\u00e9gr\u00e9e et multidisciplinaire, ce qui est l\u2019approche privil\u00e9gi\u00e9e et qui est devenue pr\u00e9rogative des projets de recherche que je m\u00e8ne actuellement dans la r\u00e9gion.\u00a0Mieux conna\u00eetre la diversit\u00e9 et la complexit\u00e9 de nos agro\u00e9cosyst\u00e8mes nordiques pourra \u00e9ventuellement nous aider \u00e0 prendre de meilleurs d\u00e9cisions reli\u00e9es \u00e0 l\u2019utilisation du territoire. Le sol est une ressource fragile et limit\u00e9 qu\u2019on a tout int\u00e9r\u00eat \u00e0 mieux comprendre et prot\u00e9ger!<\/p>\n<p style=\"text-align: justify\"><em>Une nation qui d\u00e9truit ses sols se d\u00e9truit elle-m\u00eame [&#8230;]. <\/em>Franklin D. Roosevelt (1933), 32<sup>e<\/sup> Pr\u00e9sident des \u00c9tats-Unis.<\/p>\n<hr \/>\n<p>&nbsp;<\/p>\n","protected":false},"excerpt":{"rendered":"<p>Maxime C. Par\u00e9 Professeur au d\u00e9partement des sciences fondamentales Je vous souhaite la bienvenue sur mon portfolio. Vous y trouverez plusieurs informations relatives \u00e0 mes activit\u00e9s de recherche et d\u2019enseignement. En tant que professeur en agriculture nordique, les th\u00e8mes de recherche et les sujets d\u2019enseignement que j\u2019exploite sont nombreux et diversifi\u00e9s. Les productions agricoles \u00e0 &hellip; <a href=\"https:\/\/portfolio.uqac.ca\/maximepare\/\" class=\"more-link\">Continuer la lecture de <span class=\"screen-reader-text\">Accueil<\/span>  <span class=\"meta-nav\">&rarr;<\/span><\/a><\/p>\n","protected":false},"author":89,"featured_media":0,"parent":0,"menu_order":0,"comment_status":"closed","ping_status":"closed","template":"","meta":{"footnotes":""},"tags":[6,7,8],"_links":{"self":[{"href":"https:\/\/portfolio.uqac.ca\/maximepare\/wp-json\/wp\/v2\/pages\/4"}],"collection":[{"href":"https:\/\/portfolio.uqac.ca\/maximepare\/wp-json\/wp\/v2\/pages"}],"about":[{"href":"https:\/\/portfolio.uqac.ca\/maximepare\/wp-json\/wp\/v2\/types\/page"}],"author":[{"embeddable":true,"href":"https:\/\/portfolio.uqac.ca\/maximepare\/wp-json\/wp\/v2\/users\/89"}],"replies":[{"embeddable":true,"href":"https:\/\/portfolio.uqac.ca\/maximepare\/wp-json\/wp\/v2\/comments?post=4"}],"version-history":[{"count":32,"href":"https:\/\/portfolio.uqac.ca\/maximepare\/wp-json\/wp\/v2\/pages\/4\/revisions"}],"predecessor-version":[{"id":266,"href":"https:\/\/portfolio.uqac.ca\/maximepare\/wp-json\/wp\/v2\/pages\/4\/revisions\/266"}],"wp:attachment":[{"href":"https:\/\/portfolio.uqac.ca\/maximepare\/wp-json\/wp\/v2\/media?parent=4"}],"wp:term":[{"taxonomy":"post_tag","embeddable":true,"href":"https:\/\/portfolio.uqac.ca\/maximepare\/wp-json\/wp\/v2\/tags?post=4"}],"curies":[{"name":"wp","href":"https:\/\/api.w.org\/{rel}","templated":true}]}}