{"id":165,"date":"2019-07-04T09:15:04","date_gmt":"2019-07-04T13:15:04","guid":{"rendered":"http:\/\/portfolio-pre.uqac.ca\/gabarit\/?page_id=165"},"modified":"2022-05-30T08:29:50","modified_gmt":"2022-05-30T12:29:50","slug":"communications-2","status":"publish","type":"page","link":"https:\/\/portfolio.uqac.ca\/melissalavoie\/communications-2\/","title":{"rendered":"Communications"},"content":{"rendered":"<h2>5 derni\u00e8res ann\u00e9es<\/h2>\n<p>Lavoie, M. (2022). S<em>outenir le pouvoir d&#8217;agir des populati9ons vuln\u00e9rables : exemple d&#8217;intervention aupr\u00e8s des personnes atteintes de dystrophie myotonique de type 1 <\/em>[Pr\u00e9sentation orale]. 3e journ\u00e9e scientifique du Centre intersectoriel en sant\u00e9 durable., Chicoutimi, Canada.<\/p>\n<p>Emond, M. J., Lavoie, M., Frigon, M. P., Bouchard, L., Tremblay, K., &amp; Poitras, M-.-E. (2022). <em>Soutenir les couples porteurs de l&#8217;ataxie r\u00e9cessive spastique de Charlevoix-Saguenay lors de la planification<\/em><br \/>\n<em>familiale : co-construction d&#8217;un outil d&#8217;aide \u00e0 la d\u00e9cision avec les utilisateurs\u00a0<\/em>\u00a0[Pr\u00e9sentation orale]. 22e Colloque de la maitrise en<br \/>\nsciences infirmi\u00e8res du R\u00e9seau l&#8217;Universit\u00e9 du Qu\u00e9bec : l&#8217;expertise infirmi\u00e8re au coeur d&#8217;une profession en transformation, Rimouski, Canada.<\/p>\n<p>Emond, M. J., Lavoie, M., Frigon. M. P. Bouchard, L., Tremblay, K., &amp; Poitras, M. E. (2022). <em>Soutenir les couples porteurs de maladies h\u00e9r\u00e9ditaires<\/em>\u00a0\u00a0[Pr\u00e9sentation orale]. Journ\u00e9e annuelle des maladies rares, Saguenay, Canada.<\/p>\n<p>Lavoie, M., Perron, M.-E., Caron-Cantin, S.M., Tach\u00e9, G., &amp; Roberge, V. (2022). <em>D\u00e9ploiement de la formation \u00e0 distance en contexte pand\u00e9mique<\/em> [Pr\u00e9sentation orale].\u00a0 8e Congr\u00e8s mondial du Secr\u00e9tariat international des infirmi\u00e8res et infirmiers de l&#8217;espace francophone,\u00a0 Ottawa, Canada.<\/p>\n<p>Allaire, S., Lavoie, M., &amp; Poitras, M. E. (2022). <em>Description des facteurs d\u00e9terminants de l\u2019adh\u00e9sion \u00e0 la prise d\u2019acide folique chez les femmes en p\u00e9riode pr\u00e9conceptionnelle et p\u00e9riconceptionnelle<\/em>\u00a0[Pr\u00e9sentation orale]. 22e Colloque de la maitrise en sciences infirmi\u00e8res du R\u00e9seau l&#8217;Universit\u00e9 du Qu\u00e9bec : l&#8217;expertise infirmi\u00e8re au coeur d&#8217;une profession en transformation,, Rimouski, Canada.<\/p>\n<p>Lavoie, M. (2022)<em>. Atelier pr\u00e9-congr\u00e8s : La ma\u00eetrise ou le doctorat par articles : avantages, d\u00e9fis et limites<\/em>\u00a0[Pr\u00e9sentation orale]. 3e Symposium annuel sur la recherche \u00e9tudiante en sciences infirmi\u00e8res. 27 mai, Montr\u00e9al, Canada.<\/p>\n<p>Caron, A., Doucet, E., Rioux-Dubois, A., Lemelin, L., Regragui, S., Gilbert, E., Lavoie, M, &amp; Longpr\u00e9, S. (2022). <em>Assises scientifiques de la pratique infirmi\u00e8re avanc\u00e9e : Une recension des \u00e9crits<\/em> [Pr\u00e9sentation orale]. 22e Colloque de la maitrise en sciences infirmi\u00e8res du R\u00e9seau l&#8217;Universit\u00e9 du Qu\u00e9bec : l&#8217;expertise infirmi\u00e8re au coeur d&#8217;une profession en transformation, Rimouski, Canada.<\/p>\n<p>Gagnon, J., B\u00e9dard, E., Ndengeyingoma, A., Rioux-Dubois, A., St-Pierre, St-Cyr, J. &amp; Lavoie, M. (2022). <em>Description du d\u00e9ploiement des comp\u00e9tences \u00e9ducatives des IPS post formation acad\u00e9mique<\/em>\u00a0[Pr\u00e9sentation orale]. 22e Colloque de la maitrise en sciences infirmi\u00e8res du R\u00e9seau de l&#8217;universit\u00e9 du Qu\u00e9bec, l&#8217;expertise infirmi\u00e8re au coeur d&#8217;une profession en transformation, Rimouski, Canada.<\/p>\n<p>Lavoie, M., St-Pierre, L., St-Cyr, J., B\u00e9dard, E., Ndengeyingoma, A., &amp; Rioux-Dubois, A. (2022). <em>Description des facteurs influen\u00e7ant la mise en place des interventions \u00e9ducatives en sant\u00e9 chez les infirmi\u00e8res praticiennes sp\u00e9cialis\u00e9e post formation<\/em> [Pr\u00e9sentation orale]. 8e Congr\u00e8s mondial du secr\u00e9tariat international des infirmi\u00e8res et infirmiers de l\u2019espace francophone. Ottawa, Canada.<\/p>\n<p>Lavoie, M., Gallagher, F., &amp; Chouinard, M. C. (2021).\u00a0<em>L&#8217;autogestion chez les personnes avec la dystrophie myotonique de type 1 (DM1) &#8211; Une question de motivation, d&#8217;habilet\u00e9s et de soutien!<\/em> [Pr\u00e9sentation orale]. Midis scientifiques du CIUSSS Saguenay-Lac-Saint-Jean, Chicoutimi, Canada.<\/p>\n<p>Emond, M. J., Poitras, M. E., Frigon, M. P., Bouchard, L., Tremblay, K., &amp; Lavoie, M. (2021). <em>Coconstruction d\u2019un outil d\u2019aide \u00e0 la d\u00e9cision avec les utilisateurs pour soutenir les couples porteurs de l\u2019Ataxie r\u00e9cessive spastique de Charlevoix-Saguenay <\/em>[Pr\u00e9sentation orale]. 21e Colloque de la maitrise en sciences infirmi\u00e8res du R\u00e9seau de l&#8217;Universit\u00e9 du Qu\u00e9bec, Qu\u00e9bec, Canada.<\/p>\n<p>Frigon, M. P., Emond, M. J., Lavoie, M., Bouchard, L., Tremblay, K., &amp; Poitras, M. E. (2019). <em>\u00c9valuation des besoins d\u00e9cisionnels des couples porteurs des maladies h\u00e9r\u00e9ditaires rares : aspect m\u00e9thodologique de l\u2019analyse des besoins d\u00e9cisionnels\u00a0<\/em>\u00a0[Pr\u00e9sentation orale]. Journ\u00e9e de la recherche du CIUSSS du Saguenay-Lac-Saint-Jean, Chicoutimi, Canada.<\/p>\n<p>Frigon, M. P., Emond, M. J., Lavoie, M., Bouchard, L., Tremblay, K., &amp; Poitras, M. E. (2019). <em>\u00c9valuation des besoins d\u00e9cisionnels des couples porteurs des maladies h\u00e9r\u00e9ditaires rares : aspect m\u00e9thodologique de l\u2019analyse des besoins d\u00e9cisionnels\u00a0<\/em>[Pr\u00e9sentation orale]. Colloque des sciences infirmi\u00e8res de l\u2019UQAC &#8211; De la th\u00e9orie \u00e0 la pratique \u2026 cultivons l\u2019excellence dans les soins aux a\u00een\u00e9s, Jonqui\u00e8re, Canada.<\/p>\n<p>Frigon, M. P., Emond, M. J., Lavoie, M., Bouchard, L., Tremblay, K., Poitras, M. E. (2019). <em>\u00c9valuation des besoins d\u00e9cisionnels des couples porteurs des maladies h\u00e9r\u00e9ditaires rares<\/em> [Pr\u00e9sentation orale]. Conf\u00e9rence internationale sur la d\u00e9cision partag\u00e9e, Qu\u00e9bec, Canada.<\/p>\n<p>Bernier, J. Lavoie, M. Poitras, M. \u00c8. (2018). <em>Explorer les besoins des personnes en post infarctus du myocarde et des intervenants : contexte de 1\u00e8re ligne qu\u00e9b\u00e9cois<\/em> [Pr\u00e9sentation orale]. 7e congr\u00e8s du Secr\u00e9tariat international des infirmi\u00e8res et infirmiers de l\u2019espace francophone (SIDIIEF), Bordeaux, France.<\/p>\n<p>Lavoie, M., Chouinard, M. C., Gallagher, F. (2018). L<em>\u2019\u00e9ducation th\u00e9rapeutique de la personne atteinte de dystrophie myotonique de type I : pourquoi est-ce difficile?<\/em> [Pr\u00e9sentation orale]. Journ\u00e9e annuelle Sant\u00e9 &#8211; Populations, Bromont, Canada.<\/p>\n<p>Lavoie, M., &amp; Labb\u00e9e, D. (2018). <em>Et si on pouvait amener la collaboration intra et interprofessionnelle dansle milieu acad\u00e9mique !<\/em> [Pr\u00e9sentation orale]. 19e colloque de la ma\u00eetrise en sciences infirmi\u00e8res du r\u00e9seau de l\u2019Universit\u00e9 du Qu\u00e9bec &#8211; \u00ab Les savoirs infirmiers : d\u00e9velopper et partager pour une action concert\u00e9e \u00bb, Gatineau, Canada.<\/p>\n<p>Poitras, M. \u00c8.,\u00a0&amp; Lavoie, M. (2018). <em>Et si le conflit d\u00e9cisionnel m&#8217;\u00e9tait cont\u00e9 : utilisation du transfert des connaissances afin de mieux soutenir les personnes dans leur prise de d\u00e9cision<\/em> [Pr\u00e9sentation orale]. 86e congr\u00e8s de l&#8217;Association francophone pour le savoir (ACFAS), Chicoutimi, Canada.<\/p>\n<p>Bernier, J. Poitras, M. \u00c8., &amp; Lavoie, M. (2018). <em>Presentation of the PHC organization in my country : Qu\u00e9bec\u00a0<\/em>[Pr\u00e9sentation orale]. Primary Care Summer School &#8211; 1ST edition Faculty of health Angers, Angers, France.<\/p>\n<p>de Jordy, L. C., Chouinard, M. C., &amp; Lavoie, M. (2017). <em>La litt\u00e9ratie en sant\u00e9 : pourquoi s\u2019y int\u00e9resser et comment mieux intervenir en \u00e9ducation \u00e0 la sant\u00e9 ?<\/em> [Pr\u00e9sentation orale]. Colloque en sciences infirmi\u00e8res de l&#8217;Universit\u00e9 du Qu\u00e9bec \u00e0 Chicoutimi, Chicoutimi, Canada.<\/p>\n<p>Couture, \u00c9. M., L\u00e9vesque, M., Lavoie, M., Allard, V., Asselin, G., Ayoub, J., Carri\u00e8re, V., Corbeil, P. L., Gigu\u00e8re, P. V., Guillet, A. A., &amp; Tanguay, A. (2017). <em>Assessing readability of informative documents on diabetes and chronic obstructive pulmonary disease in hospitals and primary care clinics of Quebec<\/em> [Pr\u00e9sentation orale]. North American Primary Care Research Group (NAPCRG), Montr\u00e9al, Canada.<\/p>\n<p>&nbsp;<\/p>\n<p>&nbsp;<\/p>\n","protected":false},"excerpt":{"rendered":"<p>5 derni\u00e8res ann\u00e9es Lavoie, M. (2022). Soutenir le pouvoir d&#8217;agir des populati9ons vuln\u00e9rables : exemple d&#8217;intervention aupr\u00e8s des personnes atteintes de dystrophie myotonique de type 1 [Pr\u00e9sentation orale]. 3e journ\u00e9e scientifique du Centre intersectoriel en sant\u00e9 durable., Chicoutimi, Canada. Emond, M. J., Lavoie, M., Frigon, M. P., Bouchard, L., Tremblay, K., &amp; Poitras, M-.-E. (2022). &hellip; <a href=\"https:\/\/portfolio.uqac.ca\/melissalavoie\/communications-2\/\" class=\"more-link\">Continuer la lecture de <span class=\"screen-reader-text\">Communications<\/span>  <span class=\"meta-nav\">&rarr;<\/span><\/a><\/p>\n","protected":false},"author":147,"featured_media":0,"parent":0,"menu_order":0,"comment_status":"closed","ping_status":"closed","template":"","meta":{"footnotes":""},"tags":[],"_links":{"self":[{"href":"https:\/\/portfolio.uqac.ca\/melissalavoie\/wp-json\/wp\/v2\/pages\/165"}],"collection":[{"href":"https:\/\/portfolio.uqac.ca\/melissalavoie\/wp-json\/wp\/v2\/pages"}],"about":[{"href":"https:\/\/portfolio.uqac.ca\/melissalavoie\/wp-json\/wp\/v2\/types\/page"}],"author":[{"embeddable":true,"href":"https:\/\/portfolio.uqac.ca\/melissalavoie\/wp-json\/wp\/v2\/users\/147"}],"replies":[{"embeddable":true,"href":"https:\/\/portfolio.uqac.ca\/melissalavoie\/wp-json\/wp\/v2\/comments?post=165"}],"version-history":[{"count":18,"href":"https:\/\/portfolio.uqac.ca\/melissalavoie\/wp-json\/wp\/v2\/pages\/165\/revisions"}],"predecessor-version":[{"id":204,"href":"https:\/\/portfolio.uqac.ca\/melissalavoie\/wp-json\/wp\/v2\/pages\/165\/revisions\/204"}],"wp:attachment":[{"href":"https:\/\/portfolio.uqac.ca\/melissalavoie\/wp-json\/wp\/v2\/media?parent=165"}],"wp:term":[{"taxonomy":"post_tag","embeddable":true,"href":"https:\/\/portfolio.uqac.ca\/melissalavoie\/wp-json\/wp\/v2\/tags?post=165"}],"curies":[{"name":"wp","href":"https:\/\/api.w.org\/{rel}","templated":true}]}}