{"id":185,"date":"2019-07-04T10:49:10","date_gmt":"2019-07-04T14:49:10","guid":{"rendered":"http:\/\/portfolio-pre.uqac.ca\/melissalavoie\/?page_id=185"},"modified":"2022-05-30T08:02:43","modified_gmt":"2022-05-30T12:02:43","slug":"maitrise","status":"publish","type":"page","link":"https:\/\/portfolio.uqac.ca\/melissalavoie\/maitrise\/","title":{"rendered":"Ma\u00eetrises"},"content":{"rendered":"<p><strong>En cours<\/strong><\/p>\n<p>Vanessa Vilgrain (2021-\u00a0 ), Universit\u00e9 du Qu\u00e9bec \u00e0 Chicoutimi<\/p>\n<p>Bibianne Tremblay-Fradette (2016- ) , Universit\u00e9 du Qu\u00e9bec \u00e0 Chicoutimi<\/p>\n<p>Jo\u00eblle Bernard-Hamel (2016- ), Universit\u00e9 du Qu\u00e9bec \u00e0 Chicoutimi<\/p>\n<p>Sylvie Allaire (2016- ), Universit\u00e9 du Qu\u00e9bec \u00e0 Chicoutimi<\/p>\n<p>Fr\u00e9d\u00e9rique Taillon (2016- ), Universit\u00e9 du Qu\u00e9bec \u00e0 Chicoutimi<\/p>\n<p><strong>Compl\u00e9t\u00e9es<\/strong><\/p>\n<p>Frigon, Marie-Pier. (2021).\u00a0<span style=\"text-decoration: underline;\"><a href=\"https:\/\/hdl.handle.net\/1866\/25663\">Identification des besoins d\u00e9cisionnels des couples porteurs de maladies h\u00e9r\u00e9ditaires rares<\/a>.<\/span>\u00a0M\u00e9moire de ma\u00eetrise, Universit\u00e9 de Montr\u00e9al.<\/p>\n<p><iframe loading=\"lazy\" src=\"https:\/\/constellation.uqac.ca\/cgi\/search\/archive\/advanced\/export_eprints_uqac_HTMLUQAC.html?screen=Search&amp;dataset=archive&amp;_action_export=1&amp;output=HTMLUQAC&amp;exp=0%7C1%7C-date%2Fcreators_name%2Ftitle%7Carchive%7C-%7Ccreators_name%2Fdirectors_name%3Acreators_name%2Fdirectors_name%3AALL%3AEQ%3AM%C3%A9lissa+Lavoie%7Cdate%3Adate%3AALL%3AEQ%3A2011-%7Cdivisions%3Adivisions%3AANY%3AEQ%3ADEP_SS%7Ctype%3Atype%3AANY%3AEQ%3Athesis+thesis_other+essay%7C-%7Ceprint_status%3Aeprint_status%3AANY%3AEQ%3Aarchive%7Cmetadata_visibility%3Ametadata_visibility%3AANY%3AEQ%3Ashow&amp;n=\" width=\"700\" height=\"600\"><\/iframe><\/p>\n","protected":false},"excerpt":{"rendered":"<p>En cours Vanessa Vilgrain (2021-\u00a0 ), Universit\u00e9 du Qu\u00e9bec \u00e0 Chicoutimi Bibianne Tremblay-Fradette (2016- ) , Universit\u00e9 du Qu\u00e9bec \u00e0 Chicoutimi Jo\u00eblle Bernard-Hamel (2016- ), Universit\u00e9 du Qu\u00e9bec \u00e0 Chicoutimi Sylvie Allaire (2016- ), Universit\u00e9 du Qu\u00e9bec \u00e0 Chicoutimi Fr\u00e9d\u00e9rique Taillon (2016- ), Universit\u00e9 du Qu\u00e9bec \u00e0 Chicoutimi Compl\u00e9t\u00e9es Frigon, Marie-Pier. (2021).\u00a0Identification des besoins d\u00e9cisionnels &hellip; <a href=\"https:\/\/portfolio.uqac.ca\/melissalavoie\/maitrise\/\" class=\"more-link\">Continuer la lecture de <span class=\"screen-reader-text\">Ma\u00eetrises<\/span>  <span class=\"meta-nav\">&rarr;<\/span><\/a><\/p>\n","protected":false},"author":147,"featured_media":0,"parent":0,"menu_order":0,"comment_status":"closed","ping_status":"closed","template":"","meta":{"footnotes":""},"tags":[],"_links":{"self":[{"href":"https:\/\/portfolio.uqac.ca\/melissalavoie\/wp-json\/wp\/v2\/pages\/185"}],"collection":[{"href":"https:\/\/portfolio.uqac.ca\/melissalavoie\/wp-json\/wp\/v2\/pages"}],"about":[{"href":"https:\/\/portfolio.uqac.ca\/melissalavoie\/wp-json\/wp\/v2\/types\/page"}],"author":[{"embeddable":true,"href":"https:\/\/portfolio.uqac.ca\/melissalavoie\/wp-json\/wp\/v2\/users\/147"}],"replies":[{"embeddable":true,"href":"https:\/\/portfolio.uqac.ca\/melissalavoie\/wp-json\/wp\/v2\/comments?post=185"}],"version-history":[{"count":9,"href":"https:\/\/portfolio.uqac.ca\/melissalavoie\/wp-json\/wp\/v2\/pages\/185\/revisions"}],"predecessor-version":[{"id":257,"href":"https:\/\/portfolio.uqac.ca\/melissalavoie\/wp-json\/wp\/v2\/pages\/185\/revisions\/257"}],"wp:attachment":[{"href":"https:\/\/portfolio.uqac.ca\/melissalavoie\/wp-json\/wp\/v2\/media?parent=185"}],"wp:term":[{"taxonomy":"post_tag","embeddable":true,"href":"https:\/\/portfolio.uqac.ca\/melissalavoie\/wp-json\/wp\/v2\/tags?post=185"}],"curies":[{"name":"wp","href":"https:\/\/api.w.org\/{rel}","templated":true}]}}