{"id":187,"date":"2019-07-04T10:49:29","date_gmt":"2019-07-04T14:49:29","guid":{"rendered":"http:\/\/portfolio-pre.uqac.ca\/melissalavoie\/?page_id=187"},"modified":"2019-07-04T10:53:34","modified_gmt":"2019-07-04T14:53:34","slug":"doctorats","status":"publish","type":"page","link":"https:\/\/portfolio.uqac.ca\/melissalavoie\/doctorats\/","title":{"rendered":"Doctorats"},"content":{"rendered":"<h2>En cours<\/h2>\n<p>Philippe Lavoie (2017- ) , Universit\u00e9 du Qu\u00e9bec \u00e0 Chicoutimi<\/p>\n<p>Marie-\u00c8ve Mc Cluskey-Lavoie (2017- ) , Universit\u00e9 du Qu\u00e9bec \u00e0\u00a0 Chicoutimi<\/p>\n","protected":false},"excerpt":{"rendered":"<p>En cours Philippe Lavoie (2017- ) , Universit\u00e9 du Qu\u00e9bec \u00e0 Chicoutimi Marie-\u00c8ve Mc Cluskey-Lavoie (2017- ) , Universit\u00e9 du Qu\u00e9bec \u00e0\u00a0 Chicoutimi<\/p>\n","protected":false},"author":147,"featured_media":0,"parent":0,"menu_order":0,"comment_status":"closed","ping_status":"closed","template":"","meta":{"footnotes":""},"tags":[],"_links":{"self":[{"href":"https:\/\/portfolio.uqac.ca\/melissalavoie\/wp-json\/wp\/v2\/pages\/187"}],"collection":[{"href":"https:\/\/portfolio.uqac.ca\/melissalavoie\/wp-json\/wp\/v2\/pages"}],"about":[{"href":"https:\/\/portfolio.uqac.ca\/melissalavoie\/wp-json\/wp\/v2\/types\/page"}],"author":[{"embeddable":true,"href":"https:\/\/portfolio.uqac.ca\/melissalavoie\/wp-json\/wp\/v2\/users\/147"}],"replies":[{"embeddable":true,"href":"https:\/\/portfolio.uqac.ca\/melissalavoie\/wp-json\/wp\/v2\/comments?post=187"}],"version-history":[{"count":3,"href":"https:\/\/portfolio.uqac.ca\/melissalavoie\/wp-json\/wp\/v2\/pages\/187\/revisions"}],"predecessor-version":[{"id":196,"href":"https:\/\/portfolio.uqac.ca\/melissalavoie\/wp-json\/wp\/v2\/pages\/187\/revisions\/196"}],"wp:attachment":[{"href":"https:\/\/portfolio.uqac.ca\/melissalavoie\/wp-json\/wp\/v2\/media?parent=187"}],"wp:term":[{"taxonomy":"post_tag","embeddable":true,"href":"https:\/\/portfolio.uqac.ca\/melissalavoie\/wp-json\/wp\/v2\/tags?post=187"}],"curies":[{"name":"wp","href":"https:\/\/api.w.org\/{rel}","templated":true}]}}