{"id":27,"date":"2019-07-04T09:15:04","date_gmt":"2019-07-04T13:15:04","guid":{"rendered":"http:\/\/portfolio-pre.uqac.ca\/gabarit\/?page_id=27"},"modified":"2022-05-30T08:17:56","modified_gmt":"2022-05-30T12:17:56","slug":"curriculum-vitae","status":"publish","type":"page","link":"https:\/\/portfolio.uqac.ca\/melissalavoie\/curriculum-vitae\/","title":{"rendered":"Curriculum vitae"},"content":{"rendered":"<h2><strong>Dipl\u00f4mes<\/strong><\/h2>\n<p>Doctorat en sciences cliniques, Cheminement en sciences infirmi\u00e8res &#8211; Universit\u00e9 de Sherbrooke (2020)<\/p>\n<p>Lavoie, M. (2020).\u00a0<a href=\"https:\/\/hdl.handle.net\/11143\/17518\"><em>D\u00e9veloppement d\u2019une intervention d\u2019\u00e9ducation th\u00e9rapeutique fond\u00e9e sur la philosophie du pouvoir d\u2019agir pour les personnes avec la dystrophie myotonique de type 1\u00a0<\/em><\/a>[Th\u00e8se de doctorat in\u00e9dite]. Universit\u00e9 de Sherbrooke.<\/p>\n<p>Certificat en enseignement clinique &#8211; Association canadienne des \u00e9coles de sciences infirmi\u00e8res (2014)<\/p>\n<p>Ma\u00eetrise en Sciences infirmi\u00e8res &#8211; Universit\u00e9 du Qu\u00e9bec \u00e0 Chicoutimi (2010)<\/p>\n<p>Lavoie, M. (2010).<a href=\"https:\/\/constellation.uqac.ca\/262\/\"><em> Exploration du sentiment de comp\u00e9tence et d&#8217;autonomie professionnelle des infirmi\u00e8res cliniciennes avant et apr\u00e8s l&#8217;implantation d&#8217;un outil de gestion int\u00e9gr\u00e9e de la sant\u00e9 chez les personnes atteintes de dystrophie myotonique de type I <\/em><\/a>[M\u00e9moire de ma\u00eetrise in\u00e9dit]. Universit\u00e9 du Qu\u00e9bec \u00e0 Chicoutimi.<\/p>\n<p>Baccalaur\u00e9at sciences infirmi\u00e8res &#8211; Universit\u00e9 du Qu\u00e9bec \u00e0 Chicoutimi (2003)<\/p>\n<h2><strong>Distinctions et bourses<br \/>\n<\/strong><\/h2>\n<p>Prix R\u00e9seau1 Qu\u00e9bec de reconnaissance des projets d&#8217;\u00e9rudition des r\u00e9sidents en m\u00e9decine de famille 2015-2016 &#8211; R\u00e9seau1 Qu\u00e9bec et R\u00e9seau de recherche ax\u00e9e sur les pratiques de premi\u00e8re ligne (2015)<\/p>\n<p>Meilleur projet de recherche &#8211; D\u00e9partement de m\u00e9decine de famille et de m\u00e9decine d&#8217;urgence &#8211; Universit\u00e9 de Sherbrooke (2015)<\/p>\n<p>Coup de coeur du public &#8211; D\u00e9partement de m\u00e9decine de famille et de m\u00e9decine d&#8217;urgence &#8211; Universit\u00e9 de Sherbrooke (2015)<\/p>\n<p>Invit\u00e9e d&#8217;honneur pour la c\u00e9r\u00e9monie de fermeture &#8211; Jeux des infirmi\u00e8res et infirmiers du Qu\u00e9bec (2014)<\/p>\n<p>Mention d&#8217;honneur du doyen &#8211; Universit\u00e9 de Sherbrooke (2013)<\/p>\n<p>Best poster Award &#8211; International Dystrophy Myotonic Cosortium (2011)<\/p>\n<p>Prix meilleure affiche \u00e9tudiante &#8211; Colloque : La gestion de la sant\u00e9 et l&#8217;organisation des services en maladies neuromusculaires (2011)<\/p>\n<p>Prix innovation 3M &#8211; Ordre des infirmi\u00e8res et infirmiers r\u00e9gional Saguenay-Lac-Saint-Jean\/Nord du Qu\u00e9bec (2009)<\/p>\n<h2><strong><br \/>\nAffiliations professionnelles<\/strong><\/h2>\n<p>Groupe de recherche interdisciplinaire sur les maladies neuromusculaires (chercheure)<\/p>\n<p>Centre intersectorial en sant\u00e9 durable de l&#8217;UQAC (membre r\u00e9guli\u00e8re)<\/p>\n<p>R\u00e9seau de recherche en interventions en sciences infirmi\u00e8res du Qu\u00e9bec (membre du comit\u00e9 de direction &#8211; repr\u00e9sentante des partenaires universitaires pour l&#8217;UQAC)<\/p>\n<p>Centre de sant\u00e9 et de services sociaux du Saguenay-Lac-Saint-Jean (chercheure)<\/p>\n<h2><strong>Activi\u00e9s et implications<\/strong><\/h2>\n<p>R\u00e9viseur, Quality Advancement in Nursing Education<\/p>\n<p>Membre observatrice &#8211; Groupe Alliance pour l&#8217;avenir des soins infirmiers au Qu\u00e9bec<\/p>\n<p>Membre du\u00a0Groupe de travail pour la d\u00e9termination des classes d&#8217;infirmi\u00e8re clinicienne sp\u00e9cialis\u00e9e, Comit\u00e9 d&#8217;exterts minist\u00e9riel en soins infirmieres<\/p>\n<p>Responsable du projet du doctorat r\u00e9seau en sciences infirmi\u00e8res du R\u00e9seau de l&#8217;Universit\u00e9 du Qu\u00e9bec, Universit\u00e9 du Qu\u00e9bec \u00e0 Chicoutimi<\/p>\n<p>Vice-Pr\u00e9sidente, Comit\u00e9 d&#8217;experts minist\u00e9riel en soins infirmiers<\/p>\n<p>\u00c9valuatrice &#8211; Comit\u00e9 d&#8217;\u00e9valuation des bourses institutionnelles, Universit\u00e9 du Qu\u00e9bec \u00e0 Chicoutimi<\/p>\n<p>Responsable &#8211; Comit\u00e9 de r\u00e9daction de l&#8217;avis &#8211; Comit\u00e9 de la formation infirmi\u00e8re, Ordre des infirmi\u00e8res et infirmiers du Qu\u00e9bec<\/p>\n<p>Secr\u00e9taire, Association canadienne des \u00e9coles de sciences infirmi\u00e8res &#8211; R\u00e9gion du Qu\u00e9bec<\/p>\n<p>Membre &#8211; Comit\u00e9 intercurriculaire des programmes de premier cycle en sciences infirmi\u00e8res, Universit\u00e9 du Qu\u00e9bec \u00e0 Chicoutimi<\/p>\n<p>Responsable &#8211; Comit\u00e9 de la recherche du Module des sciences infirmi\u00e8res, Universit\u00e9 du Qu\u00e9bec \u00e0 Chicoutimi<\/p>\n<p>\u00c9valuatrice &#8211; Comit\u00e9 des bourses, Ordre des infirmi\u00e8res et infirmiers du Qu\u00e9bec<\/p>\n<p>Membre &#8211; Comit\u00e9 de la recherche du D\u00e9partement des sciences de la sant\u00e9, Universit\u00e9 du Qu\u00e9bec \u00e0 Chicoutimi<\/p>\n<p>Membre &#8211; Comit\u00e9 de la recherche du D\u00e9partement des sciences de la sant\u00e9, Universit\u00e9 du Qu\u00e9bec \u00e0 Chicoutimi<\/p>\n<p>Coordonnatrice des programmes conjoints de 2e cycle en sciences infirmi\u00e8res, Universit\u00e9 du Qu\u00e9bec<\/p>\n<p>Membre &#8211; Comit\u00e9 de formation \u00e0 distance Module des sciences infirmi\u00e8res, Universit\u00e9 du Qu\u00e9bec \u00e0 Chicoutimi<\/p>\n<p>Membre &#8211; Comit\u00e9 de programmes Infirmi\u00e8re praticienne sp\u00e9cialis\u00e9e, Universit\u00e9 du Qu\u00e9bec \u00e0 Chicoutimi<\/p>\n<p>Responsaple &#8211; Comit\u00e9 des programmes de maitrise en sciences infirmi\u00e8res, Universit\u00e9 du Qu\u00e9bec \u00e0 Chicoutimi<\/p>\n<p>Directrice des programmes de deuxi\u00e8me cycle en sciences infirmi\u00e8res, Universit\u00e9 du Qu\u00e9bec \u00e0 Chicoutimi<\/p>\n<p>Membre &#8211; Forum de la pratique infirmi\u00e8re avanc\u00e9e, Association canadienne des \u00e9coles de sciences infirmi\u00e8res-R\u00e9gion du Qu\u00e9bec<\/p>\n<p>Membre du conseil d&#8217;administration, Corporation de recherche et d&#8217;action sur les maladies h\u00e9r\u00e9ditaires<\/p>\n<p>Membre &#8211; Groupe de travail r\u00f4le de l&#8217;infirmi\u00e8re en maladies chroniques, Commission infirmi\u00e8re r\u00e9gionale du Saguenay-Lac-Saint-Jean<\/p>\n<p>\u00c9valuatrice d&#8217;examens pratiques, Universit\u00e9 du Qu\u00e9bec \u00e0 Chicoutimi<\/p>\n<p>Membre substitut &#8211; Comit\u00e9 de promotion des professeurs, Universit\u00e9 du Qu\u00e9bec \u00e0 Chicoutimi<\/p>\n","protected":false},"excerpt":{"rendered":"<p>Dipl\u00f4mes Doctorat en sciences cliniques, Cheminement en sciences infirmi\u00e8res &#8211; Universit\u00e9 de Sherbrooke (2020) Lavoie, M. (2020).\u00a0D\u00e9veloppement d\u2019une intervention d\u2019\u00e9ducation th\u00e9rapeutique fond\u00e9e sur la philosophie du pouvoir d\u2019agir pour les personnes avec la dystrophie myotonique de type 1\u00a0[Th\u00e8se de doctorat in\u00e9dite]. Universit\u00e9 de Sherbrooke. Certificat en enseignement clinique &#8211; Association canadienne des \u00e9coles de sciences &hellip; <a href=\"https:\/\/portfolio.uqac.ca\/melissalavoie\/curriculum-vitae\/\" class=\"more-link\">Continuer la lecture de <span class=\"screen-reader-text\">Curriculum vitae<\/span>  <span class=\"meta-nav\">&rarr;<\/span><\/a><\/p>\n","protected":false},"author":147,"featured_media":0,"parent":0,"menu_order":0,"comment_status":"closed","ping_status":"closed","template":"","meta":{"footnotes":""},"tags":[],"_links":{"self":[{"href":"https:\/\/portfolio.uqac.ca\/melissalavoie\/wp-json\/wp\/v2\/pages\/27"}],"collection":[{"href":"https:\/\/portfolio.uqac.ca\/melissalavoie\/wp-json\/wp\/v2\/pages"}],"about":[{"href":"https:\/\/portfolio.uqac.ca\/melissalavoie\/wp-json\/wp\/v2\/types\/page"}],"author":[{"embeddable":true,"href":"https:\/\/portfolio.uqac.ca\/melissalavoie\/wp-json\/wp\/v2\/users\/147"}],"replies":[{"embeddable":true,"href":"https:\/\/portfolio.uqac.ca\/melissalavoie\/wp-json\/wp\/v2\/comments?post=27"}],"version-history":[{"count":15,"href":"https:\/\/portfolio.uqac.ca\/melissalavoie\/wp-json\/wp\/v2\/pages\/27\/revisions"}],"predecessor-version":[{"id":258,"href":"https:\/\/portfolio.uqac.ca\/melissalavoie\/wp-json\/wp\/v2\/pages\/27\/revisions\/258"}],"wp:attachment":[{"href":"https:\/\/portfolio.uqac.ca\/melissalavoie\/wp-json\/wp\/v2\/media?parent=27"}],"wp:term":[{"taxonomy":"post_tag","embeddable":true,"href":"https:\/\/portfolio.uqac.ca\/melissalavoie\/wp-json\/wp\/v2\/tags?post=27"}],"curies":[{"name":"wp","href":"https:\/\/api.w.org\/{rel}","templated":true}]}}