{"id":4,"date":"2019-07-04T09:15:04","date_gmt":"2019-07-04T13:15:04","guid":{"rendered":"http:\/\/portfolio-pre.uqac.ca\/gabarit\/?page_id=4"},"modified":"2022-03-10T08:26:25","modified_gmt":"2022-03-10T13:26:25","slug":"presentatio","status":"publish","type":"page","link":"https:\/\/portfolio.uqac.ca\/melissalavoie\/","title":{"rendered":"Pr\u00e9sentation"},"content":{"rendered":"<p>Professeure au d\u00e9partement des Sciences de la sant\u00e9<br \/>\nModule des Sciences infirmi\u00e8res<\/p>\n<p>Directrice des programmes de deuxi\u00e8me cycle en sciences infirmi\u00e8res<\/p>\n<h2>Champs d&#8217;int\u00e9r\u00eat<\/h2>\n<ul>\n<li>D\u00e9terminants sociaux de la sant\u00e9<\/li>\n<li>Difficult\u00e9s d&#8217;apprentissage<\/li>\n<li>Habitudes de vie et sant\u00e9<\/li>\n<li>Modes d&#8217;apprentissage<\/li>\n<li>Pratiques professionnelles<\/li>\n<li>Pr\u00e9vention en sant\u00e9<\/li>\n<li>Promotion de la sant\u00e9<\/li>\n<\/ul>\n","protected":false},"excerpt":{"rendered":"<p>Professeure au d\u00e9partement des Sciences de la sant\u00e9 Module des Sciences infirmi\u00e8res Directrice des programmes de deuxi\u00e8me cycle en sciences infirmi\u00e8res Champs d&#8217;int\u00e9r\u00eat D\u00e9terminants sociaux de la sant\u00e9 Difficult\u00e9s d&#8217;apprentissage Habitudes de vie et sant\u00e9 Modes d&#8217;apprentissage Pratiques professionnelles Pr\u00e9vention en sant\u00e9 Promotion de la sant\u00e9<\/p>\n","protected":false},"author":147,"featured_media":0,"parent":0,"menu_order":0,"comment_status":"closed","ping_status":"closed","template":"","meta":{"footnotes":""},"tags":[],"_links":{"self":[{"href":"https:\/\/portfolio.uqac.ca\/melissalavoie\/wp-json\/wp\/v2\/pages\/4"}],"collection":[{"href":"https:\/\/portfolio.uqac.ca\/melissalavoie\/wp-json\/wp\/v2\/pages"}],"about":[{"href":"https:\/\/portfolio.uqac.ca\/melissalavoie\/wp-json\/wp\/v2\/types\/page"}],"author":[{"embeddable":true,"href":"https:\/\/portfolio.uqac.ca\/melissalavoie\/wp-json\/wp\/v2\/users\/147"}],"replies":[{"embeddable":true,"href":"https:\/\/portfolio.uqac.ca\/melissalavoie\/wp-json\/wp\/v2\/comments?post=4"}],"version-history":[{"count":14,"href":"https:\/\/portfolio.uqac.ca\/melissalavoie\/wp-json\/wp\/v2\/pages\/4\/revisions"}],"predecessor-version":[{"id":254,"href":"https:\/\/portfolio.uqac.ca\/melissalavoie\/wp-json\/wp\/v2\/pages\/4\/revisions\/254"}],"wp:attachment":[{"href":"https:\/\/portfolio.uqac.ca\/melissalavoie\/wp-json\/wp\/v2\/media?parent=4"}],"wp:term":[{"taxonomy":"post_tag","embeddable":true,"href":"https:\/\/portfolio.uqac.ca\/melissalavoie\/wp-json\/wp\/v2\/tags?post=4"}],"curies":[{"name":"wp","href":"https:\/\/api.w.org\/{rel}","templated":true}]}}