{"id":46,"date":"2019-07-04T09:15:04","date_gmt":"2019-07-04T13:15:04","guid":{"rendered":"http:\/\/portfolio-pre.uqac.ca\/gabarit\/?page_id=46"},"modified":"2022-03-09T15:08:42","modified_gmt":"2022-03-09T20:08:42","slug":"recherche","status":"publish","type":"page","link":"https:\/\/portfolio.uqac.ca\/melissalavoie\/recherche\/","title":{"rendered":"Recherche"},"content":{"rendered":"<p><strong>Consortium r\u00e9gional de recherche en \u00e9ducation (2021-2023)<\/strong><br \/>\nProjet : <em>Premiers Peuples en sant\u00e9 : immersion des apprenants en contexte de simulation de sant\u00e9.<\/em><br \/>\nCo-chercheure<\/p>\n<p><strong>Fonds de d\u00e9veloppement de l\u2019enseignement \u00e0 distance<br \/>\nFODED (2021-2022)<\/strong><br \/>\nProjet :<em> D\u00e9veloppement de comp\u00e9tences avanc\u00e9es dans la mise en place d\u2019interventions \u00e9ducatives en sant\u00e9 chez les \u00e9tudiantes de deuxi\u00e8me cycle en sciences infirmi\u00e8res.<\/em><br \/>\nChercheure principale<\/p>\n<p><strong>Fonds de d\u00e9veloppement de l\u2019enseignement \u00e0 distance<br \/>\nFODED (2021-2021)<\/strong><br \/>\nProjet : R<em>\u00e9f\u00e9rentiels de comp\u00e9tences et portfolio en ligne pour les futures infirmi\u00e8res praticiennes sp\u00e9cialis\u00e9es.<\/em><br \/>\nCo-chercheure<\/p>\n","protected":false},"excerpt":{"rendered":"<p>Consortium r\u00e9gional de recherche en \u00e9ducation (2021-2023) Projet : Premiers Peuples en sant\u00e9 : immersion des apprenants en contexte de simulation de sant\u00e9. Co-chercheure Fonds de d\u00e9veloppement de l\u2019enseignement \u00e0 distance FODED (2021-2022) Projet : D\u00e9veloppement de comp\u00e9tences avanc\u00e9es dans la mise en place d\u2019interventions \u00e9ducatives en sant\u00e9 chez les \u00e9tudiantes de deuxi\u00e8me cycle en &hellip; <a href=\"https:\/\/portfolio.uqac.ca\/melissalavoie\/recherche\/\" class=\"more-link\">Continuer la lecture de <span class=\"screen-reader-text\">Recherche<\/span>  <span class=\"meta-nav\">&rarr;<\/span><\/a><\/p>\n","protected":false},"author":147,"featured_media":0,"parent":0,"menu_order":0,"comment_status":"closed","ping_status":"closed","template":"","meta":{"footnotes":""},"tags":[],"_links":{"self":[{"href":"https:\/\/portfolio.uqac.ca\/melissalavoie\/wp-json\/wp\/v2\/pages\/46"}],"collection":[{"href":"https:\/\/portfolio.uqac.ca\/melissalavoie\/wp-json\/wp\/v2\/pages"}],"about":[{"href":"https:\/\/portfolio.uqac.ca\/melissalavoie\/wp-json\/wp\/v2\/types\/page"}],"author":[{"embeddable":true,"href":"https:\/\/portfolio.uqac.ca\/melissalavoie\/wp-json\/wp\/v2\/users\/147"}],"replies":[{"embeddable":true,"href":"https:\/\/portfolio.uqac.ca\/melissalavoie\/wp-json\/wp\/v2\/comments?post=46"}],"version-history":[{"count":4,"href":"https:\/\/portfolio.uqac.ca\/melissalavoie\/wp-json\/wp\/v2\/pages\/46\/revisions"}],"predecessor-version":[{"id":244,"href":"https:\/\/portfolio.uqac.ca\/melissalavoie\/wp-json\/wp\/v2\/pages\/46\/revisions\/244"}],"wp:attachment":[{"href":"https:\/\/portfolio.uqac.ca\/melissalavoie\/wp-json\/wp\/v2\/media?parent=46"}],"wp:term":[{"taxonomy":"post_tag","embeddable":true,"href":"https:\/\/portfolio.uqac.ca\/melissalavoie\/wp-json\/wp\/v2\/tags?post=46"}],"curies":[{"name":"wp","href":"https:\/\/api.w.org\/{rel}","templated":true}]}}