{"id":125,"date":"2014-11-11T11:11:05","date_gmt":"2014-11-11T16:11:05","guid":{"rendered":"http:\/\/portfolio-pre.uqac.ca\/michelperron\/?page_id=125"},"modified":"2015-03-17T13:43:56","modified_gmt":"2015-03-17T17:43:56","slug":"prix-et-distinctions","status":"publish","type":"page","link":"https:\/\/portfolio.uqac.ca\/michelperron\/prix-et-distinctions\/","title":{"rendered":"Prix et distinctions"},"content":{"rendered":"<table width=\"831\">\n<tbody>\n<tr>\n<td width=\"71\">06\/2013<\/td>\n<td width=\"756\"><strong>Prix G\u00e9rald-Sigouin 2013<\/strong> de l\u2019Association qu\u00e9b\u00e9coise de p\u00e9dagogie coll\u00e9giale (AQPC) pour l\u2019ensemble de la carri\u00e8re de Michel Perron et sa contribution exceptionnelle \u00e0 l\u2019avancement du r\u00e9seau coll\u00e9gial<\/td>\n<\/tr>\n<tr>\n<td width=\"71\">03\/2013<\/td>\n<td width=\"756\"><strong>M\u00e9daille d\u2019honneur Georges-Henri-L\u00e9vesque<\/strong>, Reconnaissance pour la remarquable contribution au d\u00e9veloppement de la sociologie, Direction de la Facult\u00e9 des sciences sociales de l\u2019Universit\u00e9 Laval, Qu\u00e9bec<\/td>\n<\/tr>\n<tr>\n<td width=\"71\">06\/2012<\/td>\n<td width=\"756\"><strong>M\u00e9daille d\u2019or de l\u2019Ordre du m\u00e9rite<\/strong>, Gala des Prix d&#8217;excellence de la F\u00e9d\u00e9ration des commissions scolaires du Qu\u00e9bec (FCSQ), Qu\u00e9bec<\/td>\n<\/tr>\n<tr>\n<td width=\"71\">10\/2011<\/td>\n<td width=\"756\"><strong>Prix Pierre-Paul-Asselin <\/strong>(m\u00e9ritas en \u00e9ducation), M\u00e9rite scientifique r\u00e9gional, Jonqui\u00e8re<\/td>\n<\/tr>\n<tr>\n<td width=\"71\">10\/2011<\/td>\n<td width=\"756\"><strong>Reconnaissance de R\u00e9unir R\u00e9ussir et hommage du premier ministre Jean Charest <\/strong>pour la contribution exceptionnelle de M. Michel Perron \u00e0 la mobilisation sur la pers\u00e9v\u00e9rance scolaire au Qu\u00e9bec, 2<sup>es<\/sup> Rencontres interr\u00e9gionales sur la pers\u00e9v\u00e9rance et la r\u00e9ussite scolaires, Qu\u00e9bec<\/td>\n<\/tr>\n<tr>\n<td width=\"71\">11\/2010<\/td>\n<td width=\"756\"><strong>M\u00e9daille de l\u2019Assembl\u00e9e nationale du Qu\u00e9bec<\/strong>, Jonqui\u00e8re<\/td>\n<\/tr>\n<tr>\n<td width=\"71\">05\/2009<\/td>\n<td width=\"756\"><strong>Dipl\u00f4me d\u2019honneur<\/strong>, Consortium d\u2019animation sur la pers\u00e9v\u00e9rance et la r\u00e9ussite en enseignement sup\u00e9rieur, Ottawa<\/td>\n<\/tr>\n<tr>\n<td width=\"71\">03\/2000<\/td>\n<td width=\"756\"><strong>Prix Plourde-Gaudreault <\/strong>(m\u00e9ritas en sant\u00e9 et services sociaux), M\u00e9rite scientifique r\u00e9gional, Jonqui\u00e8re<\/td>\n<\/tr>\n<tr>\n<td width=\"71\">01\/1995<\/td>\n<td width=\"756\"><strong>Prix reconnaissance de l\u2019ARC<\/strong> \u2013 Prix qu\u00e9b\u00e9cois, contribution au d\u00e9veloppement de la recherche dans les coll\u00e8ges, Association pour la recherche au coll\u00e9gial, Jonqui\u00e8re<\/td>\n<\/tr>\n<tr>\n<td width=\"71\">04\/1991<\/td>\n<td width=\"756\"><strong>Prix \u00ab\u00a0Carte la plus innovatrice\u00a0\u00bb<\/strong>, ATLAS*Mapping Contest, Californie, \u00c9tats-Unis<\/td>\n<\/tr>\n<tr>\n<td width=\"71\">02\/1989<\/td>\n<td width=\"756\"><strong>Prix Laure Gaudreault <\/strong>(m\u00e9ritas en sciences humaines), M\u00e9rite scientifique r\u00e9gional, Jonqui\u00e8re<\/td>\n<\/tr>\n<\/tbody>\n<\/table>\n","protected":false},"excerpt":{"rendered":"<p>06\/2013 Prix G\u00e9rald-Sigouin 2013 de l\u2019Association qu\u00e9b\u00e9coise de p\u00e9dagogie coll\u00e9giale (AQPC) pour l\u2019ensemble de la carri\u00e8re de Michel Perron et sa contribution exceptionnelle \u00e0 l\u2019avancement du r\u00e9seau coll\u00e9gial 03\/2013 M\u00e9daille d\u2019honneur Georges-Henri-L\u00e9vesque, Reconnaissance pour la remarquable contribution au d\u00e9veloppement de la sociologie, Direction de la Facult\u00e9 des sciences sociales de l\u2019Universit\u00e9 Laval, Qu\u00e9bec 06\/2012 M\u00e9daille &hellip; <a href=\"https:\/\/portfolio.uqac.ca\/michelperron\/prix-et-distinctions\/\" class=\"more-link\">Continuer la lecture de <span class=\"screen-reader-text\">Prix et distinctions<\/span>  <span class=\"meta-nav\">&rarr;<\/span><\/a><\/p>\n","protected":false},"author":104,"featured_media":0,"parent":0,"menu_order":0,"comment_status":"closed","ping_status":"open","template":"","meta":{"footnotes":""},"tags":[],"_links":{"self":[{"href":"https:\/\/portfolio.uqac.ca\/michelperron\/wp-json\/wp\/v2\/pages\/125"}],"collection":[{"href":"https:\/\/portfolio.uqac.ca\/michelperron\/wp-json\/wp\/v2\/pages"}],"about":[{"href":"https:\/\/portfolio.uqac.ca\/michelperron\/wp-json\/wp\/v2\/types\/page"}],"author":[{"embeddable":true,"href":"https:\/\/portfolio.uqac.ca\/michelperron\/wp-json\/wp\/v2\/users\/104"}],"replies":[{"embeddable":true,"href":"https:\/\/portfolio.uqac.ca\/michelperron\/wp-json\/wp\/v2\/comments?post=125"}],"version-history":[{"count":3,"href":"https:\/\/portfolio.uqac.ca\/michelperron\/wp-json\/wp\/v2\/pages\/125\/revisions"}],"predecessor-version":[{"id":128,"href":"https:\/\/portfolio.uqac.ca\/michelperron\/wp-json\/wp\/v2\/pages\/125\/revisions\/128"}],"wp:attachment":[{"href":"https:\/\/portfolio.uqac.ca\/michelperron\/wp-json\/wp\/v2\/media?parent=125"}],"wp:term":[{"taxonomy":"post_tag","embeddable":true,"href":"https:\/\/portfolio.uqac.ca\/michelperron\/wp-json\/wp\/v2\/tags?post=125"}],"curies":[{"name":"wp","href":"https:\/\/api.w.org\/{rel}","templated":true}]}}