{"id":18,"date":"2012-07-23T20:05:15","date_gmt":"2012-07-23T20:05:15","guid":{"rendered":"http:\/\/portfolio-pre.uqac.ca\/gabarit\/?page_id=18"},"modified":"2025-09-15T14:23:29","modified_gmt":"2025-09-15T18:23:29","slug":"enseignement","status":"publish","type":"page","link":"https:\/\/portfolio.uqac.ca\/michelperron\/enseignement\/","title":{"rendered":"Exp\u00e9rience professionnelle"},"content":{"rendered":"<p>2008-2015\u00a0\u00a0\u00a0\u00a0 <strong>Professeur <\/strong>D\u00e9partement des sciences humaines, Universit\u00e9 du Qu\u00e9bec \u00e0 Chicoutimi (UQAC)<\/p>\n<p>2008-2015\u00a0\u00a0\u00a0 <strong>Titulaire <\/strong>Chaire UQAC\u2013C\u00e9gep de Jonqui\u00e8re sur les conditions de vie, la sant\u00e9 et les aspirations des jeunes (VISAJ)<\/p>\n<p>2008-&#8230;\u00a0\u00a0\u00a0 <strong>Chercheur <\/strong>Groupe de recherche et d&#8217;intervention r\u00e9gionales (GRIR), UQAC<\/p>\n<p>2004-&#8230;\u00a0\u00a0\u00a0\u00a0 <strong>Chercheur <\/strong>\u00c9COBES Recherche et transfert, C\u00e9gep de Jonqui\u00e8re<\/p>\n<p>2000-2010\u00a0\u00a0\u00a0\u00a0 <strong>Chercheur r\u00e9gulier <\/strong>Groupe de recherche sur l\u2019interdisciplinarit\u00e9 et les repr\u00e9sentations sociales (GEIRSO), Universit\u00e9 du Qu\u00e9bec \u00e0 Montr\u00e9al (UQAM)<\/p>\n<p>2000-2008\u00a0\u00a0\u00a0\u00a0 <strong>Chercheur invit\u00e9 <\/strong>Centre hospitalier de l\u2019Universit\u00e9 de Montr\u00e9al (CHUM)<\/p>\n<p>1982-2003\u00a0\u00a0\u00a0\u00a0 <strong>Cofondateur et directeur <\/strong>Groupe \u00c9COBES, C\u00e9gep de Jonqui\u00e8re<\/p>\n<p>1996-2003\u00a0\u00a0\u00a0\u00a0 <strong>Cofondateur et charg\u00e9 de projet <\/strong>Conseil r\u00e9gional de pr\u00e9vention de l\u2019abandon scolaire (CR\u00c9PAS)<\/p>\n<p>1977-2001\u00a0\u00a0\u00a0\u00a0 <strong>Enseignant en Techniques de travail social <\/strong>C\u00e9gep de Jonqui\u00e8re<\/p>\n<p>1975-1981\u00a0\u00a0\u00a0\u00a0 <strong>Charg\u00e9 de cours <\/strong>D\u00e9partement des sciences humaines, Universit\u00e9 du Qu\u00e9bec \u00e0 Chicoutimi (UQAC)<\/p>\n<p>1975-1977\u00a0\u00a0\u00a0\u00a0 <strong>Consultant en recherche <\/strong>Centres Jeunesse du Saguenay\u2013Lac-Saint-Jean<\/p>\n<p>1973-1975\u00a0\u00a0\u00a0\u00a0 <strong>Agent de recherche <\/strong>Minist\u00e8re des Affaires sociales<\/p>\n<h4>Contributions \u00e0 la formation d&#8217;\u00e9tudiants de cycles sup\u00e9rieurs<\/h4>\n<table width=\"833\">\n<tbody>\n<tr>\n<td width=\"95\"><strong>Nom<\/strong><\/td>\n<td width=\"295\"><strong>Titre du m\u00e9moire<\/strong><\/td>\n<td width=\"115\"><strong>Direction ou codirection<\/strong><\/td>\n<td width=\"130\"><strong>Programme<\/strong><\/td>\n<td width=\"98\"><strong>D\u00e9but<\/strong><\/td>\n<td width=\"95\"><strong>D\u00e9p\u00f4t<\/strong><\/td>\n<\/tr>\n<tr>\n<td width=\"95\">Maya Gu\u00e9non<\/td>\n<td width=\"295\">Projet de soutien aux \u00e9l\u00e8ves raccrocheurs en centre d\u2019\u00e9ducation aux adultes ayant v\u00e9cu une exp\u00e9rience de parentalit\u00e9<\/td>\n<td width=\"115\">Codirection<\/td>\n<td width=\"130\">Ma\u00eetrise en travail social<\/td>\n<td width=\"98\">2010-2011<\/td>\n<td width=\"95\">Automne 2011<\/td>\n<\/tr>\n<tr>\n<td width=\"95\">Jo\u00eblle Duval<\/td>\n<td width=\"295\">Intervention de collaboration men\u00e9e par des enseignants du primaire pour pr\u00e9venir le d\u00e9crochage scolaire d\u2019\u00e9l\u00e8ves pr\u00e9sentant des facteurs de risque familiaux<\/td>\n<td width=\"115\">Codirection<\/td>\n<td width=\"130\">Ma\u00eetrise en \u00e9ducation<\/td>\n<td width=\"98\">2010-2011<\/td>\n<td width=\"95\">\u00c9t\u00e9 2012<\/td>\n<\/tr>\n<tr>\n<td width=\"95\">Jos\u00e9e Thivierge<\/td>\n<td width=\"295\">Fractures num\u00e9riques, d\u00e9veloppement; jeunes et scolarisation<\/td>\n<td width=\"115\">Direction<\/td>\n<td width=\"130\">Doctorat en d\u00e9veloppement r\u00e9gional<\/td>\n<td width=\"98\">2011-2012<\/td>\n<td width=\"95\">Pr\u00e9vu en 2014<\/td>\n<\/tr>\n<\/tbody>\n<\/table>\n<h4><\/h4>\n","protected":false},"excerpt":{"rendered":"<p>2008-2015\u00a0\u00a0\u00a0\u00a0 Professeur D\u00e9partement des sciences humaines, Universit\u00e9 du Qu\u00e9bec \u00e0 Chicoutimi (UQAC) 2008-2015\u00a0\u00a0\u00a0 Titulaire Chaire UQAC\u2013C\u00e9gep de Jonqui\u00e8re sur les conditions de vie, la sant\u00e9 et les aspirations des jeunes (VISAJ) 2008-&#8230;\u00a0\u00a0\u00a0 Chercheur Groupe de recherche et d&#8217;intervention r\u00e9gionales (GRIR), UQAC 2004-&#8230;\u00a0\u00a0\u00a0\u00a0 Chercheur \u00c9COBES Recherche et transfert, C\u00e9gep de Jonqui\u00e8re 2000-2010\u00a0\u00a0\u00a0\u00a0 Chercheur r\u00e9gulier Groupe de &hellip; <a href=\"https:\/\/portfolio.uqac.ca\/michelperron\/enseignement\/\" class=\"more-link\">Continuer la lecture de <span class=\"screen-reader-text\">Exp\u00e9rience professionnelle<\/span>  <span class=\"meta-nav\">&rarr;<\/span><\/a><\/p>\n","protected":false},"author":104,"featured_media":0,"parent":0,"menu_order":0,"comment_status":"closed","ping_status":"closed","template":"","meta":{"footnotes":""},"tags":[],"_links":{"self":[{"href":"https:\/\/portfolio.uqac.ca\/michelperron\/wp-json\/wp\/v2\/pages\/18"}],"collection":[{"href":"https:\/\/portfolio.uqac.ca\/michelperron\/wp-json\/wp\/v2\/pages"}],"about":[{"href":"https:\/\/portfolio.uqac.ca\/michelperron\/wp-json\/wp\/v2\/types\/page"}],"author":[{"embeddable":true,"href":"https:\/\/portfolio.uqac.ca\/michelperron\/wp-json\/wp\/v2\/users\/104"}],"replies":[{"embeddable":true,"href":"https:\/\/portfolio.uqac.ca\/michelperron\/wp-json\/wp\/v2\/comments?post=18"}],"version-history":[{"count":16,"href":"https:\/\/portfolio.uqac.ca\/michelperron\/wp-json\/wp\/v2\/pages\/18\/revisions"}],"predecessor-version":[{"id":163,"href":"https:\/\/portfolio.uqac.ca\/michelperron\/wp-json\/wp\/v2\/pages\/18\/revisions\/163"}],"wp:attachment":[{"href":"https:\/\/portfolio.uqac.ca\/michelperron\/wp-json\/wp\/v2\/media?parent=18"}],"wp:term":[{"taxonomy":"post_tag","embeddable":true,"href":"https:\/\/portfolio.uqac.ca\/michelperron\/wp-json\/wp\/v2\/tags?post=18"}],"curies":[{"name":"wp","href":"https:\/\/api.w.org\/{rel}","templated":true}]}}