{"id":25,"date":"2012-07-24T12:43:40","date_gmt":"2012-07-24T12:43:40","guid":{"rendered":"http:\/\/portfolio-pre.uqac.ca\/gabarit\/?page_id=25"},"modified":"2014-11-11T09:52:06","modified_gmt":"2014-11-11T14:52:06","slug":"communications","status":"publish","type":"page","link":"https:\/\/portfolio.uqac.ca\/michelperron\/communications\/","title":{"rendered":"Communications"},"content":{"rendered":"<ol>\n<li style=\"text-align: justify\">BLACKBURN, M.-\u00c8., ARBOUR, N., AUCLAIR, J. et <strong> PERRON.<\/strong> 2014. <em>Que pensent et que savent les 18-44 ans du Saguenay\u2013Lac-Saint-Jean au sujet de la g\u00e9n\u00e9tique et des maladies h\u00e9r\u00e9ditaires? <\/em>Communication affich\u00e9e dans le cadre du colloque de l\u2019Association pour la recherche au coll\u00e9gial\u00a0: La culture de la recherche au coll\u00e9gial. 82<sup>e<\/sup>Congr\u00e8s de l\u2019ACFAS. Montr\u00e9al, 14 mai.<\/li>\n<li style=\"text-align: justify\">BLACKBURN, M.-\u00c8., VEILLETTE, S., ARBOUR, N., AUCLAIR, J. et <strong> PERRON.<\/strong> 2014<em>. Que pensent et que savent les 18-44 ans du Saguenay-Lac-Saint-Jean au sujet de la g\u00e9n\u00e9tique et des maladies h\u00e9r\u00e9ditaires? <\/em>7<sup>\u00e8mes<\/sup>Assises de g\u00e9n\u00e9tique humaine et m\u00e9dicale. Palais des congr\u00e8s de Bordeaux, Bordeaux (France), 29 au 31 janvier.<\/li>\n<li style=\"text-align: justify\">MALTAIS, D., GAUDREAULT, M.\u00a0M., VEILLETTE, S., BLACKBURN, M.-\u00c8., LABROSSE, J., <strong>PERRON, M.<\/strong> et E.\u00a0POULIOT. 2013. <em>\u00catre jeune et \u00e9tudier dans un centre de formation pour adultes\u00a0: portrait du pass\u00e9 et du pr\u00e9sent. <\/em>Colloque de l\u2019AQIFGA, Laval, 18 avril.<\/li>\n<li style=\"text-align: justify\">HAGHIGHI,\u00a0A.,\u00a0MELKAYE,\u00a0M.,\u00a0BERNARD,\u00a0M., ABRAHAMOWICZ, M., LEONARD, G. T., <strong>PERRON, M<\/strong>., RICHER, L., VEILLETTE, S., DIAS, A., EL-SOHEMY, A., ENY, K., PATERSON, A., GAUDET, D., PAUS, T. et Z. PAUSOVA. 2012. <em>Opioid receptor mu 1 gene, fat intake and obesity: a genome-wide association study<\/em>, Canadian Human and Statistical Genetics Meeting. Niagara-on-the-Lake, 29 avril au 2 mai.<\/li>\n<li style=\"text-align: justify\">LEDOUX, \u00c9., LABERGE, L., THUILIER, C., PRUD&#8217;HOMME, P., GAUDREAULT, M., VEILLETTE, S. et <strong>M. PERRON<\/strong>. 2010. <em>Portrait des conditions d&#8217;emploi et de SST de jeunes \u00e9tudiants de 17-18 ans.\u00a0<\/em>Congr\u00e8s de l&#8217;Association canadienne de recherche en sant\u00e9 au travail\u00a0(CARWH). Toronto, Canada, 28-29 mai.<\/li>\n<li style=\"text-align: justify\">BOUDREAULT-BOUCHARD, A.-M., DION, J., AUCLAIR, J. et <strong>M. PERRON<\/strong>. 2010. <em>\u00c9tude longitudinale de l\u2019impact du style parental sur l\u2019estime de soi et la d\u00e9tresse psychologique des adolescents<\/em>. Congr\u00e8s de l\u2019Association des centres jeunesse du Qu\u00e9bec. Montr\u00e9al, 25, 26 et 27 octobre.<\/li>\n<li style=\"text-align: justify\">BOUDREAULT-BOUCHARD, A.-M., DION, J., AUCLAIR, J. et <strong>M. PERRON<\/strong>. 2010. Impact du style parental sur l\u2019estime de soi et la d\u00e9tresse psychologique d\u2019adolescents de 14 \u00e0 18 ans. Congr\u00e8s de l\u2019Association des psychologues scolaires. Trois-Rivi\u00e8res, 22 octobre.<\/li>\n<li style=\"text-align: justify\">Dion, J., Blackburn, M-\u00c8., Auclair, J., Laberge, L., Veillette, S., Gaudreault, M., Lapierre, R. et <strong>M.\u00a0Perron<\/strong>. 2009. Body image in adolescent boys and girls\u00a0: A 4-year longitudinal study. 9<sup>th <\/sup>World Congress of Biological Psychiatry. Paris, France, juin.<\/li>\n<li style=\"text-align: justify\">Laberge, L., Ledoux, \u00c9., Auclair, J., Thuilier, C., Gaudreault, M., Veillette, S. et <strong>M. Perron<\/strong>. 2009. Facteurs associ\u00e9s \u00e0 la fatigue chez les \u00e9tudiants qui occupent un emploi pendant l\u2019ann\u00e9e scolaire, Colloque\u00a0de l\u2019Association pour la recherche au coll\u00e9gial (ARC), 77<sup>e<\/sup> congr\u00e8s de l\u2019ACFAS. Ottawa, Universit\u00e9 d\u2019Ottawa, 11-15 mai.<\/li>\n<li style=\"text-align: justify\">Laberge, L., <strong>Perron, M<\/strong>., Veillette, S., Gagnon, C. et J. Mathieu. 2005. Relation entre la somnolence diurne, la capacit\u00e9 de travail et la qualit\u00e9 de vie chez les patients atteints de dystrophie myotonique. Soci\u00e9t\u00e9 fran\u00e7aise de la recherche sur le sommeil. Lyon, France, novembre.<\/li>\n<\/ol>\n","protected":false},"excerpt":{"rendered":"<p>BLACKBURN, M.-\u00c8., ARBOUR, N., AUCLAIR, J. et PERRON. 2014. Que pensent et que savent les 18-44 ans du Saguenay\u2013Lac-Saint-Jean au sujet de la g\u00e9n\u00e9tique et des maladies h\u00e9r\u00e9ditaires? Communication affich\u00e9e dans le cadre du colloque de l\u2019Association pour la recherche au coll\u00e9gial\u00a0: La culture de la recherche au coll\u00e9gial. 82eCongr\u00e8s de l\u2019ACFAS. Montr\u00e9al, 14 mai. &hellip; <a href=\"https:\/\/portfolio.uqac.ca\/michelperron\/communications\/\" class=\"more-link\">Continuer la lecture de <span class=\"screen-reader-text\">Communications<\/span>  <span class=\"meta-nav\">&rarr;<\/span><\/a><\/p>\n","protected":false},"author":104,"featured_media":0,"parent":0,"menu_order":0,"comment_status":"closed","ping_status":"closed","template":"","meta":{"footnotes":""},"tags":[],"_links":{"self":[{"href":"https:\/\/portfolio.uqac.ca\/michelperron\/wp-json\/wp\/v2\/pages\/25"}],"collection":[{"href":"https:\/\/portfolio.uqac.ca\/michelperron\/wp-json\/wp\/v2\/pages"}],"about":[{"href":"https:\/\/portfolio.uqac.ca\/michelperron\/wp-json\/wp\/v2\/types\/page"}],"author":[{"embeddable":true,"href":"https:\/\/portfolio.uqac.ca\/michelperron\/wp-json\/wp\/v2\/users\/104"}],"replies":[{"embeddable":true,"href":"https:\/\/portfolio.uqac.ca\/michelperron\/wp-json\/wp\/v2\/comments?post=25"}],"version-history":[{"count":7,"href":"https:\/\/portfolio.uqac.ca\/michelperron\/wp-json\/wp\/v2\/pages\/25\/revisions"}],"predecessor-version":[{"id":103,"href":"https:\/\/portfolio.uqac.ca\/michelperron\/wp-json\/wp\/v2\/pages\/25\/revisions\/103"}],"wp:attachment":[{"href":"https:\/\/portfolio.uqac.ca\/michelperron\/wp-json\/wp\/v2\/media?parent=25"}],"wp:term":[{"taxonomy":"post_tag","embeddable":true,"href":"https:\/\/portfolio.uqac.ca\/michelperron\/wp-json\/wp\/v2\/tags?post=25"}],"curies":[{"name":"wp","href":"https:\/\/api.w.org\/{rel}","templated":true}]}}