{"id":18,"date":"2012-07-23T20:05:15","date_gmt":"2012-07-23T20:05:15","guid":{"rendered":"http:\/\/portfolio-pre.uqac.ca\/gabarit\/?page_id=18"},"modified":"2015-03-17T13:48:20","modified_gmt":"2015-03-17T17:48:20","slug":"enseignement","status":"publish","type":"page","link":"https:\/\/portfolio.uqac.ca\/michelroche\/enseignement\/","title":{"rendered":"Enseignement"},"content":{"rendered":"<h4><strong>Cours enseign\u00e9s\u00a0\u00e0 l\u2019UQAC<\/strong><\/h4>\n<ul>\n<li>L\u2019URSS et la Russie postsovi\u00e9tique<\/li>\n<li>Analyse marxiste<\/li>\n<li>\u00c9conomie politique des relations internationales<\/li>\n<li>Analyses des syst\u00e8mes internationaux<\/li>\n<li>Institutions politiques compar\u00e9es<\/li>\n<li>Projet en science politique (avec voyages en Russie\u00a0de 2006 \u00e0 \u00a02013 inclusivement)<\/li>\n<li>\u00c9volution sociopolitique du Qu\u00e9bec<\/li>\n<li>Fascisme, id\u00e9ologies autoritaires et dictatures<\/li>\n<\/ul>\n<h4><strong>Cours enseign\u00e9s ailleurs<\/strong><\/h4>\n<p><strong>\u00c0 l\u2019Universit\u00e9 du Qu\u00e9bec \u00e0 Montr\u00e9al : 1990-1994<\/strong> et <strong>2001-2005<\/strong><\/p>\n<ul>\n<li>Les fondateurs du socialisme<\/li>\n<li>Th\u00e9ories des relations internationales (avec voyage en Roumanie et en Pologne)<\/li>\n<li>Activit\u00e9 de synth\u00e8se : analyse politique (avec voyage en URSS)<\/li>\n<li>Activit\u00e9s de synth\u00e8se: relations internationales (avec voyage en Russie et en Ukraine)<\/li>\n<li>Syst\u00e8mes politiques \u00e9trangers : l\u2019URSS et ses \u00c9tats successeurs<\/li>\n<li>Initiation \u00e0 la science politique<\/li>\n<li>Syst\u00e8mes politiques \u00e9trangers : l\u2019URSS et ses \u00c9tats successeurs<\/li>\n<li>Marx et ses successeurs<\/li>\n<li>Politique ext\u00e9rieure de la Russie et autres \u00c9tats successeurs de l\u2019URSS<\/li>\n<li>S\u00e9minaire sur la transition dans une perspective compar\u00e9e<\/li>\n<li>Th\u00e9orie \u00e9conomique marxiste<\/li>\n<li>Stage (avec voyage en Russie \u2013 \u00c9t\u00e9s 2001 \u00e0 2005 inclusivement)<\/li>\n<li>Atelier I (niveau ma\u00eetrise, avec voyage en Russie \u2013 \u00c9t\u00e9 2001)<\/li>\n<li>S\u00e9minaire th\u00e9matique sur la transition russe (niveau ma\u00eetrise, avec voyage en Russie \u2013 \u00c9t\u00e9s 2002 \u00e0 2005 inclusivement)<\/li>\n<\/ul>\n<p><strong>\u00c0 l\u2019Universit\u00e9 McGill 1998-2003<\/strong><\/p>\n<ul>\n<li>Transitions from communism<\/li>\n<li>Soviet and Post-Soviet Politics<\/li>\n<\/ul>\n<p><strong>\u00c0 l\u2019Universit\u00e9 d\u2019Ottawa : 2001\u00a0\u00a0\u00a0\u00a0\u00a0 <\/strong><\/p>\n<ul>\n<li>Syst\u00e8mes politiques de la Russie et de l\u2019Europe centrale et orientale<\/li>\n<\/ul>\n","protected":false},"excerpt":{"rendered":"<p>Cours enseign\u00e9s\u00a0\u00e0 l\u2019UQAC L\u2019URSS et la Russie postsovi\u00e9tique Analyse marxiste \u00c9conomie politique des relations internationales Analyses des syst\u00e8mes internationaux Institutions politiques compar\u00e9es Projet en science politique (avec voyages en Russie\u00a0de 2006 \u00e0 \u00a02013 inclusivement) \u00c9volution sociopolitique du Qu\u00e9bec Fascisme, id\u00e9ologies autoritaires et dictatures Cours enseign\u00e9s ailleurs \u00c0 l\u2019Universit\u00e9 du Qu\u00e9bec \u00e0 Montr\u00e9al : 1990-1994 et &hellip; <a href=\"https:\/\/portfolio.uqac.ca\/michelroche\/enseignement\/\" class=\"more-link\">Continuer la lecture de <span class=\"screen-reader-text\">Enseignement<\/span>  <span class=\"meta-nav\">&rarr;<\/span><\/a><\/p>\n","protected":false},"author":37,"featured_media":0,"parent":0,"menu_order":0,"comment_status":"closed","ping_status":"closed","template":"","meta":{"footnotes":""},"tags":[],"_links":{"self":[{"href":"https:\/\/portfolio.uqac.ca\/michelroche\/wp-json\/wp\/v2\/pages\/18"}],"collection":[{"href":"https:\/\/portfolio.uqac.ca\/michelroche\/wp-json\/wp\/v2\/pages"}],"about":[{"href":"https:\/\/portfolio.uqac.ca\/michelroche\/wp-json\/wp\/v2\/types\/page"}],"author":[{"embeddable":true,"href":"https:\/\/portfolio.uqac.ca\/michelroche\/wp-json\/wp\/v2\/users\/37"}],"replies":[{"embeddable":true,"href":"https:\/\/portfolio.uqac.ca\/michelroche\/wp-json\/wp\/v2\/comments?post=18"}],"version-history":[{"count":7,"href":"https:\/\/portfolio.uqac.ca\/michelroche\/wp-json\/wp\/v2\/pages\/18\/revisions"}],"predecessor-version":[{"id":114,"href":"https:\/\/portfolio.uqac.ca\/michelroche\/wp-json\/wp\/v2\/pages\/18\/revisions\/114"}],"wp:attachment":[{"href":"https:\/\/portfolio.uqac.ca\/michelroche\/wp-json\/wp\/v2\/media?parent=18"}],"wp:term":[{"taxonomy":"post_tag","embeddable":true,"href":"https:\/\/portfolio.uqac.ca\/michelroche\/wp-json\/wp\/v2\/tags?post=18"}],"curies":[{"name":"wp","href":"https:\/\/api.w.org\/{rel}","templated":true}]}}