{"id":46,"date":"2012-07-24T14:17:13","date_gmt":"2012-07-24T14:17:13","guid":{"rendered":"http:\/\/portfolio-pre.uqac.ca\/gabarit\/?page_id=46"},"modified":"2014-10-09T10:31:54","modified_gmt":"2014-10-09T14:31:54","slug":"recherche","status":"publish","type":"page","link":"https:\/\/portfolio.uqac.ca\/millarautio\/recherche\/","title":{"rendered":"Th\u00e8mes de recherche"},"content":{"rendered":"<ul>\n<li>Contr\u00f4le r\u00e9gional et global de la structure des communaut\u00e9s zooplanctoniques;<\/li>\n<\/ul>\n<ul>\n<li>R\u00e9ponses du zooplancton face aux radiations UV;<\/li>\n<\/ul>\n<ul>\n<li>Changements dans les \u00e9cosyst\u00e8mes aquatiques durant les 200 derni\u00e8res ann\u00e9es;<\/li>\n<\/ul>\n<ul>\n<li>Distribution et assimilation de carbone dans les r\u00e9seaux trophiques des lacs nordiques bor\u00e9aux.<\/li>\n<\/ul>\n","protected":false},"excerpt":{"rendered":"<p>Contr\u00f4le r\u00e9gional et global de la structure des communaut\u00e9s zooplanctoniques; R\u00e9ponses du zooplancton face aux radiations UV; Changements dans les \u00e9cosyst\u00e8mes aquatiques durant les 200 derni\u00e8res ann\u00e9es; Distribution et assimilation de carbone dans les r\u00e9seaux trophiques des lacs nordiques bor\u00e9aux.<\/p>\n","protected":false},"author":59,"featured_media":0,"parent":0,"menu_order":0,"comment_status":"closed","ping_status":"closed","template":"","meta":{"footnotes":""},"tags":[],"_links":{"self":[{"href":"https:\/\/portfolio.uqac.ca\/millarautio\/wp-json\/wp\/v2\/pages\/46"}],"collection":[{"href":"https:\/\/portfolio.uqac.ca\/millarautio\/wp-json\/wp\/v2\/pages"}],"about":[{"href":"https:\/\/portfolio.uqac.ca\/millarautio\/wp-json\/wp\/v2\/types\/page"}],"author":[{"embeddable":true,"href":"https:\/\/portfolio.uqac.ca\/millarautio\/wp-json\/wp\/v2\/users\/59"}],"replies":[{"embeddable":true,"href":"https:\/\/portfolio.uqac.ca\/millarautio\/wp-json\/wp\/v2\/comments?post=46"}],"version-history":[{"count":3,"href":"https:\/\/portfolio.uqac.ca\/millarautio\/wp-json\/wp\/v2\/pages\/46\/revisions"}],"predecessor-version":[{"id":93,"href":"https:\/\/portfolio.uqac.ca\/millarautio\/wp-json\/wp\/v2\/pages\/46\/revisions\/93"}],"wp:attachment":[{"href":"https:\/\/portfolio.uqac.ca\/millarautio\/wp-json\/wp\/v2\/media?parent=46"}],"wp:term":[{"taxonomy":"post_tag","embeddable":true,"href":"https:\/\/portfolio.uqac.ca\/millarautio\/wp-json\/wp\/v2\/tags?post=46"}],"curies":[{"name":"wp","href":"https:\/\/api.w.org\/{rel}","templated":true}]}}