{"id":18,"date":"2012-07-23T20:05:15","date_gmt":"2012-07-23T20:05:15","guid":{"rendered":"http:\/\/portfolio-pre.uqac.ca\/gabarit\/?page_id=18"},"modified":"2022-03-28T08:30:53","modified_gmt":"2022-03-28T12:30:53","slug":"enseignement","status":"publish","type":"page","link":"https:\/\/portfolio.uqac.ca\/mohamedbouazara\/enseignement\/","title":{"rendered":"Enseignement"},"content":{"rendered":"<p>Cours anciennement dirig\u00e9s :<\/p>\n<ul>\n<li><strong>6DDG100<\/strong> Sciences graphiques;<\/li>\n<li><strong>6GMC765<\/strong> Laboratoire de syst\u00e8mes m\u00e9caniques;<\/li>\n<li><strong>6GMC615<\/strong> \u00c9l\u00e9ments de machines;<\/li>\n<li><strong>6GMC510<\/strong> Vibration et acoustique;<\/li>\n<li><strong>6DIG978<\/strong> Vibration m\u00e9canique avanc\u00e9e;<\/li>\n<li><strong>6GIN333<\/strong> Projets de conception en ing\u00e9nierie;<\/li>\n<li><strong>6GIN555<\/strong> Projets de synth\u00e8se en ing\u00e9nierie;<\/li>\n<li><strong>6GMC425<\/strong> M\u00e9canique des solides.<\/li>\n<\/ul>\n","protected":false},"excerpt":{"rendered":"<p>Cours anciennement dirig\u00e9s : 6DDG100 Sciences graphiques; 6GMC765 Laboratoire de syst\u00e8mes m\u00e9caniques; 6GMC615 \u00c9l\u00e9ments de machines; 6GMC510 Vibration et acoustique; 6DIG978 Vibration m\u00e9canique avanc\u00e9e; 6GIN333 Projets de conception en ing\u00e9nierie; 6GIN555 Projets de synth\u00e8se en ing\u00e9nierie; 6GMC425 M\u00e9canique des solides.<\/p>\n","protected":false},"author":87,"featured_media":0,"parent":0,"menu_order":0,"comment_status":"closed","ping_status":"closed","template":"","meta":{"footnotes":""},"tags":[],"_links":{"self":[{"href":"https:\/\/portfolio.uqac.ca\/mohamedbouazara\/wp-json\/wp\/v2\/pages\/18"}],"collection":[{"href":"https:\/\/portfolio.uqac.ca\/mohamedbouazara\/wp-json\/wp\/v2\/pages"}],"about":[{"href":"https:\/\/portfolio.uqac.ca\/mohamedbouazara\/wp-json\/wp\/v2\/types\/page"}],"author":[{"embeddable":true,"href":"https:\/\/portfolio.uqac.ca\/mohamedbouazara\/wp-json\/wp\/v2\/users\/87"}],"replies":[{"embeddable":true,"href":"https:\/\/portfolio.uqac.ca\/mohamedbouazara\/wp-json\/wp\/v2\/comments?post=18"}],"version-history":[{"count":6,"href":"https:\/\/portfolio.uqac.ca\/mohamedbouazara\/wp-json\/wp\/v2\/pages\/18\/revisions"}],"predecessor-version":[{"id":119,"href":"https:\/\/portfolio.uqac.ca\/mohamedbouazara\/wp-json\/wp\/v2\/pages\/18\/revisions\/119"}],"wp:attachment":[{"href":"https:\/\/portfolio.uqac.ca\/mohamedbouazara\/wp-json\/wp\/v2\/media?parent=18"}],"wp:term":[{"taxonomy":"post_tag","embeddable":true,"href":"https:\/\/portfolio.uqac.ca\/mohamedbouazara\/wp-json\/wp\/v2\/tags?post=18"}],"curies":[{"name":"wp","href":"https:\/\/api.w.org\/{rel}","templated":true}]}}