{"id":18,"date":"2019-03-26T13:51:04","date_gmt":"2019-03-26T17:51:04","guid":{"rendered":"http:\/\/portfolio-pre.uqac.ca\/gabarit\/?page_id=18"},"modified":"2019-04-01T09:54:05","modified_gmt":"2019-04-01T13:54:05","slug":"enseignement","status":"publish","type":"page","link":"https:\/\/portfolio.uqac.ca\/mohandouhrouche\/enseignement\/","title":{"rendered":"Activit\u00e9s d&#8217;enseignement"},"content":{"rendered":"<h2>Activit\u00e9s d&#8217;enseignement<\/h2>\n<p><a href=\"https:\/\/portfolio.uqac.ca\/mohandouhrouche\/files\/2019\/03\/Picture1.png\"><img loading=\"lazy\" decoding=\"async\" class=\"alignnone size-medium wp-image-219\" src=\"https:\/\/portfolio.uqac.ca\/mohandouhrouche\/files\/2019\/03\/Picture1-300x172.png\" alt=\"\" width=\"300\" height=\"172\" srcset=\"https:\/\/portfolio.uqac.ca\/mohandouhrouche\/files\/2019\/03\/Picture1-300x172.png 300w, https:\/\/portfolio.uqac.ca\/mohandouhrouche\/files\/2019\/03\/Picture1-768x441.png 768w, https:\/\/portfolio.uqac.ca\/mohandouhrouche\/files\/2019\/03\/Picture1-1024x588.png 1024w, https:\/\/portfolio.uqac.ca\/mohandouhrouche\/files\/2019\/03\/Picture1.png 1446w\" sizes=\"(max-width: 300px) 100vw, 300px\" \/><\/a><\/p>\n<p><strong>Enseignement au 1er cycle &#8211; Baccalaur\u00e9at en ing\u00e9nierie<\/strong><\/p>\n<ul>\n<li><a href=\"https:\/\/cours.uqac.ca\/6GEI218\">6GEI218 &#8211; Circuits \u00e9lectriques<\/a><\/li>\n<li><a href=\"https:\/\/cours.uqac.ca\/6GEI361\">6GEI361 &#8211; Machines \u00e9lectriques et entra\u00eenements<\/a><\/li>\n<li><a href=\"https:\/\/cours.uqac.ca\/6GEI402\">6GEI402 &#8211; \u00c9lectronique de puissance<\/a><\/li>\n<\/ul>\n<p><strong>2e et 3e cycles &#8211; Ma\u00eetrise et Doctorat en ing\u00e9nierie<\/strong><\/p>\n<ul>\n<li><a href=\"https:\/\/cours.uqac.ca\/6MIG810\">6MIG810 &#8211; Commande de machines \u00e9lectriques<\/a><\/li>\n<li><a href=\"https:\/\/cours.uqac.ca\/6MIG877\">6MIG877 &#8211; \u00c9lectronique industrielle<\/a><\/li>\n<\/ul>\n","protected":false},"excerpt":{"rendered":"<p>Activit\u00e9s d&#8217;enseignement Enseignement au 1er cycle &#8211; Baccalaur\u00e9at en ing\u00e9nierie 6GEI218 &#8211; Circuits \u00e9lectriques 6GEI361 &#8211; Machines \u00e9lectriques et entra\u00eenements 6GEI402 &#8211; \u00c9lectronique de puissance 2e et 3e cycles &#8211; Ma\u00eetrise et Doctorat en ing\u00e9nierie 6MIG810 &#8211; Commande de machines \u00e9lectriques 6MIG877 &#8211; \u00c9lectronique industrielle<\/p>\n","protected":false},"author":89,"featured_media":0,"parent":0,"menu_order":0,"comment_status":"closed","ping_status":"closed","template":"","meta":{"footnotes":""},"tags":[],"_links":{"self":[{"href":"https:\/\/portfolio.uqac.ca\/mohandouhrouche\/wp-json\/wp\/v2\/pages\/18"}],"collection":[{"href":"https:\/\/portfolio.uqac.ca\/mohandouhrouche\/wp-json\/wp\/v2\/pages"}],"about":[{"href":"https:\/\/portfolio.uqac.ca\/mohandouhrouche\/wp-json\/wp\/v2\/types\/page"}],"author":[{"embeddable":true,"href":"https:\/\/portfolio.uqac.ca\/mohandouhrouche\/wp-json\/wp\/v2\/users\/89"}],"replies":[{"embeddable":true,"href":"https:\/\/portfolio.uqac.ca\/mohandouhrouche\/wp-json\/wp\/v2\/comments?post=18"}],"version-history":[{"count":11,"href":"https:\/\/portfolio.uqac.ca\/mohandouhrouche\/wp-json\/wp\/v2\/pages\/18\/revisions"}],"predecessor-version":[{"id":241,"href":"https:\/\/portfolio.uqac.ca\/mohandouhrouche\/wp-json\/wp\/v2\/pages\/18\/revisions\/241"}],"wp:attachment":[{"href":"https:\/\/portfolio.uqac.ca\/mohandouhrouche\/wp-json\/wp\/v2\/media?parent=18"}],"wp:term":[{"taxonomy":"post_tag","embeddable":true,"href":"https:\/\/portfolio.uqac.ca\/mohandouhrouche\/wp-json\/wp\/v2\/tags?post=18"}],"curies":[{"name":"wp","href":"https:\/\/api.w.org\/{rel}","templated":true}]}}