{"id":192,"date":"2019-03-27T11:21:02","date_gmt":"2019-03-27T15:21:02","guid":{"rendered":"http:\/\/portfolio-pre.uqac.ca\/mohandouhrouche\/?page_id=192"},"modified":"2025-08-14T14:38:39","modified_gmt":"2025-08-14T18:38:39","slug":"publications","status":"publish","type":"page","link":"https:\/\/portfolio.uqac.ca\/mohandouhrouche\/publications\/","title":{"rendered":"Publications"},"content":{"rendered":"<h2>Publications disponibles dans Constellation<\/h2>\n<h2>Brevet<\/h2>\n<p>Aubert, R., Truchon, M., Sinusas, E., Boussetoua, M., Ouhrouche, M., Fortin, G., Mercier, C., and Perron, J. (2013) \u00abElectrical Generator for Rotating Structure\u00bb. Brevet US 9, 725, 179 B2, August 8, 2017.<\/p>\n<h2>Livre<\/h2>\n<p>M. Ouhrouche, &#8220;\u00c9lectronique de puissance: Convertisseurs, commande et applications industrielles&#8221;, Les \u00e9ditions JFD inc., 2025.<\/p>\n<p><a href=\"https:\/\/portfolio.uqac.ca\/mohandouhrouche\/files\/2025\/08\/CoverPage_PE_2025-scaled.jpg\"><img loading=\"lazy\" decoding=\"async\" class=\"alignnone size-medium wp-image-302\" src=\"https:\/\/portfolio.uqac.ca\/mohandouhrouche\/files\/2025\/08\/CoverPage_PE_2025-300x189.jpg\" alt=\"\" width=\"300\" height=\"189\" srcset=\"https:\/\/portfolio.uqac.ca\/mohandouhrouche\/files\/2025\/08\/CoverPage_PE_2025-300x189.jpg 300w, https:\/\/portfolio.uqac.ca\/mohandouhrouche\/files\/2025\/08\/CoverPage_PE_2025-1024x646.jpg 1024w, https:\/\/portfolio.uqac.ca\/mohandouhrouche\/files\/2025\/08\/CoverPage_PE_2025-768x484.jpg 768w, https:\/\/portfolio.uqac.ca\/mohandouhrouche\/files\/2025\/08\/CoverPage_PE_2025-1536x968.jpg 1536w, https:\/\/portfolio.uqac.ca\/mohandouhrouche\/files\/2025\/08\/CoverPage_PE_2025-2048x1291.jpg 2048w\" sizes=\"(max-width: 300px) 100vw, 300px\" \/><\/a><\/p>\n<p>M. Ouhrouche, &#8220;Circuits \u00e9lectriques: M\u00e9thodes d&#8217;analyse et applications&#8221;, Presses internationales Polytechnique, 2e \u00e9dition, 2021.<\/p>\n<p><a href=\"https:\/\/portfolio.uqac.ca\/mohandouhrouche\/files\/2019\/03\/MonLivre.jpg\"><img loading=\"lazy\" decoding=\"async\" class=\"alignnone size-medium wp-image-270\" src=\"https:\/\/portfolio.uqac.ca\/mohandouhrouche\/files\/2019\/03\/MonLivre-300x201.jpg\" alt=\"\" width=\"300\" height=\"201\" srcset=\"https:\/\/portfolio.uqac.ca\/mohandouhrouche\/files\/2019\/03\/MonLivre-300x201.jpg 300w, https:\/\/portfolio.uqac.ca\/mohandouhrouche\/files\/2019\/03\/MonLivre-768x514.jpg 768w, https:\/\/portfolio.uqac.ca\/mohandouhrouche\/files\/2019\/03\/MonLivre-1024x686.jpg 1024w\" sizes=\"(max-width: 300px) 100vw, 300px\" \/><\/a><\/p>\n<h2>Chapitre de livre<\/h2>\n<p>J.S. Thongam and M. Ouhrouche, \u201cMPPT Control Methods in Wind Energy Conversion Systems\u201d, In Wind Turbine, Intech 2011, ISBN : 978-953-308-91-2<\/p>\n<h2>Publications les plus r\u00e9centes dans des journaux<\/h2>\n<p>A. Ayang, R. Wamkeue, M. Ouhrouche, N. Djongyang, N. Salom\u00e9, J. Pombe and G. Ekemb \u201cMaximum Likelihood Parameters of Single-Diode Model of Photovoltaic Generator\u201d, Renewable Energy , Vol. 130, January 2019, pp. 111-121.<\/p>\n<p>M. Ouhrouche, R. Errouissi, Andrzej M. Trzynadlowski, K. Tehrani and A. Benzaioua \u201cA Novel Predictive Direct Torque Controller for Induction Motor Drives\u201d, IEEE Transactions on Industrial Electronics , Vol. 63, No. 8, August 2016, pp. 5221-5230.<\/p>\n<p>P. Tchakoua, R. Wamkeue, M. Ouhrouche, T.A. Tameghe and G. Ekemb \u201cA New Approach for Modeling Darrieus-Type Vertical Axis Wind Turbine Rotors Using Equivalent Circuit Analogy: Basis of Theoretical Formulations and Model Development\u201d, Energies (Open access), Vol. 8,2015, pp. 10684-10717, doi: 10.3390\/en81010684.<\/p>\n<p>K. Ouari, T. Rekioua and M. Ouhrouche \u201cReal-Time Simulation of a Nonlinear Generalized Predictive Controller for Wind Energy Conversion System with Nonlinear Observer\u201d, ISA Transactions, Elsevier, Vol. 53, No. 1, 2014, pp. 76-84.<\/p>\n<p>P.Tchakoua, R. Wamkeue, M. Ouhrouche, F.S. Hasnaoui, T.A. Tameghe and G. Ekemb \u201cWind Turbine Condition Monitoring: State-of-the-Art Review, New Trends, and Future Challenges\u201d, Energies (Open access), Vol. 7,2014, pp. 2595-2630, doi: 10.3390\/en7042595.<\/p>\n<p>K. Ouari, M. Ouhrouche, T. Rekioua and T. Nabil \u201cNonlinear Predictive Control of Wind Energy Conversion System Using DFIG with Aerodynamic Torque Observer\u201d, Journal of Electrical Engineering, Vol. 65, No. 6, 2014, pp. 333-241.<\/p>\n<p>R. Errouissi, M. Ouhrouche, Wen-Hua Chen and Andrzej M. Trzynadlowski, \u201cRobust Nonlinear Predictive Controller for a PMSM with Optimized Cost Function\u201d, IEEE Transactions on Industrial Electronics , Vol. 59, No. 7, July 2012, pp. 2849-2858.<\/p>\n<p>R. Errouissi, M. Ouhrouche, Wen-Hua Chen and Andrzej M. Trzynadlowski, \u201cRobust Cascaded Nonlinear Predictive Control of a PMSM with an Anti-windup Compensator\u201d, IEEE Transactions on Industrial Electronics , Vol. 59, No. 8, August 2012, pp. 3078-3088.<\/p>\n<p>R. Errouissi and M. Ouhrouche, \u201cNonlinear Predictive Controller for a Permanent Magnet Synchronous Motor Drive\u201d, Journal of Mathematics and Computers in Simulation, Elsevier, DOI: 10.1016\/j.matcom.2010.08.007.<\/p>\n<p>S. Belkhir, H. Moulai, F. Souker and M. Ouhrouche, \u201cElectric Field Assessment for Application to Live Working\u201d, International Journal of Power and Energy Systems, Vol. 30, No. 3, 2010, pp. 192-198.<\/p>\n<h2>Publications les plus r\u00e9centes dans des actes de conf\u00e9rence<\/h2>\n<p>T. Tameghe, R. Wamkeue, I. Kamwa, M. Ouhrouche, and N. Nahi, \u201cOnline Grid Support Inverter Parameters Identification Using Extended Kalman Filters \u201d, In the proceedings of IECON 2018 \u2013 the 44rd Annual conference of the IEEE-IES, October 21-23, 2018, Washington DC, USA.<\/p>\n<p>T. Tameghe, R. Wamkeue, I. Kamwa, G. Joos, and M. Ouhrouche, \u201cAn enhanced current control scheme for microgrids supporting inverters applications \u201d, In the proceedings of IECON 2017 \u2013 the 43rd Annual conference of the IEEE-IES, pp. 6375 \u2013 6379, October 29 \u2013 November 1 2017, Beijing, China.<\/p>\n<p>P. Tchakoua, M. Ouhrouche, G. Ekemb, R. Wamkeue, and E. Benini, \u201c An electric circuit model for Darrieus-type vertical axis wind turbine rotors: The Tchakoua model \u201d, In the proceeding of the 2016 \u2013 4th International Renewable and Sustainable Energy Conference, pp. 389-396, Nov. 14 \u2013 17, 2016, Marrakech, Morocco.<\/p>\n<p>P. Tchakoua, M. Ouhrouche, T. Tamghe, G. Ekemb, R. Wamkeue, and F. Slaoui-Hasnaoui, \u201c Basis of theoretical formulations for new approach for modelling Darrieus-type vertical axis wind turbine rotors using electrical equivalent circuit analogy\u201d, In the proceeding of the 2015 \u2013 3rd International Renewable and Sustainable Energy Conference, pp. 274-280, Dec 10-13, 2015, Marrakech, Morocco.<\/p>\n<p>P. Tchakoua, M. Ouhrouche, T. Tamghe, G. Ekemb, R. Wamkeue, and F. Slaoui-Hasnaoui, \u201c Development of equivalent electric circuit model for Darrieus-type vertical axis wind turbine rotor using mechanic \u2013 electric analogy approach \u201d, In the proceeding of the 2015 \u2013 3rd International Renewable and Sustainable Energy Conference, pp. 266-273, Dec 10-13, 2015, Marrakech, Morocco.<\/p>\n<p>D. Kairous, R. Wamkeue, and M. Ouhrouche, \u201cSecond order sliding-mode for direct power control of DFIG under distorted grid \u201d, In the proceedings of the 2015-International Conference on Smart Energy Grid Engineering, pp. 1-6, Aug 17-19, 2015, Oshawa, Ontario, Canada<\/p>\n<p>A. Abrous, R. Wamkeue and M. Ouhrouche,\u201cModeling and Simulation of a Wind Model Using a Spectral Representation Method \u00bb, Proceedings of the IEEE 15th ICEEE, June 2015, Rome, Italy.<\/p>\n<p>M. Boussetoua, J. Perron and M. Ouhrouche, \u201cContribution to the Study and Design of an Electro-Thermal De-Icing \/ Anti-Icing System Applied to Rotorcraft \u00bb, Proceedings of AHS Conference, May 2014, Montreal, Quebec, Canada.<\/p>\n<p>D. Kairous, J.J. Beaudoin, R. Wamkeue, and M. Ouhrouche, \u201cSliding mode control for voltage source converter applied to wind energy systems\u201d, Proceedings of 2014 International Conference on Renewable Energy Research and Application, pp. 289-294, October 2014, Milwaukee, WI, USA.<\/p>\n<p>R. Errouissi, M. Ouhrouche and W. Chen \u201cRobust Nonlinear Predictive Control of a PMSM \u00bb, IEEE- Industrial Electronics Conference (IECON\u20192012), SS: Predictive Control of Power Converters, October 25-28, Montreal, Quebec, Canada.<\/p>\n<p>A. Benzaioua and M. Ouhrouche, \u201cRapid Prototyping of a Predictive Direct Torque Controller for an Induction Motor\u201d, Proceedings of the International Conference on Modeling and Simulation of Electric Machines, Converters and Systems (ELECTRIMAC\u201911), June 6-8, Cergy-Pontoise, Paris, France.<\/p>\n<p>R. Errouissi, M. Ouhrouche and W. Chen, \u201cRobust Generalized Predictive Control of a PMSM with Anti-Windup Compensator \u00bb, To appear in the Proceedings of IEEE International Symposium on Industrial Electronics \u2013 ISIE\u20192010. SS: Predictive Control of Power Converters, July 4-7, Bari, Italy.<\/p>\n<p>R. Errouissi and M. Ouhrouche, \u201cRobust Nonlinear Predictive Controller for Multivariable Nonlinear Systems with Different Relative Degree \u00bb, To appear in the Proceedings of IEEE \/ ASME International Conference on Advanced Intelligent Mechatronics \u2013 AIM\u20192010, July 6-9, Montreal, Canada.<\/p>\n<p>R. Errouissi and M. Ouhrouche, \u201cRobust Continuous Generalized Predictive Control of a PMSM Drive \u00bb, Proceedings of the IEEE Electric Power and Energy Conference EPEC\u20192009, October 22-23, Montreal, Quebec, Canada (Awarded the best paper of the conf\u00e9rence).<\/p>\n<h2>Rapports techniques \u2013 Activit\u00e9s de R&amp;D pour l\u2019industrie<\/h2>\n<p>M. Boussetoua, M. Ouhrouche and J. Perron, \u201c10 kW Mast-Mounted Transverse Flux PM Generator for Main Rotor De-Icing\u201d, AMIL Report 2011-MB-01, October 2011, 25 pages.<\/p>\n<p>M. Boussetoua, M. Ouhrouche and J. Perron, \u201cConcept Demonstration of a Transversal Magnetic Flux Generator\u201d, AMIL Report 2008-MB-01, October 2008, 19 pages.<\/p>\n<p>M. Boussetoua, M. Ouhrouche and J. Perron, \u201cLiterature Revue: Mast-Mounted Generator\u201d, AMIL Report 2007-MB-01, April 2007, 13 pages.<\/p>\n","protected":false},"excerpt":{"rendered":"<p>Publications disponibles dans Constellation Brevet Aubert, R., Truchon, M., Sinusas, E., Boussetoua, M., Ouhrouche, M., Fortin, G., Mercier, C., and Perron, J. (2013) \u00abElectrical Generator for Rotating Structure\u00bb. Brevet US 9, 725, 179 B2, August 8, 2017. Livre M. Ouhrouche, &#8220;\u00c9lectronique de puissance: Convertisseurs, commande et applications industrielles&#8221;, Les \u00e9ditions JFD inc., 2025. M. Ouhrouche, &hellip; <a href=\"https:\/\/portfolio.uqac.ca\/mohandouhrouche\/publications\/\" class=\"more-link\">Continuer la lecture de <span class=\"screen-reader-text\">Publications<\/span>  <span class=\"meta-nav\">&rarr;<\/span><\/a><\/p>\n","protected":false},"author":242,"featured_media":302,"parent":0,"menu_order":0,"comment_status":"closed","ping_status":"closed","template":"","meta":{"footnotes":""},"tags":[],"_links":{"self":[{"href":"https:\/\/portfolio.uqac.ca\/mohandouhrouche\/wp-json\/wp\/v2\/pages\/192"}],"collection":[{"href":"https:\/\/portfolio.uqac.ca\/mohandouhrouche\/wp-json\/wp\/v2\/pages"}],"about":[{"href":"https:\/\/portfolio.uqac.ca\/mohandouhrouche\/wp-json\/wp\/v2\/types\/page"}],"author":[{"embeddable":true,"href":"https:\/\/portfolio.uqac.ca\/mohandouhrouche\/wp-json\/wp\/v2\/users\/242"}],"replies":[{"embeddable":true,"href":"https:\/\/portfolio.uqac.ca\/mohandouhrouche\/wp-json\/wp\/v2\/comments?post=192"}],"version-history":[{"count":14,"href":"https:\/\/portfolio.uqac.ca\/mohandouhrouche\/wp-json\/wp\/v2\/pages\/192\/revisions"}],"predecessor-version":[{"id":305,"href":"https:\/\/portfolio.uqac.ca\/mohandouhrouche\/wp-json\/wp\/v2\/pages\/192\/revisions\/305"}],"wp:featuredmedia":[{"embeddable":true,"href":"https:\/\/portfolio.uqac.ca\/mohandouhrouche\/wp-json\/wp\/v2\/media\/302"}],"wp:attachment":[{"href":"https:\/\/portfolio.uqac.ca\/mohandouhrouche\/wp-json\/wp\/v2\/media?parent=192"}],"wp:term":[{"taxonomy":"post_tag","embeddable":true,"href":"https:\/\/portfolio.uqac.ca\/mohandouhrouche\/wp-json\/wp\/v2\/tags?post=192"}],"curies":[{"name":"wp","href":"https:\/\/api.w.org\/{rel}","templated":true}]}}