{"id":207,"date":"2019-03-28T15:55:58","date_gmt":"2019-03-28T19:55:58","guid":{"rendered":"http:\/\/portfolio-pre.uqac.ca\/mohandouhrouche\/?page_id=207"},"modified":"2025-08-14T14:47:54","modified_gmt":"2025-08-14T18:47:54","slug":"diplomes","status":"publish","type":"page","link":"https:\/\/portfolio.uqac.ca\/mohandouhrouche\/diplomes\/","title":{"rendered":"Formation du PHQ : Dipl\u00f4m\u00e9s"},"content":{"rendered":"<h2><span style=\"color: #800000\">\u00c9tudiants dipl\u00f4m\u00e9s (M.Sc &amp; Ph.D.)<\/span><\/h2>\n<p>&nbsp;<\/p>\n<ul>\n<li><span style=\"color: #000080\"><strong>Dre. Nejmah Seifaddini<\/strong><strong>, Doctorat en ing\u00e9nierie (2025)<\/strong><\/span><\/li>\n<\/ul>\n<p style=\"padding-left: 40px\"><u>Sujet de recherche<\/u>:\u00a0Development of an Optical Sensor for Power Transformers Monitoring<\/p>\n<p style=\"padding-left: 40px\">Direction: Pr. Issouf Fofana, Pr. Mohand Ouhrouche, et Dr. Abdellah Chehri.<\/p>\n<ul>\n<li><span style=\"color: #000080\"><strong>Dr. Richard Lepage<\/strong><strong>, Doctorat en ing\u00e9nierie (2020)<\/strong><\/span><\/li>\n<\/ul>\n<p style=\"padding-left: 30px\"><u>Sujet de recherche<\/u>:\u00a0Contribution \u00e0 la commande par SMA d&#8217;un syst\u00e8me hybride \u00e9olien-di\u00e9sel avec stockage par air comprim\u00e9 (SHEDAC).<\/p>\n<p style=\"padding-left: 30px\">Direction\u00a0 : Pr. Mohand Ouhrouche, et Pr. Adrian Illinca (UQAR).<\/p>\n<hr \/>\n<ul>\n<li><span style=\"color: #000080\"><strong>Dr. Albert Ayang<\/strong><strong>, Doctorat en ing\u00e9nierie (2020)<\/strong><\/span><\/li>\n<\/ul>\n<p style=\"padding-left: 30px\"><u>Sujet de recherche<\/u>: Outils de diagnostic par mod\u00e8les analytiques d&#8217;une centrale photovolta\u00efque \u00e0 stockage, int\u00e9gr\u00e9e \u00e0 une centrale autonome de cog\u00e9n\u00e9ration<\/p>\n<p style=\"padding-left: 30px\">Direction\u00a0 : Pr. Mohand Ouhrouche, et Pr. M. Saad (UQAT).<\/p>\n<hr \/>\n<ul>\n<li><span style=\"color: #000080\"><strong>Dr.\u00a0<\/strong><strong>Tommy-Andy Tameghe, Doctorat en ing\u00e9nierie (2020)<\/strong><\/span><\/li>\n<\/ul>\n<p style=\"padding-left: 30px\"><u>Sujet de recherche<\/u>: Contribution \u00e0 la mise en oeuvre et \u00e0 la commande d&#8217;un micror\u00e9seau de cog\u00e9n\u00e9ration modulaire<\/p>\n<p style=\"padding-left: 30px\">Direction\u00a0 : Pr. Mohand Ouhrouche, et Pr. N. Kandil (UQAT).<\/p>\n<hr \/>\n<ul>\n<li><span style=\"color: #000080\"><strong>Dr. Djillali Kairous<\/strong>, <strong> Doctorat en ing\u00e9nierie (2019)<\/strong><\/span><\/li>\n<\/ul>\n<p style=\"padding-left: 30px\"><u>Sujet de recherche<\/u>: Contribution \u00e0 la commande robuste d&#8217;une GADA utilis\u00e9e dans un syst\u00e8me de conversion d&#8217;\u00e9nergie \u00e9olienne<\/p>\n<p style=\"padding-left: 30px\">Direction\u00a0 : Pr. Mohand Ouhrouche and Pr. M. Saad (UQAT).<\/p>\n<hr \/>\n<ul>\n<li><span style=\"color: #000080\"><strong>Dr. Pierre\u00a0 Tchakoua<\/strong>, <strong> Doctorat en ing\u00e9nierie (2019)<\/strong><\/span><\/li>\n<\/ul>\n<p style=\"padding-left: 30px\">Sujet de recherche: A New Approach for Modeling a VAWT using Eletrical Circuit Analogy.<\/p>\n<p style=\"padding-left: 30px\">Direction\u00a0 : Pr. Mohand Ouhrouche and R. Wamkeue.<\/p>\n<hr \/>\n<ul>\n<li><strong><span style=\"color: #000080\">Dr. Ammar Benzaioua, Doctorat en ing\u00e9nierie (2014)<\/span><\/strong><\/li>\n<\/ul>\n<p style=\"padding-left: 30px\"><u>Sujet de recherche<\/u>: Contribution \u00e0 la commande directe du couple d\u2019un moteur asynchrone pour des applications en traction.<\/p>\n<p style=\"padding-left: 30px\"><u>Direction<\/u>: Pr. Mohand Ouhrouche.<\/p>\n<hr \/>\n<ul>\n<li><strong><span style=\"color: #000080\">\u00a0Dr. Mohammed Boussetoua, Doctorat en ing\u00e9nierie (2012)<\/span><\/strong><\/li>\n<\/ul>\n<p style=\"padding-left: 30px\"><u>Sujet de recherche<\/u>: Conception d\u2019un syst\u00e8me faible \u00e9nergie et \u00e0 haut rendement pour le d\u00e9givrage d\u2019a\u00e9ronefs en cours de vol.<\/p>\n<p style=\"padding-left: 30px\"><u>Direction<\/u>: Pr. Mohand Ouhrouche, directeur; Pr. Jean Perron, codirecteur.<\/p>\n<hr \/>\n<ul>\n<li><strong>\u00a0<span style=\"color: #000080\">Dr. Rachid Errouissi, Doctorat en ing\u00e9nierie\u00a0(2010)<\/span><\/strong><\/li>\n<\/ul>\n<p style=\"padding-left: 30px\"><u>Sujet de recherche<\/u>: Contribution \u00e0 la commande d\u2019une machine synchrone autopilot\u00e9e.<\/p>\n<p style=\"padding-left: 30px\"><u>Direction<\/u>: Pr. Mohand Ouhrouche.<\/p>\n<hr \/>\n<ul>\n<li><strong>\u00a0<span style=\"color: #000080\">Dr. Adel Merabet,\u00a0Doctorat en ing\u00e9nierie (2007)<\/span><\/strong><\/li>\n<\/ul>\n<p style=\"padding-left: 30px\"><u>Sujet de recherche<\/u>: Commande non lin\u00e9aire \u00e0 mod\u00e8le pr\u00e9dictif pour une machine asynchrone.<\/p>\n<p style=\"padding-left: 30px\"><u>Direction<\/u>: Pr. Mohand Ouhrouche, directeur; Pr. Rung Tien Bui, codirecteur.<\/p>\n<hr \/>\n<ul>\n<li><strong><span style=\"color: #000080\">\u00a0Steeve Beaulieu, Ma\u00eetrise en ing\u00e9nierie (2007)<\/span><\/strong><\/li>\n<\/ul>\n<p style=\"padding-left: 30px\"><u>Sujet de recherche<\/u>: Mod\u00e8le temps r\u00e9el d\u2019un filtre actif de puissance.<\/p>\n<p style=\"padding-left: 30px\"><u>Direction<\/u>: Pr. Mohand Ouhrouche.<\/p>\n<hr \/>\n<ul>\n<li><strong><span style=\"color: #000080\">Dr. Jogendra Singh Thongam, Doctoctorat en ing\u00e9nierie (2006)<\/span><\/strong><\/li>\n<\/ul>\n<p style=\"padding-left: 30px\"><u>Sujet de recherche<\/u>: Contribution \u00e0 la commande sans capteur de vitesse de la machine asynchrone avec l\u2019estimation en ligne de la r\u00e9sistance rotorique.<\/p>\n<p style=\"padding-left: 30px\"><u>Direction<\/u>: Pr. Mohand Ouhrouche.<\/p>\n<hr \/>\n<ul>\n<li><strong><span style=\"color: #000080\">Farhad Haghgoeian, Ma\u00eetrise en ing\u00e9nierie (2005)<\/span><\/strong><\/li>\n<\/ul>\n<p style=\"padding-left: 30px\"><u>Sujet de recherch<\/u>e: Mod\u00e8le temps r\u00e9el d\u2019un estimateur de vitesse \u00e0 base de r\u00e9seaux de neurones pour une machine asynchrone.<\/p>\n<p style=\"padding-left: 30px\"><u>Direction<\/u>: Pr. Mohand Ouhrouche.<\/p>\n<p style=\"padding-left: 30px\">\n","protected":false},"excerpt":{"rendered":"<p>\u00c9tudiants dipl\u00f4m\u00e9s (M.Sc &amp; Ph.D.) &nbsp; Dre. Nejmah Seifaddini, Doctorat en ing\u00e9nierie (2025) Sujet de recherche:\u00a0Development of an Optical Sensor for Power Transformers Monitoring Direction: Pr. Issouf Fofana, Pr. Mohand Ouhrouche, et Dr. Abdellah Chehri. Dr. Richard Lepage, Doctorat en ing\u00e9nierie (2020) Sujet de recherche:\u00a0Contribution \u00e0 la commande par SMA d&#8217;un syst\u00e8me hybride \u00e9olien-di\u00e9sel avec &hellip; <a href=\"https:\/\/portfolio.uqac.ca\/mohandouhrouche\/diplomes\/\" class=\"more-link\">Continuer la lecture de <span class=\"screen-reader-text\">Formation du PHQ : Dipl\u00f4m\u00e9s<\/span>  <span class=\"meta-nav\">&rarr;<\/span><\/a><\/p>\n","protected":false},"author":242,"featured_media":0,"parent":0,"menu_order":0,"comment_status":"closed","ping_status":"closed","template":"","meta":{"footnotes":""},"tags":[],"_links":{"self":[{"href":"https:\/\/portfolio.uqac.ca\/mohandouhrouche\/wp-json\/wp\/v2\/pages\/207"}],"collection":[{"href":"https:\/\/portfolio.uqac.ca\/mohandouhrouche\/wp-json\/wp\/v2\/pages"}],"about":[{"href":"https:\/\/portfolio.uqac.ca\/mohandouhrouche\/wp-json\/wp\/v2\/types\/page"}],"author":[{"embeddable":true,"href":"https:\/\/portfolio.uqac.ca\/mohandouhrouche\/wp-json\/wp\/v2\/users\/242"}],"replies":[{"embeddable":true,"href":"https:\/\/portfolio.uqac.ca\/mohandouhrouche\/wp-json\/wp\/v2\/comments?post=207"}],"version-history":[{"count":22,"href":"https:\/\/portfolio.uqac.ca\/mohandouhrouche\/wp-json\/wp\/v2\/pages\/207\/revisions"}],"predecessor-version":[{"id":306,"href":"https:\/\/portfolio.uqac.ca\/mohandouhrouche\/wp-json\/wp\/v2\/pages\/207\/revisions\/306"}],"wp:attachment":[{"href":"https:\/\/portfolio.uqac.ca\/mohandouhrouche\/wp-json\/wp\/v2\/media?parent=207"}],"wp:term":[{"taxonomy":"post_tag","embeddable":true,"href":"https:\/\/portfolio.uqac.ca\/mohandouhrouche\/wp-json\/wp\/v2\/tags?post=207"}],"curies":[{"name":"wp","href":"https:\/\/api.w.org\/{rel}","templated":true}]}}