{"id":4,"date":"2019-03-26T13:51:04","date_gmt":"2019-03-26T17:51:04","guid":{"rendered":"http:\/\/portfolio-pre.uqac.ca\/gabarit\/?page_id=4"},"modified":"2026-01-12T11:30:59","modified_gmt":"2026-01-12T16:30:59","slug":"presentatio","status":"publish","type":"page","link":"https:\/\/portfolio.uqac.ca\/mohandouhrouche\/","title":{"rendered":"Pr\u00e9sentation"},"content":{"rendered":"<h2>Mohand Ouhrouche, ing., Ph.D., <em>SMIEEE<\/em><\/h2>\n<p><strong>Professeur titulaire en g\u00e9nie \u00e9lectrique<\/strong><\/p>\n<p>Dr. Mohand Ouhrouche est professeur titulaire en g\u00e9nie \u00e9lectrique \u00e0 l\u2019Universit\u00e9 du Qu\u00e9bec \u00e0 Chicoutimi, et professeur invit\u00e9 \u00e0 l\u2019\u00c9cole sup\u00e9rieure d\u2019ing\u00e9nieurs en g\u00e9nie \u00e9lectrique (<a href=\"https:\/\/www.esigelec.fr\/en\">ESIGELEC<\/a>), Rouen, France.\u00a0\u00a0Il collabore depuis 2013 avec le <strong>C<\/strong>entre d\u2019<strong>I<\/strong>nnovations en <strong>P<\/strong>rogrammes <strong>\u00c9<\/strong>ducatifs (<a href=\"https:\/\/www.cipe.ca\">https:\/\/www.cipe.ca<\/a>) pour lequel il a d\u00e9velopp\u00e9 des formations techniques dans le domaine du g\u00e9nie de l\u2019\u00e9nergie \u00e9lectrique destin\u00e9es aux ing\u00e9nieurs en exercice dans le cadre de la formation continue.<\/p>\n<p>Avant de se joindre au corps professoral du D\u00e9partement des sciences appliqu\u00e9es de l\u2019UQAC en 1998, il a travaill\u00e9 au Laboratoire des technologies de l&#8217;\u00e9nergie (LTE) d\u2019Hydro-Qu\u00e9bec comme chercheur dans le domaine de la qualit\u00e9 de l\u2019alimentation \u00e9lectrique, plus sp\u00e9cifiquement sur la probl\u00e9matique de la pollution harmonique dans les r\u00e9seaux de distribution.<\/p>\n<p>Dr. Mohand Ouhrouche enseigne au premier cycle et aux cycles sup\u00e9rieurs (ma\u00eetrise &amp; doctorat en ing\u00e9nierie), la th\u00e9orie des circuits \u00e9lectriques, l\u2019\u00e9lectronique de puissance et la commande de machines \u00e9lectriques. Ses activit\u00e9s de recherche sont orient\u00e9es vers l\u2019\u00e9lectronique de puissance et commande industrielle, le contr\u00f4le avanc\u00e9 de machines \u00e9lectriques pour des applications en traction, et en conversion d\u2019\u00e9nergie \u00e9olienne. Il a publi\u00e9 plus de 90 articles en carri\u00e8re dans des revues scientifiques \u00e0 haut facteur d\u2019impact, dont un article de r\u00e9f\u00e9rence sur la <strong>ferror\u00e9sonance<\/strong> dans une encyclop\u00e9die de g\u00e9nie \u00e9lectrique (Wiley Encyclopedia of Electrical &amp; Electronics Engineering).<\/p>\n<p>___________________________________________________________________________<\/p>\n<p style=\"padding-left: 40px;text-align: right\"><span style=\"color: #000080\"><em>&#8220;Scientific papers are read by a few specialists, but good books reach thousands of readers and give them a sense of belonging to the adventure of science&#8221;.\u00a0\u00a0<\/em>Freeman Dyson,\u00a0<em>The Scientist as Rebel, <\/em>New York Review Books, 2006, p. 265.<\/span><\/p>\n<p>__________________________________________________________________________<\/p>\n<p>Dr. Mohand Ouhrouche est l&#8217;auteur de <strong>2 livres de r\u00e9f\u00e9rence<\/strong>, une premi\u00e8re\u00a0 dans l&#8217;histoire de l&#8217;Universit\u00e9 du Qu\u00e9bec en sciences appliqu\u00e9es et en ing\u00e9nierie.<\/p>\n<ul>\n<li><strong>\u00c9lectronique de puissance: Convertisseurs, commandes et applications industrielles, Les \u00e9ditions JFD inc., 2025<\/strong><\/li>\n<\/ul>\n<p>Cet ouvrage est le premier au Qu\u00e9bec dans ce domaine de pointe, et le seul des quatre livres de r\u00e9f\u00e9rences canadiens sur le sujet \u00e0 couvrir l\u2019ensemble des convertisseurs statiques et leurs applications industrielles d\u2019une mani\u00e8re approfondie et p\u00e9dagogique.<\/p>\n<p><a href=\"https:\/\/portfolio.uqac.ca\/mohandouhrouche\/files\/2026\/01\/MO_Livre_EP.jpg\"><img loading=\"lazy\" decoding=\"async\" class=\"alignnone size-medium wp-image-327\" src=\"https:\/\/portfolio.uqac.ca\/mohandouhrouche\/files\/2026\/01\/MO_Livre_EP-248x300.jpg\" alt=\"\" width=\"248\" height=\"300\" srcset=\"https:\/\/portfolio.uqac.ca\/mohandouhrouche\/files\/2026\/01\/MO_Livre_EP-248x300.jpg 248w, https:\/\/portfolio.uqac.ca\/mohandouhrouche\/files\/2026\/01\/MO_Livre_EP-848x1024.jpg 848w, https:\/\/portfolio.uqac.ca\/mohandouhrouche\/files\/2026\/01\/MO_Livre_EP-768x928.jpg 768w, https:\/\/portfolio.uqac.ca\/mohandouhrouche\/files\/2026\/01\/MO_Livre_EP-1272x1536.jpg 1272w, https:\/\/portfolio.uqac.ca\/mohandouhrouche\/files\/2026\/01\/MO_Livre_EP.jpg 1429w\" sizes=\"(max-width: 248px) 100vw, 248px\" \/><\/a><\/p>\n<p>Ce livre, qui se veut une r\u00e9f\u00e9rence, traite en profondeur l&#8217;\u00e9tude des principaux convertisseurs statiques, allant du simple redresseur de puissance aux onduleurs multiniveaux, en passant par les alimentations \u00e0 d\u00e9coupage. Il s\u2019adresse tant aux \u00e9tudiants de premier cycle qu\u2019\u00e0 ceux des cycles sup\u00e9rieurs en g\u00e9nie \u00e9lectrique, ainsi qu\u2019aux ing\u00e9nieurs et scientifiques \u0153uvrant dans le domaine de la conversion d\u2019\u00e9nergie \u00e9lectrique \u00e0 la recherche d\u2019informations sp\u00e9cifiques dans ce domaine.<\/p>\n<ul>\n<li><strong>Circuits \u00e9lectriques: m\u00e9thodes d\u2019analyse et applications, Presses internationales Polytechnique, 2e \u00e9dition, 2021.<\/strong><\/li>\n<\/ul>\n<p><a href=\"https:\/\/portfolio.uqac.ca\/mohandouhrouche\/files\/2019\/03\/MonLivre.jpg\"><img loading=\"lazy\" decoding=\"async\" class=\"alignnone size-medium wp-image-270\" src=\"https:\/\/portfolio.uqac.ca\/mohandouhrouche\/files\/2019\/03\/MonLivre-300x201.jpg\" alt=\"\" width=\"300\" height=\"201\" srcset=\"https:\/\/portfolio.uqac.ca\/mohandouhrouche\/files\/2019\/03\/MonLivre-300x201.jpg 300w, https:\/\/portfolio.uqac.ca\/mohandouhrouche\/files\/2019\/03\/MonLivre-768x514.jpg 768w, https:\/\/portfolio.uqac.ca\/mohandouhrouche\/files\/2019\/03\/MonLivre-1024x686.jpg 1024w\" sizes=\"(max-width: 300px) 100vw, 300px\" \/><\/a><\/p>\n<p>&nbsp;<\/p>\n<p>&nbsp;<\/p>\n","protected":false},"excerpt":{"rendered":"<p>Mohand Ouhrouche, ing., Ph.D., SMIEEE Professeur titulaire en g\u00e9nie \u00e9lectrique Dr. Mohand Ouhrouche est professeur titulaire en g\u00e9nie \u00e9lectrique \u00e0 l\u2019Universit\u00e9 du Qu\u00e9bec \u00e0 Chicoutimi, et professeur invit\u00e9 \u00e0 l\u2019\u00c9cole sup\u00e9rieure d\u2019ing\u00e9nieurs en g\u00e9nie \u00e9lectrique (ESIGELEC), Rouen, France.\u00a0\u00a0Il collabore depuis 2013 avec le Centre d\u2019Innovations en Programmes \u00c9ducatifs (https:\/\/www.cipe.ca) pour lequel il a d\u00e9velopp\u00e9 des &hellip; <a href=\"https:\/\/portfolio.uqac.ca\/mohandouhrouche\/\" class=\"more-link\">Continuer la lecture de <span class=\"screen-reader-text\">Pr\u00e9sentation<\/span>  <span class=\"meta-nav\">&rarr;<\/span><\/a><\/p>\n","protected":false},"author":89,"featured_media":0,"parent":0,"menu_order":0,"comment_status":"closed","ping_status":"closed","template":"","meta":{"footnotes":""},"tags":[],"_links":{"self":[{"href":"https:\/\/portfolio.uqac.ca\/mohandouhrouche\/wp-json\/wp\/v2\/pages\/4"}],"collection":[{"href":"https:\/\/portfolio.uqac.ca\/mohandouhrouche\/wp-json\/wp\/v2\/pages"}],"about":[{"href":"https:\/\/portfolio.uqac.ca\/mohandouhrouche\/wp-json\/wp\/v2\/types\/page"}],"author":[{"embeddable":true,"href":"https:\/\/portfolio.uqac.ca\/mohandouhrouche\/wp-json\/wp\/v2\/users\/89"}],"replies":[{"embeddable":true,"href":"https:\/\/portfolio.uqac.ca\/mohandouhrouche\/wp-json\/wp\/v2\/comments?post=4"}],"version-history":[{"count":43,"href":"https:\/\/portfolio.uqac.ca\/mohandouhrouche\/wp-json\/wp\/v2\/pages\/4\/revisions"}],"predecessor-version":[{"id":330,"href":"https:\/\/portfolio.uqac.ca\/mohandouhrouche\/wp-json\/wp\/v2\/pages\/4\/revisions\/330"}],"wp:attachment":[{"href":"https:\/\/portfolio.uqac.ca\/mohandouhrouche\/wp-json\/wp\/v2\/media?parent=4"}],"wp:term":[{"taxonomy":"post_tag","embeddable":true,"href":"https:\/\/portfolio.uqac.ca\/mohandouhrouche\/wp-json\/wp\/v2\/tags?post=4"}],"curies":[{"name":"wp","href":"https:\/\/api.w.org\/{rel}","templated":true}]}}