{"id":46,"date":"2019-03-26T13:51:04","date_gmt":"2019-03-26T17:51:04","guid":{"rendered":"http:\/\/portfolio-pre.uqac.ca\/gabarit\/?page_id=46"},"modified":"2025-09-08T10:48:47","modified_gmt":"2025-09-08T14:48:47","slug":"recherche","status":"publish","type":"page","link":"https:\/\/portfolio.uqac.ca\/mohandouhrouche\/recherche\/","title":{"rendered":"Activit\u00e9s de recherche"},"content":{"rendered":"<p>Dr. Mohand Ouhrouche est le fondateur du <strong>Laboratoire d\u2019identification et de commande des machines \u00e9lectriques \u2013 LICOME (2002)<\/strong>.\u00a0 \u00a0Cette infrastructure de recherche a \u00e9t\u00e9 financ\u00e9e par la Fondation canadienne pour l\u2019innovation (FCI), le FQRNT, et la Fondation de l&#8217;Universit\u00e9 du Qu\u00e9bec \u00e0 Chicoutimi.<\/p>\n<p><a href=\"https:\/\/portfolio.uqac.ca\/mohandouhrouche\/files\/2019\/03\/Banc1.jpg\"><img loading=\"lazy\" decoding=\"async\" class=\"alignnone size-medium wp-image-221\" src=\"https:\/\/portfolio.uqac.ca\/mohandouhrouche\/files\/2019\/03\/Banc1-300x177.jpg\" alt=\"\" width=\"300\" height=\"177\" srcset=\"https:\/\/portfolio.uqac.ca\/mohandouhrouche\/files\/2019\/03\/Banc1-300x177.jpg 300w, https:\/\/portfolio.uqac.ca\/mohandouhrouche\/files\/2019\/03\/Banc1-768x454.jpg 768w, https:\/\/portfolio.uqac.ca\/mohandouhrouche\/files\/2019\/03\/Banc1-1024x605.jpg 1024w, https:\/\/portfolio.uqac.ca\/mohandouhrouche\/files\/2019\/03\/Banc1.jpg 1245w\" sizes=\"(max-width: 300px) 100vw, 300px\" \/><\/a><\/p>\n<p><a href=\"https:\/\/portfolio.uqac.ca\/mohandouhrouche\/files\/2019\/03\/Picture-013.jpg\"><img loading=\"lazy\" decoding=\"async\" class=\"alignnone size-medium wp-image-222\" src=\"https:\/\/portfolio.uqac.ca\/mohandouhrouche\/files\/2019\/03\/Picture-013-300x225.jpg\" alt=\"\" width=\"300\" height=\"225\" srcset=\"https:\/\/portfolio.uqac.ca\/mohandouhrouche\/files\/2019\/03\/Picture-013-300x225.jpg 300w, https:\/\/portfolio.uqac.ca\/mohandouhrouche\/files\/2019\/03\/Picture-013-768x576.jpg 768w, https:\/\/portfolio.uqac.ca\/mohandouhrouche\/files\/2019\/03\/Picture-013-1024x768.jpg 1024w, https:\/\/portfolio.uqac.ca\/mohandouhrouche\/files\/2019\/03\/Picture-013.jpg 1600w\" sizes=\"(max-width: 300px) 100vw, 300px\" \/><\/a><\/p>\n<p><a href=\"https:\/\/portfolio.uqac.ca\/mohandouhrouche\/files\/2025\/09\/Picture-035.jpg\"><img loading=\"lazy\" decoding=\"async\" class=\"alignnone size-medium wp-image-315\" src=\"https:\/\/portfolio.uqac.ca\/mohandouhrouche\/files\/2025\/09\/Picture-035-300x225.jpg\" alt=\"\" width=\"300\" height=\"225\" srcset=\"https:\/\/portfolio.uqac.ca\/mohandouhrouche\/files\/2025\/09\/Picture-035-300x225.jpg 300w, https:\/\/portfolio.uqac.ca\/mohandouhrouche\/files\/2025\/09\/Picture-035-1024x768.jpg 1024w, https:\/\/portfolio.uqac.ca\/mohandouhrouche\/files\/2025\/09\/Picture-035-768x576.jpg 768w, https:\/\/portfolio.uqac.ca\/mohandouhrouche\/files\/2025\/09\/Picture-035-1536x1152.jpg 1536w, https:\/\/portfolio.uqac.ca\/mohandouhrouche\/files\/2025\/09\/Picture-035.jpg 2048w\" sizes=\"(max-width: 300px) 100vw, 300px\" \/><\/a><\/p>\n<p>L&#8217;infrastructure du LICOME supporte les programmes de recherche suivants:<\/p>\n<ul>\n<li>Pollution harmonique dans les r\u00e9seaux \u00e9lectriques\u00a0: sources principales et moyens de mitigation.<\/li>\n<li>\u00c9lectronique de puissance et commande industrielle.<\/li>\n<li>Les entra\u00eenements \u00e0 fr\u00e9quence variable de moteurs \u00e9lectriques pour des applications industrielles diverses.<\/li>\n<li>Int\u00e9gration \u00e0 grande \u00e9chelle des syst\u00e8mes de conversion d\u2019\u00e9nergie \u00e9olienne : participation aux plans de tension &#8211; fr\u00e9quence.<\/li>\n<\/ul>\n","protected":false},"excerpt":{"rendered":"<p>Dr. Mohand Ouhrouche est le fondateur du Laboratoire d\u2019identification et de commande des machines \u00e9lectriques \u2013 LICOME (2002).\u00a0 \u00a0Cette infrastructure de recherche a \u00e9t\u00e9 financ\u00e9e par la Fondation canadienne pour l\u2019innovation (FCI), le FQRNT, et la Fondation de l&#8217;Universit\u00e9 du Qu\u00e9bec \u00e0 Chicoutimi. L&#8217;infrastructure du LICOME supporte les programmes de recherche suivants: Pollution harmonique dans &hellip; <a href=\"https:\/\/portfolio.uqac.ca\/mohandouhrouche\/recherche\/\" class=\"more-link\">Continuer la lecture de <span class=\"screen-reader-text\">Activit\u00e9s de recherche<\/span>  <span class=\"meta-nav\">&rarr;<\/span><\/a><\/p>\n","protected":false},"author":89,"featured_media":0,"parent":0,"menu_order":0,"comment_status":"closed","ping_status":"closed","template":"","meta":{"footnotes":""},"tags":[],"_links":{"self":[{"href":"https:\/\/portfolio.uqac.ca\/mohandouhrouche\/wp-json\/wp\/v2\/pages\/46"}],"collection":[{"href":"https:\/\/portfolio.uqac.ca\/mohandouhrouche\/wp-json\/wp\/v2\/pages"}],"about":[{"href":"https:\/\/portfolio.uqac.ca\/mohandouhrouche\/wp-json\/wp\/v2\/types\/page"}],"author":[{"embeddable":true,"href":"https:\/\/portfolio.uqac.ca\/mohandouhrouche\/wp-json\/wp\/v2\/users\/89"}],"replies":[{"embeddable":true,"href":"https:\/\/portfolio.uqac.ca\/mohandouhrouche\/wp-json\/wp\/v2\/comments?post=46"}],"version-history":[{"count":10,"href":"https:\/\/portfolio.uqac.ca\/mohandouhrouche\/wp-json\/wp\/v2\/pages\/46\/revisions"}],"predecessor-version":[{"id":317,"href":"https:\/\/portfolio.uqac.ca\/mohandouhrouche\/wp-json\/wp\/v2\/pages\/46\/revisions\/317"}],"wp:attachment":[{"href":"https:\/\/portfolio.uqac.ca\/mohandouhrouche\/wp-json\/wp\/v2\/media?parent=46"}],"wp:term":[{"taxonomy":"post_tag","embeddable":true,"href":"https:\/\/portfolio.uqac.ca\/mohandouhrouche\/wp-json\/wp\/v2\/tags?post=46"}],"curies":[{"name":"wp","href":"https:\/\/api.w.org\/{rel}","templated":true}]}}