{"id":208,"date":"2023-09-26T15:47:01","date_gmt":"2023-09-26T19:47:01","guid":{"rendered":"http:\/\/portfolio-pre.uqac.ca\/mousajavidani\/?page_id=208"},"modified":"2024-11-11T11:19:26","modified_gmt":"2024-11-11T16:19:26","slug":"offre-de-projet-de-recherche-etudiant","status":"publish","type":"page","link":"https:\/\/portfolio.uqac.ca\/mousajavidani\/offre-de-projet-de-recherche-etudiant\/","title":{"rendered":"Offre de projet de recherche \u00e9tudiant"},"content":{"rendered":"<h4><span style=\"color: #6b8a16;\">Titre du projet<\/span><\/h4>\n<p>M\u00e9tallurgie, caract\u00e9risation, transformation et ing\u00e9nierie des mat\u00e9riaux m\u00e9talliques\u00a0: aciers et alliages d\u2019aluminium<\/p>\n<h4><span style=\"color: #6b8a16;\">Programme d\u2019\u00e9tudes <\/span><\/h4>\n<p><a href=\"https:\/\/www.uqac.ca\/programme\/3737-doctorat-en-ingenierie\/\" target=\"_blank\" rel=\"noopener\">Doctorat en ing\u00e9nierie<\/a> ou <a href=\"https:\/\/www.uqac.ca\/programme\/3708-maitrise-en-ingenierie\/\" target=\"_blank\" rel=\"noopener\">ma\u00eetrise en ing\u00e9nierie<\/a> &#8211; G\u00e9nie\u00a0des mat\u00e9riaux et m\u00e9tallurgique<\/p>\n<h4><span style=\"color: #6b8a16;\">Structure de recherche associ\u00e9e au projet<\/span><\/h4>\n<p><a href=\"https:\/\/recherche.uqac.ca\/chaire-industrielle-de-recherche-sur-les-nouvelles-avenues-en-metallurgie-de-la-transformation-de-laluminium\" target=\"_blank\" rel=\"noopener\">Chaire institutionnelle de recherche sur les nouvelles avenues en m\u00e9tallurgie de la transformation de l&#8217;aluminium (CIMTAL)<\/a><\/p>\n<h4><span style=\"color: #6b8a16;\">Description de l&#8217;offre<\/span><\/h4>\n<p>Je suis \u00e0 la recherche de candidats tr\u00e8s motiv\u00e9s pour des \u00e9tudes de doctorat (ou ma\u00eetrise) dans le domaine de la m\u00e9tallurgie et du g\u00e9nie des mat\u00e9riaux, avec un int\u00e9r\u00eat majeur pour la m\u00e9tallurgie m\u00e9canique\/physique des alliages d\u2019aluminium (ou des aciers). Le candidat devrait avoir un dipl\u00f4me de ma\u00eetrise de premi\u00e8re classe en m\u00e9tallurgie et en g\u00e9nie des mat\u00e9riaux, avec des exp\u00e9riences de recherche ant\u00e9rieures sur la transformation de phase, la caract\u00e9risation de la microstructure, le traitement thermom\u00e9canique et le d\u00e9veloppement de produits en mat\u00e9riaux m\u00e9talliques (de pr\u00e9f\u00e9rence, de l\u2019acier ou des alliages d\u2019aluminium).<\/p>\n<h4><span style=\"color: #6b8a16;\">Domaine de recherche<\/span><\/h4>\n<p>M\u00e9tallurgie, g\u00e9nie des mat\u00e9riaux, coul\u00e9e, traitement thermom\u00e9canique, corrosion et caract\u00e9risation de surface, transformation de phase, caract\u00e9risation de la microstructure.<\/p>\n<ul>\n<li>Pr\u00e9parer une revue de litt\u00e9rature compl\u00e8te sur l&#8217;impact des diff\u00e9rents \u00e9l\u00e9ments d&#8217;alliage sur la caract\u00e9risation de la microstructure et les propri\u00e9t\u00e9s m\u00e9caniques des aciers ou des alliages \u00e0 base d&#8217;aluminium.<\/li>\n<li>Simuler l&#8217;\u00e9volution de la microstructure dans les nouveaux alliages con\u00e7us<\/li>\n<li>Pr\u00e9parer des \u00e9chantillons coul\u00e9s et appliquer diff\u00e9rents traitements thermom\u00e9caniques.<\/li>\n<li>Caract\u00e9riser l&#8217;\u00e9volution microstructurale des alliages d\u00e9velopp\u00e9s.<\/li>\n<li>Analyser, interpr\u00e9ter et r\u00e9sumer les donn\u00e9es de simulation et exp\u00e9rimentales.<\/li>\n<li>D\u00e9velopper des publications scientifiques, des rapports techniques et \u00e9changer les connaissances d\u00e9velopp\u00e9es avec les partenaires industriels.<\/li>\n<\/ul>\n<h4><span style=\"color: #6b8a16;\">Direction de recherche<\/span><\/h4>\n<p>Titulaire de Chaire de recherche CIMTAL.<\/p>\n<h4><span style=\"color: #6b8a16;\">Profil de l&#8217;\u00e9tudiant recherch\u00e9<\/span><\/h4>\n<p><strong>Les qualifications requises comprennent, mais sans s\u2019y limiter\u00a0:<\/strong><\/p>\n<ul>\n<li>Dipl\u00f4me de ma\u00eetrise en m\u00e9tallurgie et en g\u00e9nie des mat\u00e9riaux (ou en g\u00e9nie m\u00e9canique avec une sp\u00e9cialisation en formage des m\u00e9taux). Pour postuler \u00e0 un programme de master, vous devez \u00eatre titulaire d&#8217;un dipl\u00f4me de bachelier dans le domaine pertinent.<\/li>\n<li>Une exp\u00e9rience ou des ant\u00e9c\u00e9dents dans l&#8217;un des domaines suivants sont fortement valoris\u00e9s : Transformation de phase et traitement thermom\u00e9canique des m\u00e9taux (c&#8217;est-\u00e0-dire, alliages d&#8217;aluminium, aciers, etc.), caract\u00e9risation de la microstructure, et mod\u00e9lisation des proc\u00e9d\u00e9s de mat\u00e9riaux et simulation thermodynamique ;<\/li>\n<li>Une exp\u00e9rience pratique dans les comp\u00e9tences de caract\u00e9risation des mat\u00e9riaux (MO, MEB\/EBSD, MET, DRX, etc.) ;<\/li>\n<li>Des connaissances ou une exp\u00e9rience pratique ant\u00e9rieure en mati\u00e8re de s\u00e9lection et de caract\u00e9risation des alliages seront consid\u00e9r\u00e9es comme un atout ;<\/li>\n<li>Excellentes comp\u00e9tences en communication orale, \u00e9crite et verbale, comme en t\u00e9moigne un solide dossier de publications et de pr\u00e9sentations lors de conf\u00e9rences ;<\/li>\n<li>De solides comp\u00e9tences en organisation, en analyse et en r\u00e9solution de probl\u00e8mes ;<\/li>\n<li>Une capacit\u00e9 av\u00e9r\u00e9e \u00e0 travailler rapidement et de mani\u00e8re fiable, m\u00eame sous pression.<\/li>\n<\/ul>\n<h4><span style=\"color: #6b8a16;\">Exigences et conditions\u00a0<\/span><\/h4>\n<ul>\n<li>Dipl\u00f4me de ma\u00eetrise en m\u00e9tallurgie et en g\u00e9nie des mat\u00e9riaux (ou en g\u00e9nie m\u00e9canique avec une sp\u00e9cialisation en formage des m\u00e9taux) ;<\/li>\n<li>Disposer d&#8217;au moins 2 ans d&#8217;exp\u00e9rience en recherche dans l&#8217;un des domaines suivants : thermodynamique computationnelle, 3 caract\u00e9risation, transformation, traitement thermom\u00e9canique des m\u00e9taux ;<\/li>\n<li>Avoir d\u00e9j\u00e0 r\u00e9dig\u00e9 au moins un article de journal en tant que 1e auteur ;<\/li>\n<li>Bonne ma\u00eetrise de l&#8217;expression orale et \u00e9crite en anglais ou fran\u00e7ais.<\/li>\n<\/ul>\n<h4><span style=\"color: #6b8a16;\">Financement <\/span><\/h4>\n<p>Pour le programme de doctorat, le poste est enti\u00e8rement financ\u00e9 pour une dur\u00e9e de 3 ans, avec la possibilit\u00e9 d&#8217;une extension jusqu&#8217;\u00e0 4 ans (et pour le programme de master, le financement est disponible jusqu&#8217;\u00e0 2,5 ans).<\/p>\n<h4><span style=\"color: #6b8a16;\">D\u00e9but du projet <\/span><\/h4>\n<p>01\u201001\u20102025<\/p>\n<h4><span style=\"color: #6b8a16;\">Pour r\u00e9pondre \u00e0 cette offre\u00a0<\/span><\/h4>\n<p><a href=\"mailto:Mousa_Javidani@uqac.ca\"><img loading=\"lazy\" decoding=\"async\" class=\"alignnone wp-image-230\" src=\"https:\/\/portfolio.uqac.ca\/mousajavidani-en\/files\/2023\/07\/email-alert-custom-2.png\" alt=\"\" width=\"76\" height=\"76\" \/><\/a>\u00a0 \u00a0Veuillez envoyer les documents requis \u00e0 <a href=\"mailto:CIMTAL@uqac.ca\" target=\"_blank\" rel=\"noopener\">CIMTAL@uqac.ca<\/a><\/p>\n<p><strong><u>Documents exig\u00e9s\u00a0:<\/u><\/strong><\/p>\n<p>L&#8217;application et les documents de soutien qui serviront de base \u00e0 l&#8217;\u00e9valuation doivent \u00eatre en fran\u00e7ais ou en anglais.<\/p>\n<p>Les publications et autres travaux de recherche doivent suivre la demande. Les candidatures seront \u00e9valu\u00e9es uniquement sur la base des informations disponibles \u00e0 la date limite de candidature.<\/p>\n<p>Il est n\u00e9cessaire de s&#8217;assurer que votre candidature montre clairement comment vos comp\u00e9tences et votre exp\u00e9rience r\u00e9pondent aux crit\u00e8res \u00e9nonc\u00e9s ci-dessus.<\/p>\n<p><strong>La candidature doit inclure\u00a0:<\/strong><\/p>\n<ul>\n<li>Une lettre de motivation d\u00e9crivant votre int\u00e9r\u00eat pour le poste, un r\u00e9sum\u00e9 de l&#8217;exp\u00e9rience scientifique et comment le candidat voit sa formation comme \u00e9tant appropri\u00e9e (1 \u00e0 2 pages maximum)<\/li>\n<li>Une proposition de recherche pr\u00e9liminaire (1 ou 2 pages maximum), pr\u00e9sentant des id\u00e9es pour le projet et comment il peut \u00eatre appliqu\u00e9, en se basant sur la description du projet donn\u00e9e dans cette annonce. Cette proposition ne sera ni d\u00e9finitive ni contraignante pour le projet ;<\/li>\n<li>Curriculum-Vitae\/R\u00e9sume, certificats et dipl\u00f4mes, le tout en un seul fichier PDF (y compris les relev\u00e9s de notes et dipl\u00f4mes officiels\/non officiels pour les dipl\u00f4mes de BSc et de MSc) ;<\/li>\n<li>Nom et coordonn\u00e9es de 3 personnes de r\u00e9f\u00e9rence ;<\/li>\n<li>Publications pr\u00e9c\u00e9dentes ou autres travaux de recherche pertinents.<\/li>\n<\/ul>\n<h4><span style=\"color: #6b8a16;\">Statut d&#8217;immigration<\/span><\/h4>\n<p>Bien que les candidats r\u00e9sidant au Canada puissent \u00eatre prioritaires, les candidatures du monde entier sont encourag\u00e9es.<\/p>\n","protected":false},"excerpt":{"rendered":"<p>Titre du projet M\u00e9tallurgie, caract\u00e9risation, transformation et ing\u00e9nierie des mat\u00e9riaux m\u00e9talliques\u00a0: aciers et alliages d\u2019aluminium Programme d\u2019\u00e9tudes Doctorat en ing\u00e9nierie ou ma\u00eetrise en ing\u00e9nierie &#8211; G\u00e9nie\u00a0des mat\u00e9riaux et m\u00e9tallurgique Structure de recherche associ\u00e9e au projet Chaire institutionnelle de recherche sur les nouvelles avenues en m\u00e9tallurgie de la transformation de l&#8217;aluminium (CIMTAL) Description de l&#8217;offre Je &hellip; <a href=\"https:\/\/portfolio.uqac.ca\/mousajavidani\/offre-de-projet-de-recherche-etudiant\/\" class=\"more-link\">Continuer la lecture de <span class=\"screen-reader-text\">Offre de projet de recherche \u00e9tudiant<\/span>  <span class=\"meta-nav\">&rarr;<\/span><\/a><\/p>\n","protected":false},"author":375,"featured_media":0,"parent":0,"menu_order":0,"comment_status":"closed","ping_status":"closed","template":"","meta":{"footnotes":""},"tags":[],"_links":{"self":[{"href":"https:\/\/portfolio.uqac.ca\/mousajavidani\/wp-json\/wp\/v2\/pages\/208"}],"collection":[{"href":"https:\/\/portfolio.uqac.ca\/mousajavidani\/wp-json\/wp\/v2\/pages"}],"about":[{"href":"https:\/\/portfolio.uqac.ca\/mousajavidani\/wp-json\/wp\/v2\/types\/page"}],"author":[{"embeddable":true,"href":"https:\/\/portfolio.uqac.ca\/mousajavidani\/wp-json\/wp\/v2\/users\/375"}],"replies":[{"embeddable":true,"href":"https:\/\/portfolio.uqac.ca\/mousajavidani\/wp-json\/wp\/v2\/comments?post=208"}],"version-history":[{"count":5,"href":"https:\/\/portfolio.uqac.ca\/mousajavidani\/wp-json\/wp\/v2\/pages\/208\/revisions"}],"predecessor-version":[{"id":218,"href":"https:\/\/portfolio.uqac.ca\/mousajavidani\/wp-json\/wp\/v2\/pages\/208\/revisions\/218"}],"wp:attachment":[{"href":"https:\/\/portfolio.uqac.ca\/mousajavidani\/wp-json\/wp\/v2\/media?parent=208"}],"wp:term":[{"taxonomy":"post_tag","embeddable":true,"href":"https:\/\/portfolio.uqac.ca\/mousajavidani\/wp-json\/wp\/v2\/tags?post=208"}],"curies":[{"name":"wp","href":"https:\/\/api.w.org\/{rel}","templated":true}]}}