{"id":27,"date":"2020-10-02T15:23:38","date_gmt":"2020-10-02T19:23:38","guid":{"rendered":"http:\/\/portfolio-pre.uqac.ca\/gabarit\/?page_id=27"},"modified":"2020-10-29T07:47:04","modified_gmt":"2020-10-29T11:47:04","slug":"curriculum-vitae","status":"publish","type":"page","link":"https:\/\/portfolio.uqac.ca\/mousajavidani\/curriculum-vitae\/","title":{"rendered":"Curriculum vitae"},"content":{"rendered":"<h2><strong>Dipl\u00f4mes<\/strong><\/h2>\n<ul>\n<li>Doctorat, Science des Mat\u00e9riaux et Metallurgie, Universit\u00e9 Laval, Quebec, Qc, Canada.<\/li>\n<li>Ma\u00eetrise, Science des Mat\u00e9riaux et Metallurgie, Universit\u00e9 Shiraz, Shiraz, Iran.<\/li>\n<li>Baccalaur\u00e9at, Science des Mat\u00e9riaux et Metallurgie, Universit\u00e9 de Technologie de Sahand, Tabriz, Iran.<\/li>\n<\/ul>\n<h2><\/h2>\n","protected":false},"excerpt":{"rendered":"<p>Dipl\u00f4mes Doctorat, Science des Mat\u00e9riaux et Metallurgie, Universit\u00e9 Laval, Quebec, Qc, Canada. Ma\u00eetrise, Science des Mat\u00e9riaux et Metallurgie, Universit\u00e9 Shiraz, Shiraz, Iran. Baccalaur\u00e9at, Science des Mat\u00e9riaux et Metallurgie, Universit\u00e9 de Technologie de Sahand, Tabriz, Iran.<\/p>\n","protected":false},"author":89,"featured_media":0,"parent":0,"menu_order":0,"comment_status":"closed","ping_status":"closed","template":"","meta":{"footnotes":""},"tags":[],"_links":{"self":[{"href":"https:\/\/portfolio.uqac.ca\/mousajavidani\/wp-json\/wp\/v2\/pages\/27"}],"collection":[{"href":"https:\/\/portfolio.uqac.ca\/mousajavidani\/wp-json\/wp\/v2\/pages"}],"about":[{"href":"https:\/\/portfolio.uqac.ca\/mousajavidani\/wp-json\/wp\/v2\/types\/page"}],"author":[{"embeddable":true,"href":"https:\/\/portfolio.uqac.ca\/mousajavidani\/wp-json\/wp\/v2\/users\/89"}],"replies":[{"embeddable":true,"href":"https:\/\/portfolio.uqac.ca\/mousajavidani\/wp-json\/wp\/v2\/comments?post=27"}],"version-history":[{"count":10,"href":"https:\/\/portfolio.uqac.ca\/mousajavidani\/wp-json\/wp\/v2\/pages\/27\/revisions"}],"predecessor-version":[{"id":197,"href":"https:\/\/portfolio.uqac.ca\/mousajavidani\/wp-json\/wp\/v2\/pages\/27\/revisions\/197"}],"wp:attachment":[{"href":"https:\/\/portfolio.uqac.ca\/mousajavidani\/wp-json\/wp\/v2\/media?parent=27"}],"wp:term":[{"taxonomy":"post_tag","embeddable":true,"href":"https:\/\/portfolio.uqac.ca\/mousajavidani\/wp-json\/wp\/v2\/tags?post=27"}],"curies":[{"name":"wp","href":"https:\/\/api.w.org\/{rel}","templated":true}]}}