{"id":4,"date":"2020-10-02T15:23:38","date_gmt":"2020-10-02T19:23:38","guid":{"rendered":"http:\/\/portfolio-pre.uqac.ca\/gabarit\/?page_id=4"},"modified":"2020-10-02T20:00:12","modified_gmt":"2020-10-03T00:00:12","slug":"presentatio","status":"publish","type":"page","link":"https:\/\/portfolio.uqac.ca\/mousajavidani\/","title":{"rendered":"Pr\u00e9sentation"},"content":{"rendered":"<h2>Mousa Javidani<\/h2>\n<p>Professeur au D\u00e9partement des Sciences Appliqu\u00e9es, Ph.D.<\/p>\n<h2>Domaine<\/h2>\n<p>G\u00e9nie des Mat\u00e9riaux et de la M\u00e9tallurgie<\/p>\n<h2>Champs d&#8217;int\u00e9r\u00eat<\/h2>\n<ul>\n<li>Transformations de Phase (Alliages d&#8217;Aluminium, et Aciers);<\/li>\n<li>Propri\u00e9t\u00e9s thermom\u00e9caniques;<\/li>\n<li>Coul\u00e9e et Solidification;<\/li>\n<li>Coul\u00e9e Semi-Continue \u00e0 Refroidissement Direct (DC-Casting);<\/li>\n<li>Fabrication Additive;<\/li>\n<li>Calcul Thermodynamique, et Mod\u00e9lisation du Traitement des Mat\u00e9riaux;<\/li>\n<li>Analyse et Caract\u00e9risation de la Microstructure.<\/li>\n<\/ul>\n","protected":false},"excerpt":{"rendered":"<p>Mousa Javidani Professeur au D\u00e9partement des Sciences Appliqu\u00e9es, Ph.D. Domaine G\u00e9nie des Mat\u00e9riaux et de la M\u00e9tallurgie Champs d&#8217;int\u00e9r\u00eat Transformations de Phase (Alliages d&#8217;Aluminium, et Aciers); Propri\u00e9t\u00e9s thermom\u00e9caniques; Coul\u00e9e et Solidification; Coul\u00e9e Semi-Continue \u00e0 Refroidissement Direct (DC-Casting); Fabrication Additive; Calcul Thermodynamique, et Mod\u00e9lisation du Traitement des Mat\u00e9riaux; Analyse et Caract\u00e9risation de la Microstructure.<\/p>\n","protected":false},"author":89,"featured_media":0,"parent":0,"menu_order":0,"comment_status":"closed","ping_status":"closed","template":"","meta":{"footnotes":""},"tags":[],"_links":{"self":[{"href":"https:\/\/portfolio.uqac.ca\/mousajavidani\/wp-json\/wp\/v2\/pages\/4"}],"collection":[{"href":"https:\/\/portfolio.uqac.ca\/mousajavidani\/wp-json\/wp\/v2\/pages"}],"about":[{"href":"https:\/\/portfolio.uqac.ca\/mousajavidani\/wp-json\/wp\/v2\/types\/page"}],"author":[{"embeddable":true,"href":"https:\/\/portfolio.uqac.ca\/mousajavidani\/wp-json\/wp\/v2\/users\/89"}],"replies":[{"embeddable":true,"href":"https:\/\/portfolio.uqac.ca\/mousajavidani\/wp-json\/wp\/v2\/comments?post=4"}],"version-history":[{"count":16,"href":"https:\/\/portfolio.uqac.ca\/mousajavidani\/wp-json\/wp\/v2\/pages\/4\/revisions"}],"predecessor-version":[{"id":184,"href":"https:\/\/portfolio.uqac.ca\/mousajavidani\/wp-json\/wp\/v2\/pages\/4\/revisions\/184"}],"wp:attachment":[{"href":"https:\/\/portfolio.uqac.ca\/mousajavidani\/wp-json\/wp\/v2\/media?parent=4"}],"wp:term":[{"taxonomy":"post_tag","embeddable":true,"href":"https:\/\/portfolio.uqac.ca\/mousajavidani\/wp-json\/wp\/v2\/tags?post=4"}],"curies":[{"name":"wp","href":"https:\/\/api.w.org\/{rel}","templated":true}]}}