{"id":46,"date":"2020-10-02T15:23:38","date_gmt":"2020-10-02T19:23:38","guid":{"rendered":"http:\/\/portfolio-pre.uqac.ca\/gabarit\/?page_id=46"},"modified":"2020-10-23T16:18:55","modified_gmt":"2020-10-23T20:18:55","slug":"recherche","status":"publish","type":"page","link":"https:\/\/portfolio.uqac.ca\/mousajavidani\/recherche\/","title":{"rendered":"Recherche"},"content":{"rendered":"<p>D\u00e9veloppement de Produits et de Proc\u00e9d\u00e9s pour les Alliages d&#8217;Aluminium<\/p>\n","protected":false},"excerpt":{"rendered":"<p>D\u00e9veloppement de Produits et de Proc\u00e9d\u00e9s pour les Alliages d&#8217;Aluminium<\/p>\n","protected":false},"author":89,"featured_media":0,"parent":0,"menu_order":0,"comment_status":"closed","ping_status":"closed","template":"","meta":{"footnotes":""},"tags":[],"_links":{"self":[{"href":"https:\/\/portfolio.uqac.ca\/mousajavidani\/wp-json\/wp\/v2\/pages\/46"}],"collection":[{"href":"https:\/\/portfolio.uqac.ca\/mousajavidani\/wp-json\/wp\/v2\/pages"}],"about":[{"href":"https:\/\/portfolio.uqac.ca\/mousajavidani\/wp-json\/wp\/v2\/types\/page"}],"author":[{"embeddable":true,"href":"https:\/\/portfolio.uqac.ca\/mousajavidani\/wp-json\/wp\/v2\/users\/89"}],"replies":[{"embeddable":true,"href":"https:\/\/portfolio.uqac.ca\/mousajavidani\/wp-json\/wp\/v2\/comments?post=46"}],"version-history":[{"count":3,"href":"https:\/\/portfolio.uqac.ca\/mousajavidani\/wp-json\/wp\/v2\/pages\/46\/revisions"}],"predecessor-version":[{"id":194,"href":"https:\/\/portfolio.uqac.ca\/mousajavidani\/wp-json\/wp\/v2\/pages\/46\/revisions\/194"}],"wp:attachment":[{"href":"https:\/\/portfolio.uqac.ca\/mousajavidani\/wp-json\/wp\/v2\/media?parent=46"}],"wp:term":[{"taxonomy":"post_tag","embeddable":true,"href":"https:\/\/portfolio.uqac.ca\/mousajavidani\/wp-json\/wp\/v2\/tags?post=46"}],"curies":[{"name":"wp","href":"https:\/\/api.w.org\/{rel}","templated":true}]}}