{"id":4,"date":"2019-04-24T14:46:45","date_gmt":"2019-04-24T18:46:45","guid":{"rendered":"http:\/\/portfolio-pre.uqac.ca\/gabarit\/?page_id=4"},"modified":"2019-10-29T15:24:44","modified_gmt":"2019-10-29T19:24:44","slug":"presentatio","status":"publish","type":"page","link":"https:\/\/portfolio.uqac.ca\/mustaphafahmi\/","title":{"rendered":"Pr\u00e9sentation"},"content":{"rendered":"<h2>Mustapha Fahmi<\/h2>\n<p>Professeur titulaire<br \/>\nVice-recteur \u00e0 l&#8217;enseignement, \u00e0 la recherche et \u00e0 la cr\u00e9ation (2012-2017)<\/p>\n<h2>Enseignement<\/h2>\n<ul>\n<li>\u00c0 venir.<\/li>\n<\/ul>\n<h2>Champs d&#8217;int\u00e9r\u00eat<\/h2>\n<ul>\n<li>Shakespeare<\/li>\n<li>Litt\u00e9rature et philosophie<\/li>\n<li>\u00c9thique<\/li>\n<li>Question identitaire<\/li>\n<li>Personnage litt\u00e9raire<\/li>\n<li>\u00c9cocritique<\/li>\n<\/ul>\n","protected":false},"excerpt":{"rendered":"<p>Mustapha Fahmi Professeur titulaire Vice-recteur \u00e0 l&#8217;enseignement, \u00e0 la recherche et \u00e0 la cr\u00e9ation (2012-2017) Enseignement \u00c0 venir. Champs d&#8217;int\u00e9r\u00eat Shakespeare Litt\u00e9rature et philosophie \u00c9thique Question identitaire Personnage litt\u00e9raire \u00c9cocritique<\/p>\n","protected":false},"author":89,"featured_media":0,"parent":0,"menu_order":0,"comment_status":"closed","ping_status":"closed","template":"","meta":{"footnotes":""},"tags":[],"_links":{"self":[{"href":"https:\/\/portfolio.uqac.ca\/mustaphafahmi\/wp-json\/wp\/v2\/pages\/4"}],"collection":[{"href":"https:\/\/portfolio.uqac.ca\/mustaphafahmi\/wp-json\/wp\/v2\/pages"}],"about":[{"href":"https:\/\/portfolio.uqac.ca\/mustaphafahmi\/wp-json\/wp\/v2\/types\/page"}],"author":[{"embeddable":true,"href":"https:\/\/portfolio.uqac.ca\/mustaphafahmi\/wp-json\/wp\/v2\/users\/89"}],"replies":[{"embeddable":true,"href":"https:\/\/portfolio.uqac.ca\/mustaphafahmi\/wp-json\/wp\/v2\/comments?post=4"}],"version-history":[{"count":16,"href":"https:\/\/portfolio.uqac.ca\/mustaphafahmi\/wp-json\/wp\/v2\/pages\/4\/revisions"}],"predecessor-version":[{"id":213,"href":"https:\/\/portfolio.uqac.ca\/mustaphafahmi\/wp-json\/wp\/v2\/pages\/4\/revisions\/213"}],"wp:attachment":[{"href":"https:\/\/portfolio.uqac.ca\/mustaphafahmi\/wp-json\/wp\/v2\/media?parent=4"}],"wp:term":[{"taxonomy":"post_tag","embeddable":true,"href":"https:\/\/portfolio.uqac.ca\/mustaphafahmi\/wp-json\/wp\/v2\/tags?post=4"}],"curies":[{"name":"wp","href":"https:\/\/api.w.org\/{rel}","templated":true}]}}