{"id":165,"date":"2017-03-17T14:49:56","date_gmt":"2017-03-17T18:49:56","guid":{"rendered":"http:\/\/portfolio-pre.uqac.ca\/myriamertz\/?page_id=165"},"modified":"2020-11-03T12:15:14","modified_gmt":"2020-11-03T17:15:14","slug":"realisations","status":"publish","type":"page","link":"https:\/\/portfolio.uqac.ca\/myriamertz\/realisations\/","title":{"rendered":"R\u00e9alisations"},"content":{"rendered":"<h2>Distinctions et prix obtenus<\/h2>\n<table>\n<tbody>\n<tr>\n<td width=\"255\"><strong>Distinctions et prix<\/strong><\/td>\n<td width=\"208\"><strong>Organisme<\/strong><\/td>\n<td width=\"95\"><strong>R\u00e9compense<\/strong><\/td>\n<td width=\"69\"><strong>Date<\/strong><\/td>\n<\/tr>\n<tr>\n<td width=\"255\">Prix <strong><em>AFM-AMS joint research initiative <\/em><\/strong>pour la participation au congr\u00e8s annuel de l\u2019AMS 2021.<\/p>\n<p>&nbsp;<\/td>\n<td width=\"208\">Association Fran\u00e7aise du Marketing (AFM) \u2013 Academy of Marketing Science (AMS) \u2013 Fondation Berkman<\/td>\n<td width=\"95\">1\u00a0300$<\/td>\n<td width=\"69\">2020<\/td>\n<\/tr>\n<tr>\n<td width=\"255\">Auteur s\u00e9lectionn\u00e9 pour l\u2019\u00e9v\u00e9nement honorifique <strong><em>\u00ab\u00a050 ans d\u2019\u00e9crits, 50 ans d\u2019histoire\u00a0\u00bb<\/em><\/strong> pour l\u2019ouvrage collectif \u00ab\u00a0reconfigurations des \u00e9changes marchands\u00a0\u00bb<\/td>\n<td width=\"208\">Universit\u00e9 du Qu\u00e9bec \u00e0 Chicoutimi (UQAC) et Salon du Livre<\/td>\n<td width=\"95\">Titre honorifique<\/td>\n<td width=\"69\">2019<\/td>\n<\/tr>\n<tr>\n<td width=\"255\">R\u00e9ception du <strong>\u00ab\u00a0<em>Best Student Paper Award<\/em>\u00a0\u00bb <\/strong>lors de la conf\u00e9rence annuelle de l\u2019AIMB<\/td>\n<td width=\"208\">Association of International Management and Business (AIMB)<\/td>\n<td width=\"95\">Titre honorifique<\/td>\n<td width=\"69\">2016<\/td>\n<\/tr>\n<tr>\n<td width=\"255\">Laur\u00e9ate du concours de <strong><em>\u00ab\u00a0La rel\u00e8ve en recherche marketing\u00a0\u00bb<\/em><\/strong><\/td>\n<td width=\"208\">Association pour la Recherche et l\u2019Intelligence Marketing (ARIM)<\/td>\n<td width=\"95\">2\u00a0000$<\/td>\n<td width=\"69\">2011<\/td>\n<\/tr>\n<tr>\n<td width=\"255\">Nomin\u00e9e au <strong><em>\u00ab concours Bartholdi\u00a0\u00bb<\/em><\/strong> pour la meilleure intervention \u00e0 l\u2019\u00e9tranger<\/td>\n<td width=\"208\">Fondation Bartholdi<\/p>\n<p>(France, Allemagne, Suisse)<\/td>\n<td width=\"95\">Titre honorifique<\/td>\n<td width=\"69\">2008<\/td>\n<\/tr>\n<\/tbody>\n<\/table>\n","protected":false},"excerpt":{"rendered":"<p>Distinctions et prix obtenus Distinctions et prix Organisme R\u00e9compense Date Prix AFM-AMS joint research initiative pour la participation au congr\u00e8s annuel de l\u2019AMS 2021. &nbsp; Association Fran\u00e7aise du Marketing (AFM) \u2013 Academy of Marketing Science (AMS) \u2013 Fondation Berkman 1\u00a0300$ 2020 Auteur s\u00e9lectionn\u00e9 pour l\u2019\u00e9v\u00e9nement honorifique \u00ab\u00a050 ans d\u2019\u00e9crits, 50 ans d\u2019histoire\u00a0\u00bb pour l\u2019ouvrage collectif &hellip; <a href=\"https:\/\/portfolio.uqac.ca\/myriamertz\/realisations\/\" class=\"more-link\">Continuer la lecture de <span class=\"screen-reader-text\">R\u00e9alisations<\/span>  <span class=\"meta-nav\">&rarr;<\/span><\/a><\/p>\n","protected":false},"author":167,"featured_media":0,"parent":0,"menu_order":5,"comment_status":"closed","ping_status":"closed","template":"","meta":{"footnotes":""},"tags":[],"_links":{"self":[{"href":"https:\/\/portfolio.uqac.ca\/myriamertz\/wp-json\/wp\/v2\/pages\/165"}],"collection":[{"href":"https:\/\/portfolio.uqac.ca\/myriamertz\/wp-json\/wp\/v2\/pages"}],"about":[{"href":"https:\/\/portfolio.uqac.ca\/myriamertz\/wp-json\/wp\/v2\/types\/page"}],"author":[{"embeddable":true,"href":"https:\/\/portfolio.uqac.ca\/myriamertz\/wp-json\/wp\/v2\/users\/167"}],"replies":[{"embeddable":true,"href":"https:\/\/portfolio.uqac.ca\/myriamertz\/wp-json\/wp\/v2\/comments?post=165"}],"version-history":[{"count":4,"href":"https:\/\/portfolio.uqac.ca\/myriamertz\/wp-json\/wp\/v2\/pages\/165\/revisions"}],"predecessor-version":[{"id":258,"href":"https:\/\/portfolio.uqac.ca\/myriamertz\/wp-json\/wp\/v2\/pages\/165\/revisions\/258"}],"wp:attachment":[{"href":"https:\/\/portfolio.uqac.ca\/myriamertz\/wp-json\/wp\/v2\/media?parent=165"}],"wp:term":[{"taxonomy":"post_tag","embeddable":true,"href":"https:\/\/portfolio.uqac.ca\/myriamertz\/wp-json\/wp\/v2\/tags?post=165"}],"curies":[{"name":"wp","href":"https:\/\/api.w.org\/{rel}","templated":true}]}}