{"id":18,"date":"2017-03-15T09:34:39","date_gmt":"2017-03-15T13:34:39","guid":{"rendered":"http:\/\/portfolio-pre.uqac.ca\/gabarit\/?page_id=18"},"modified":"2020-11-03T10:41:11","modified_gmt":"2020-11-03T15:41:11","slug":"enseignement","status":"publish","type":"page","link":"https:\/\/portfolio.uqac.ca\/myriamertz\/enseignement\/","title":{"rendered":"Enseignement"},"content":{"rendered":"<h3>Baccalaur\u00e9at en administration (B.A.)<\/h3>\n<ul>\n<li><a href=\"https:\/\/cours.uqac.ca\/2MAR120\">2MAR120<\/a>: Principes de marketing<\/li>\n<li><a href=\"https:\/\/cours.uqac.ca\/2MAR210\">2MAR210<\/a>: Marketing num\u00e9rique et r\u00e9seaux sociaux<\/li>\n<li><a href=\"https:\/\/cours.uqac.ca\/2MAR314\">2MAR314<\/a>: Marketing responsable<\/li>\n<li><a href=\"https:\/\/cours.uqac.ca\/2STA133\">2STA133<\/a>: Projet d&#8217;intervention en finance<\/li>\n<li><a href=\"https:\/\/cours.uqac.ca\/2STA344\">2STA344<\/a>: Projet d&#8217;intervention en marketing<\/li>\n<\/ul>\n<h3>Ma\u00eetrise en gestion des organisations (MGO)<\/h3>\n<ul>\n<li><a href=\"https:\/\/cours.uqac.ca\/2mgo725\">2MGO725<\/a>: M\u00e9thodologie de la recherche et de l&#8217;intervention<\/li>\n<li><a href=\"https:\/\/cours.uqac.ca\/2MGO707\">2MGO707<\/a>: S\u00e9minaire de sp\u00e9cialisation I<\/li>\n<li><a href=\"https:\/\/cours.uqac.ca\/2MGO708\">2MGO708<\/a>: S\u00e9minaire de sp\u00e9cialisation II<\/li>\n<li><a href=\"https:\/\/cours.uqac.ca\/2MGO732\">2MGO732<\/a>: Projet d&#8217;intervention<\/li>\n<li><a href=\"https:\/\/cours.uqac.ca\/2MGO733\">2MGO733<\/a>: Essai<\/li>\n<li><a href=\"https:\/\/cours.uqac.ca\/2MGO740A\">2MGO740A-C<\/a>: Projet de m\u00e9moire<\/li>\n<li><a href=\"https:\/\/cours.uqac.ca\/2RECHER\">2RECHER<\/a>: M\u00e9moire<\/li>\n<\/ul>\n<h3>Doctorat en management de projets (DMP)<\/h3>\n<ul>\n<li><a href=\"https:\/\/cours.uqac.ca\/DMP9019\">DMP9019<\/a>: M\u00e9thodologie de la recherche appliqu\u00e9e<\/li>\n<li><a href=\"https:\/\/cours.uqac.ca\/DMP9008\">DMP9008<\/a>: S\u00e9minaire de sp\u00e9cialisation II<\/li>\n<\/ul>\n","protected":false},"excerpt":{"rendered":"<p>Baccalaur\u00e9at en administration (B.A.) 2MAR120: Principes de marketing 2MAR210: Marketing num\u00e9rique et r\u00e9seaux sociaux 2MAR314: Marketing responsable 2STA133: Projet d&#8217;intervention en finance 2STA344: Projet d&#8217;intervention en marketing Ma\u00eetrise en gestion des organisations (MGO) 2MGO725: M\u00e9thodologie de la recherche et de l&#8217;intervention 2MGO707: S\u00e9minaire de sp\u00e9cialisation I 2MGO708: S\u00e9minaire de sp\u00e9cialisation II 2MGO732: Projet d&#8217;intervention 2MGO733: &hellip; <a href=\"https:\/\/portfolio.uqac.ca\/myriamertz\/enseignement\/\" class=\"more-link\">Continuer la lecture de <span class=\"screen-reader-text\">Enseignement<\/span>  <span class=\"meta-nav\">&rarr;<\/span><\/a><\/p>\n","protected":false},"author":89,"featured_media":0,"parent":0,"menu_order":2,"comment_status":"closed","ping_status":"closed","template":"","meta":{"footnotes":""},"tags":[35,30,29,34,32,36,31,38,33,37,40,39],"_links":{"self":[{"href":"https:\/\/portfolio.uqac.ca\/myriamertz\/wp-json\/wp\/v2\/pages\/18"}],"collection":[{"href":"https:\/\/portfolio.uqac.ca\/myriamertz\/wp-json\/wp\/v2\/pages"}],"about":[{"href":"https:\/\/portfolio.uqac.ca\/myriamertz\/wp-json\/wp\/v2\/types\/page"}],"author":[{"embeddable":true,"href":"https:\/\/portfolio.uqac.ca\/myriamertz\/wp-json\/wp\/v2\/users\/89"}],"replies":[{"embeddable":true,"href":"https:\/\/portfolio.uqac.ca\/myriamertz\/wp-json\/wp\/v2\/comments?post=18"}],"version-history":[{"count":10,"href":"https:\/\/portfolio.uqac.ca\/myriamertz\/wp-json\/wp\/v2\/pages\/18\/revisions"}],"predecessor-version":[{"id":239,"href":"https:\/\/portfolio.uqac.ca\/myriamertz\/wp-json\/wp\/v2\/pages\/18\/revisions\/239"}],"wp:attachment":[{"href":"https:\/\/portfolio.uqac.ca\/myriamertz\/wp-json\/wp\/v2\/media?parent=18"}],"wp:term":[{"taxonomy":"post_tag","embeddable":true,"href":"https:\/\/portfolio.uqac.ca\/myriamertz\/wp-json\/wp\/v2\/tags?post=18"}],"curies":[{"name":"wp","href":"https:\/\/api.w.org\/{rel}","templated":true}]}}