{"id":20,"date":"2017-03-15T09:34:39","date_gmt":"2017-03-15T13:34:39","guid":{"rendered":"http:\/\/portfolio-pre.uqac.ca\/gabarit\/?page_id=20"},"modified":"2020-11-03T12:09:12","modified_gmt":"2020-11-03T17:09:12","slug":"publications","status":"publish","type":"page","link":"https:\/\/portfolio.uqac.ca\/myriamertz\/publications\/","title":{"rendered":"Recherche"},"content":{"rendered":"<h3>Publications &#8211; Revues arbitr\u00e9es (FI)<\/h3>\n<p><em>S\u00e9lection de publications r\u00e9alis\u00e9es au cours des 5 derni\u00e8res ann\u00e9es.<\/em><\/p>\n<p>Kashav, S., Centobelli, P., Cerchione, R., <strong>Ertz, M.<\/strong> (sous presse). Food Cold Chain Management: A research-based agenda. <strong><em>Supply Chain management: An International Journal<\/em><\/strong>. <a href=\"https:\/\/doi.org\/10.1108\/SCM-12-2019-0452\">https:\/\/doi.org\/10.1108\/SCM-12-2019-0452<\/a>.<\/p>\n<p>Sun, S.,\u00a0<strong>Ertz, M.,<\/strong>\u00a0(2021). Contribution of bike-sharing to urban resources conservation: The case of free-floating bike-sharing.\u00a0<strong><em>Journal of Cleaner Production<\/em><\/strong>, 280(2), 124416.<\/p>\n<p><strong>Ertz<\/strong>, M., Sarig\u00f6ll\u00fc, E., Karakas, F., Chehab, O. (2020). From TV to destination brand equity: The impact of Turkish TV dramas on visit and purchase intentions. <strong><em>Journal of Consumer Behaviour<\/em><\/strong>. <a href=\"https:\/\/doi.org\/10.1002\/cb.1891\">https:\/\/doi.org\/10.1002\/cb.1891<\/a>.<\/p>\n<p>Sakshi, Tandon, U., Ertz, M., Bansal, H. (2020). Social vacation: Proposition of a model to understand tourists\u2019 usage of social media for travel planning. <strong><em>Technology in Society<\/em><\/strong>, 63, 101438.<\/p>\n<p>Sarig\u00f6ll\u00fc, E., Hou, C., <strong>Ertz, M.<\/strong> (2020). Sustainable product disposal: Consumer redistributing behaviors versus hoarding and throwing away. <strong><em>Business Strategy &amp; the Environment<\/em><\/strong>. <a href=\"https:\/\/doi.org\/10.1002\/bse.2624\">https:\/\/doi.org\/10.1002\/bse.2624<\/a>.<\/p>\n<p>Kashav, S., Centobelli, P, Cerchione, R., <strong>Ertz, M.<\/strong> (2020). Agile supply chain management: Where did it come from and where will it go in the era of digital transformation? <strong><em>Industrial Marketing Management<\/em><\/strong>, 90, 324-345.<\/p>\n<p>De Ferran, F., Robinot, E., <strong>Ertz, M.<\/strong> (2020). Which determining factors foster disposition behaviors other than throwing goods away? <strong><em>Resources, Conservation &amp; Recycling<\/em><\/strong>, 156, 104682.<\/p>\n<p>Kashav, S., Centobelli, P., Cerchione, R., <strong>Ertz, M.<\/strong> (2020). Managing supply chain resilience to pursue business and environmental strategies. <strong><em>Business Strategy and the Environment<\/em><\/strong>, 29(3), 1215-1246.<\/p>\n<p><strong>Ertz, M.<\/strong>, Patrick, K. (2020). The future of sustainable healthcare: Extending product lifecycles. <strong><em>Resources, Conservation &amp; Recycling<\/em><\/strong>, 153, 104589.<\/p>\n<p>Menvielle, L., Audrain-Pontevia, A.-F., <strong>Ertz, M.<\/strong>, (2019). Effects of three antecedents of patient compliance for users of peer-to-peer online health communities. <strong><em>Journal of Medical Internet Research<\/em><\/strong>, 21(11), e14006.<\/p>\n<p><strong>Ertz, M.<\/strong>, Sarig\u00f6ll\u00fc, E. (2019). The behavior-attitude relationship and satisfaction in pro-environmental behavior. <strong><em>Environment &amp; Behavior, <\/em><\/strong>51(9-10), 1106-1132.<\/p>\n<p><strong>Ertz, M.<\/strong>, Leblanc-Proulx, S., Sarig\u00f6ll\u00fc, E., Morin, V. (2019). Advancing quantitative rigor in the circular economy literature: New methodology for product lifetime extension business models. <strong><em>Resources, Conservation &amp; Recycling<\/em><\/strong>, 150, 104437.<\/p>\n<p><strong>Ertz, M.<\/strong>, Leblanc-Proulx, S., Sarig\u00f6ll\u00fc, E., Morin, V. (2019). Proposition of a taxonomy of product lifetime extension business models.\u00a0<strong><em>Journal of Cleaner Production<\/em><\/strong>, 234, 867-880.<\/p>\n<p><strong>Ertz, M.<\/strong>, Sarig\u00f6ll\u00fc, E. (2019). Assessment of the potential for sustainable value chains in the collaborative economy. <strong><em>Sustainability<\/em><\/strong>, 11(2), 1-12.<\/p>\n<p>Hallegatte, D., <strong>Ertz, M.<\/strong>, Marticotte, F. (2018). Blending the past and the present in a retromarketing music concert offering: The impact of nostalgia proneness. <strong><em>Journal of Product &amp; Brand Management, <\/em><\/strong>27(5), 484-497.<\/p>\n<p><strong>Ertz, M.<\/strong>, Lecompte, A., Durif, F. (2018). \u201cIt\u2019s not my fault, I am in the right!\u201d Exploration of neutralization in the justification of the use of a controversial technological collaborative consumption service. <strong><em>Technological Forecasting &amp; Social Change<\/em><\/strong>, 134, 254-264.<\/p>\n<p><strong>Ertz, M.<\/strong>, Leblanc-Proulx, S. (2018). Sustainability in the collaborative economy: A bibliometric analysis reveals emerging interest. <strong><em>Journal of Cleaner Production<\/em><\/strong>, 196, 1073-1085.<\/p>\n<p>Jiao, Y., <strong>Ertz, M.<\/strong>, Jo, M.-S., Sarig\u00f6ll\u00fc, E. (2018). Social value, content value, and brand equity in social media brand communities: A comparison of Chinese and U.S. consumers. <strong><em>International Marketing Review<\/em><\/strong>, 35(1), 18-41.<\/p>\n<p><strong>Ertz, M.<\/strong>, Lecompte, A. Durif, F. (2017). Dual roles of consumers: Towards an insight in collaborative consumption motives. <strong><em>International Journal of Market Research<\/em><\/strong>, 59(6), 725-748.<\/p>\n<p>Robinot, E., <strong>Ertz, M.<\/strong>, Durif, F. (2017). Jingle bells or \u2018green\u2019 bells? The impact of socially responsible consumption principles upon consumer behavior at Christmas time. <strong><em>International Journal of Consumer Studies<\/em><\/strong>, 41(6), 605-617.<\/p>\n<p>Rodier, F., Durif, F., <strong>Ertz, M.<\/strong> (2017). Food deserts: Is it only about a limited access? <strong><em>British Food Journal<\/em><\/strong>, 119(7), 1495-1510.<\/p>\n<p><strong>Ertz, M.<\/strong>, Huang, R., Jo, M.-Y., Karakas, F., Sarig\u00f6ll\u00fc, E. (2017). From single-use to multi-use: Study of consumers\u2019 behavior toward consumption of reusable containers. <strong><em>Journal of Environmental Management<\/em><\/strong>, 193, 334-344.<\/p>\n<p><strong>Ertz, M.<\/strong>, Karakas, F., Sarig\u00f6ll\u00fc, E. (2016). Exploring pro-environmental behaviors of consumers: An analysis of contextual factors, attitude and behaviors. <strong><em>Journal of Business Research<\/em><\/strong>, 69(10), 3971-3980.<\/p>\n<h3>Publications &#8211; Revues arbitr\u00e9es<\/h3>\n<p>Hallegatte, D., <strong>Ertz, M.<\/strong> (2020). Should deception be used in marketing experiments? Proposal of a cost-benefit approach. <strong><em>Journal of Marketing Trends<\/em><\/strong>, 5(3), 58-66.<\/p>\n<p><strong>Ertz, M.<\/strong> (2020). El consumo colaborativo: de palabra de moda a t\u00e9rmino conceptual. Las tres caras de la econom\u00eda compartida. <strong><em>Oikonomics<\/em><\/strong>, 14(octobre), 1-14.<\/p>\n<p><strong>Ertz, M.<\/strong> (2020). Collaborative consumption, a buzzword that has gone conceptual: Three shades of the sharing economy. <strong><em>Oikonomics<\/em><\/strong>, 14(octobre), 1-14.<\/p>\n<p>Sun, S., <strong>Ertz, M.<\/strong> (2020). Life cycle assessment and Monte Carlo simulation to evaluate the environmental impact of promoting LNG vehicles. <strong><em>MethodsX<\/em><\/strong>, 7, 101046.<\/p>\n<p><strong>Ertz, M.<\/strong>, Boily, E. (2019). The rise of the digital economy: Thoughts on blockchain technology and cryptocurrencies for the collaborative economy. <strong><em>International Journal of Innovation Studies<\/em><\/strong>, 3(4), 84-93. <em>Article invit\u00e9, libre de frais d\u2019OA<\/em>.<\/p>\n<p><strong>Ertz, M.<\/strong>, Karakas, F., Stapenhurst, F., Draman, R., Sarig\u00f6ll\u00fc, E., Jo, M.-S. (2019). Misconduct in business: An integrated review. <strong><em>Critical Perspectives on International Business<\/em><\/strong>, 16(3), 209-231.<\/p>\n<p><strong>Ertz, M.<\/strong>, Bousquet, J., Hallegatte, D. (2019). Retour vers le futur de l\u2019\u00e9change marchand. <strong><em>Organisations &amp; Territoires<\/em><\/strong>, 28(2), 99-113.<\/p>\n<p>Boily, E., <strong>Ertz, M.<\/strong> (2019). La technologie de la cha\u00eene de blocs (Blockchain)\u00a0: catalyseur ou inhibiteur de l\u2019\u00e9conomie collaborative? <strong><em>Organisations &amp; Territoires<\/em><\/strong>, 28(2), 115-127.<\/p>\n<p><strong>Ertz, M.<\/strong>, Arsenault, J. (2019). Towards a technocratic governance system? <strong><em>International Journal of Innovation Studies, <\/em><\/strong>3(3), 71-72. <em>Article invit\u00e9, libre de frais d\u2019OA<\/em>.<\/p>\n<p><strong>Ertz, M.<\/strong>, Durif, F., Arcand, M. (2019). A conceptual perspective on collaborative consumption. <strong><em>Academy of Marketing Science Review<\/em><\/strong>, 9(1-2), 27-41.<\/p>\n<p><strong>Ertz, M.<\/strong>, Leblanc-Proulx, S. (2019). Review of a proposed methodology for bibliometric and visualization analyses for organizations: application to the collaboration economy. <strong><em>Journal of Marketing Analytics<\/em><\/strong>, 7(2), 84-93.<\/p>\n<p>Arsenault, J., <strong>Ertz, M.<\/strong> (2018). Bitcoin et cha\u00eene de blocs\u00a0: \u00e9tat des lieux et implications pour la gouvernance mondiale. \u00a0<strong><em>Organisations &amp; Territoires, <\/em><\/strong>27(2), 117-127.<\/p>\n<p><strong>Ertz, M.<\/strong>, Durif, F., Arcand, M. (2018). Towards a multilife marketing: How goods multiple lives practices create value for consumers. <strong><em>Journal of Promotion Management, <\/em><\/strong>24(6), 863-894. <strong><em>\u00a0<\/em><\/strong><\/p>\n<p><strong>Ertz, M.<\/strong>, Durif, F., Lecompte, A., Boivin, C. (2018). Does \u2018sharing\u2019 mean \u2018socially responsible consuming\u2019? Exploration of the relationship between collaborative consumption and socially responsible consumption. <strong><em>Journal of Consumer Marketing<\/em><\/strong>, 35(4), 392-402.<\/p>\n<p><strong>Ertz, M.<\/strong> (2017). Consommation collaborative ou la rencontre improbable entre organisations, communaut\u00e9s et individus. <strong><em>Organisations &amp; Territoires<\/em><\/strong>, 26(1-2), 151-164.<\/p>\n<p><strong>Ertz, M.<\/strong>, Durif, F., Arcand, M., (2017). Business at the fingertips of consumers: A scale for measuring motivations to resell products online. <strong><em>The International Review of Retail, Distribution and Consumer Research<\/em><\/strong>, 28(1), 92-114.<\/p>\n<p>Zeng, T., <strong>Ertz, M.<\/strong>, Durif, F. (2017). Examination of a specific form of eco-packaging design: The case of eco-packaging. <strong><em>International Journal of Management and Business<\/em><\/strong>, 8(1), 50-74.<\/p>\n<p><strong>Ertz, M.<\/strong>, Durif, F., Arcand, M. (2017). An analysis of the origins of collaborative consumption and its implications for marketing. <strong><em>Academy of Marketing Studies Journal<\/em><\/strong>, 21(1), 1-17.<\/p>\n<p><strong>Ertz, M.<\/strong>, Durif, F., Arcand, M. (2017). A tale of browsers and hunters: Exploration of diverging consumer profiles and their characteristics in the secondhand marketplace. <strong><em>International Journal of Business<\/em><\/strong>, 22(1), 70-84.<\/p>\n<p><strong>Ertz, M.<\/strong>, Durif, F., Arcand, M. (2017). Life after death? Study of goods multiple lives practices. <strong><em>Journal of Consumer Marketing<\/em><\/strong>, 34(2), 108-118.<\/p>\n<p><strong>Ertz, M.<\/strong>, Fran\u00e7ois, J., Durif, F. (2017). How consumers react to environmental information: An experimental study. <strong><em>Journal of International Consumer Marketing<\/em><\/strong>, 29(3), 162-178.<\/p>\n<p><strong>Ertz, M.<\/strong>, Durif, F., Arcand, M. (2016). Collaborative consumption: Conceptual snapshot at a buzzword. <strong><em>Journal of Entrepreneurship Education<\/em><\/strong>, 19(2), 1-23.<\/p>\n<p><strong>Ertz, M.<\/strong> (2016). Proposition of an integrative theory of socially-responsible consumption behavior. <strong><em>Electronic Green Journal<\/em><\/strong><em>, <\/em>39(1), 1-18.<\/p>\n<p><strong>Ertz, M.<\/strong>, Durif, F., Arcand, M. (2015). Online product disposition on the rise: The specific case of online resale. <strong><em>Marketing Review St. Gallen<\/em><\/strong>, 32(5), 66-76.<\/p>\n<p><strong>Ertz, M.<\/strong>, Graf, R. (2015). Spotting the elusive prospect customer: Exploratory study of a web-powered customer relationship management framework. <strong><em>Journal of Applied Business Research<\/em><\/strong>, 31(5), 1835-1850.<\/p>\n<p><strong>Ertz, M.<\/strong> (2015). Women trust others, men trust numbers: A conceptual analysis of the impact of online feedback mechanisms on men and women. <strong><em>International Journal of Business and Information<\/em><\/strong>, 10(3), 387-412.<\/p>\n<p><strong>Ertz, M.<\/strong>, Graf, R. (2015). How do they behave on the web? An exploratory study of web-mining for analytical customer relationship management. <strong><em>International Journal of Electronic Commerce Studies<\/em><\/strong>, 6(2), 289-304.<\/p>\n<h3>Autres publications (plateformes non-arbitr\u00e9es)<\/h3>\n<p>Trespeuch, L., Corne, A., Parguel, B., Kr\u00e9ziak, D., Robinot, \u00c9., Durif, F., De Ferran, F., Michel, H., Giannelloni, J.-L., Fontant, J.-M., Botti, L., Lajante, M., Lalancette, M., <strong>Ertz, M.<\/strong>, Peypoch, N. (2020). La pand\u00e9mie va-t-elle (vraiment) changer nos habitudes? <strong><em>The Conversation<\/em><\/strong>, 11 mai 2020.<\/p>\n<p><strong>Ertz, M.<\/strong>, Rouzi\u00e8s, D., Sarigollu, E. (2017). Comment le bien-\u00eatre des salari\u00e9s g\u00e9n\u00e8re de la rentabilit\u00e9. <strong><em>Harvard Business Review France<\/em><\/strong>, 18 juillet 2017.<\/p>\n<h3>Ouvrages\u00a0\u00e9dit\u00e9s<\/h3>\n<p><strong>Ertz, M.<\/strong>, Bousquet, J., Hallegatte, D. (Dir.) (2019). <em>Les reconfigurations de l\u2019\u00e9change marchand: Tour d\u2019horizon, enjeux et perspectives<\/em>. Qu\u00e9bec\u00a0: Presses Universitaires du Qu\u00e9bec.<\/p>\n<h3>Chapitres de livres<\/h3>\n<p>Ertz, M., Sun, S. (accept\u00e9). Environmental impact of free-floating bike sharing: From life cycle perspective. In C. Baskar (Ed.) <strong><em>Handbook of solid waste management<\/em><\/strong>. Springer Nature.<\/p>\n<p><strong>Ertz, M.<\/strong> (accept\u00e9). Cascades: What is it and how did it reach sustainability in a highly competitive sector? Dans J. Bhattacharyya (Dir.) <strong><em>Social and Sustainability Marketing: A Casebook for Reaching Your Socially Responsible Consumers through Marketing Science<\/em><\/strong>. Taylor &amp; Francis. SSM2020-02066.<\/p>\n<p><strong>Ertz, M.,<\/strong> Sun, S., Boily, E., Yao Quenum, G.G., Patrick, K., Laghrib, Y., Hallegatte, D., Bousquet, J., Latrous, I. (accept\u00e9). Nouveau marketing de produit pour la durabilit\u00e9: Comment l\u2019industrie 4.0 contribue-t-elle \u00e0 la consommation durable par des produits augment\u00e9s. Dans S. Dekhili (Dir.) <strong><em>Comment le marketing peut-il relancer un d\u00e9veloppement durable \u00e0 bout de souffle?<\/em><\/strong> (pp. X). Iste-Wiley.<\/p>\n<p>Corne, L., Parguel, B., Kr\u00e9ziak, D., Robinot, \u00c9., Durif, F., De Ferran, F., Michel, H., Giannelloni, J.-L., Fontant, J.-M., Botti, L., Lajante, M., Lalancette, M., <strong>Ertz, M.,<\/strong> Peypoch, N. (2020). 9. La pand\u00e9mie de Covid-19 et ses impacts-9.1. R\u00e9flexions et analyses-102. La pand\u00e9mie va-t-elle (vraiment) changer nos habitudes? Dans P. Provost et T. Lef\u00e8vre (Dir.) <strong><em>Collection Des Universitaires \u2013 Num\u00e9ro inaugural, Tome 1,\u00a02019-2020\u00a0: Des Universitaires descendent de leur tour d\u2019ivoire<\/em><\/strong> (pp. 116-118). Regroupement Des Universitaires.<\/p>\n<p>Boily, E., <strong>Ertz, M.,<\/strong> (2020). When giants meet: Collaborative economy, blockchain technology, and social media. Dans R. Leon (Ed.) <strong><em>Strategies for Business Sustainability in a collaborative economy<\/em><\/strong> (pp. 81-101). Hershey, PA: IGI Global.<\/p>\n<p>Leblanc-Proulx, S., <strong>Ertz, M.,<\/strong> Sarig\u00f6ll\u00fc, E. (2019). Taxonomie des mod\u00e8les d\u2019affaires li\u00e9s \u00e0 l\u2019extension de la dur\u00e9e de vie des produits. Dans M. Ertz, J. Bousquet et D. Hallegatte (Dir.) <strong><em>Les reconfigurations de l\u2019\u00e9change marchand : Tour d\u2019horizon, enjeux et perspectives<\/em><\/strong> (pp. 155-186). Qu\u00e9bec : Presses Universitaires du Qu\u00e9bec.<\/p>\n<p>Ertz, M., et Leblanc-Proulx, S. (2019). \u201c<a href=\"https:\/\/www.researchgate.net\/publication\/330158461_Bibliometric_Analysis_of_the_Collaborative_Economy_Research_Field\">Bibliometric analysis of the collaborative economy research field<\/a>,\u201d <strong><em>SAGE Research Methods Cases Part 2<\/em><\/strong>. London: SAGE Publications.<\/p>\n<p>Ertz, M. et Durif, F. (2017). \u00ab <a href=\"https:\/\/books.google.ca\/books?hl=fr&amp;lr=&amp;id=WNDhDgAAQBAJ&amp;oi=fnd&amp;pg=PP2&amp;dq=D%C3%A9finition+de+la+consommation+collaborative+et+des+concepts+associ%C3%A9s&amp;ots=5hL_miXuvU&amp;sig=h-JiNDvmjSXRi_JR_VMO7KL7iaY&amp;redir_esc=y#v=onepage&amp;q=D%C3%A9finition%20de%20la%20consommation%20collaborative%20et%20des%20concepts%20associ%C3%A9s&amp;f=false\">D\u00e9finition de la consommation collaborative et des concepts associ\u00e9s<\/a>, \u00bb dans A. Decrop (\u00c9d.) <strong><em>La consommation collaborative\u00a0: Enjeux et d\u00e9fis de la nouvelle soci\u00e9t\u00e9 du partage<\/em><\/strong> (pp. 33-54). Brussels: De Boeck.<\/p>\n<p>Ertz, M. et Graf, R. (2017). \u00ab <a href=\"https:\/\/books.google.ca\/books?hl=fr&amp;lr=&amp;id=DLE0DwAAQBAJ&amp;oi=fnd&amp;pg=PT276&amp;dq=Web-mining+and+prospective+e-customer+knowledge+acquisition&amp;ots=lCGQhC9eWF&amp;sig=pBWDrOHLcHftLi4AX_MY_uWQTPI&amp;redir_esc=y#v=onepage&amp;q=Web-mining%20and%20prospective%20e-customer%20knowledge%20acquisition&amp;f=false\">Web-mining and prospective e-customer knowledge acquisition<\/a>,&#8221; dans S. Kadry (\u00c9d.)\u00a0<strong><em>Innovations in E-Systems for Business and Commerce<\/em><\/strong><em>.\u00a0<\/em>Waretown, New Jersey: Apple Academic Press.<\/p>\n<p>Durif, F., Ertz, M., et Bigot, A. (2016). \u00ab \u00c9conomie collaborative : vers un nouveau mod\u00e8le socio-\u00e9conomique,\u00a0\u00bb Cl\u00e9 Vie Num\u00e9rique. Dans A. Poitras (Ed.) <strong><em>L\u2019\u00c9tat du Qu\u00e9bec 2016<\/em><\/strong> (pp. 95-101), Montr\u00e9al, Qu\u00e9bec: \u00c9ditions du Bor\u00e9al.<\/p>\n<h3>\u00c9tudes de cas<\/h3>\n<p><strong>Ertz<\/strong>, M., Sarig\u00f6ll\u00fc, E. (2020).<a href=\"https:\/\/www.thecasecentre.org\/educators\/products\/view?id=167374&amp;ueid=emup-2020-3-28\"> The fast fashion and the furious marketing: Reforming an industry and a discipline toward sustainability<\/a>. <strong><em>The Case Centre<\/em><\/strong>.<\/p>\n<p><strong>Ertz<\/strong>, M., Sarig\u00f6ll\u00fc, E. (2020). <a href=\"https:\/\/www.thecasecentre.org\/educators\/products\/view?id=167376&amp;ueid=emup-2020-3-15\">From financial responsibility to broadened responsibility in the clothing industry<\/a>. <strong><em>The Case Centre<\/em><\/strong>.<\/p>\n<h3>Contribution encyclop\u00e9diques<\/h3>\n<p>Ertz, M. (accept\u00e9). The Platform Economy, <strong><em>Encyclopedia<\/em><\/strong>.<\/p>\n<p>Ertz, M. (2019). <a href=\"https:\/\/encyclopedia.pub\/264\">Collaborative consumption<\/a>, <em><strong>Encyclopedia<\/strong><\/em>, 2019, v1.<\/p>\n<p>&nbsp;<\/p>\n","protected":false},"excerpt":{"rendered":"<p>Publications &#8211; Revues arbitr\u00e9es (FI) S\u00e9lection de publications r\u00e9alis\u00e9es au cours des 5 derni\u00e8res ann\u00e9es. Kashav, S., Centobelli, P., Cerchione, R., Ertz, M. (sous presse). Food Cold Chain Management: A research-based agenda. Supply Chain management: An International Journal. https:\/\/doi.org\/10.1108\/SCM-12-2019-0452. Sun, S.,\u00a0Ertz, M.,\u00a0(2021). Contribution of bike-sharing to urban resources conservation: The case of free-floating bike-sharing.\u00a0Journal of &hellip; <a href=\"https:\/\/portfolio.uqac.ca\/myriamertz\/publications\/\" class=\"more-link\">Continuer la lecture de <span class=\"screen-reader-text\">Recherche<\/span>  <span class=\"meta-nav\">&rarr;<\/span><\/a><\/p>\n","protected":false},"author":89,"featured_media":0,"parent":0,"menu_order":3,"comment_status":"closed","ping_status":"closed","template":"","meta":{"footnotes":""},"tags":[16,19,13,14,17,18,21,15],"_links":{"self":[{"href":"https:\/\/portfolio.uqac.ca\/myriamertz\/wp-json\/wp\/v2\/pages\/20"}],"collection":[{"href":"https:\/\/portfolio.uqac.ca\/myriamertz\/wp-json\/wp\/v2\/pages"}],"about":[{"href":"https:\/\/portfolio.uqac.ca\/myriamertz\/wp-json\/wp\/v2\/types\/page"}],"author":[{"embeddable":true,"href":"https:\/\/portfolio.uqac.ca\/myriamertz\/wp-json\/wp\/v2\/users\/89"}],"replies":[{"embeddable":true,"href":"https:\/\/portfolio.uqac.ca\/myriamertz\/wp-json\/wp\/v2\/comments?post=20"}],"version-history":[{"count":56,"href":"https:\/\/portfolio.uqac.ca\/myriamertz\/wp-json\/wp\/v2\/pages\/20\/revisions"}],"predecessor-version":[{"id":256,"href":"https:\/\/portfolio.uqac.ca\/myriamertz\/wp-json\/wp\/v2\/pages\/20\/revisions\/256"}],"wp:attachment":[{"href":"https:\/\/portfolio.uqac.ca\/myriamertz\/wp-json\/wp\/v2\/media?parent=20"}],"wp:term":[{"taxonomy":"post_tag","embeddable":true,"href":"https:\/\/portfolio.uqac.ca\/myriamertz\/wp-json\/wp\/v2\/tags?post=20"}],"curies":[{"name":"wp","href":"https:\/\/api.w.org\/{rel}","templated":true}]}}