{"id":245,"date":"2020-11-03T10:36:29","date_gmt":"2020-11-03T15:36:29","guid":{"rendered":"http:\/\/portfolio-pre.uqac.ca\/myriamertz\/?page_id=245"},"modified":"2020-11-03T10:39:14","modified_gmt":"2020-11-03T15:39:14","slug":"medias","status":"publish","type":"page","link":"https:\/\/portfolio.uqac.ca\/myriamertz\/medias\/","title":{"rendered":"M\u00e9dias"},"content":{"rendered":"<h1>Interventions dans les m\u00e9dias<\/h1>\n<p><em>(s\u00e9lection des interventions au cours des 5 derni\u00e8res ann\u00e9es)<\/em><\/p>\n<p>Article de presse, Brisson, A.-C. (2020).\u00a0<a href=\"https:\/\/www.lequotidien.com\/actualites\/marketing-dinfluence-une-tendance-aussi-regionale-38d14c8beeb0a0481e4930162c87b00a\/lequilibre-entre-le-marketing-et-lauthenticite-b23a17e740d7fde2f9b8c60dc0e1dfc7\">L\u2019\u00e9quilibre entre le marketing et l\u2019authenticit\u00e9<\/a>. <em>Le Quotidien<\/em>, 15 ao\u00fbt 2020.<\/p>\n<p>Article de presse, Dufour, T. (2020).\u00a0<a href=\"https:\/\/www.lequotidien.com\/actualites\/une-nouvelle-facon-de-consommer-7c88e44a8e42291f7f1be4d122beb6a4\">Une nouvelle fa\u00e7on de consommer<\/a>. <em>Le Quotidien<\/em>, 17 juillet 2020.<\/p>\n<p>Article de presse, B\u00e9rard, D. (2020). <a href=\"https:\/\/unpointcinq.ca\/sinspirer\/consommation-post-covid\/\">Le consommateur post-COVID\u00a0: impatient, inquiet, conscient<\/a>. <em>Un Point Cinq<\/em>, 6 juillet 2020.<\/p>\n<p>Capsule vid\u00e9o, Ertz, M. (2020).\u00a0<a href=\"https:\/\/www.facebook.com\/watch\/?v=310012873333120\">Covid-19 | Les habitudes de consommation (capsule no.24)<\/a>. <em>CISD<\/em>, 1 juin 2020.<\/p>\n<p>Intervention radiophonique de Myriam Ertz dans Larouche, Doris (2020). <a href=\"https:\/\/ici.radio-canada.ca\/premiere\/emissions\/style-libre\/episodes\/463613\/rattrapage-du-mardi-19-mai-2020\">La pand\u00e9mie va-t-elle changer nos habitudes de consommation?<\/a> Style Libre, <em>Radio-Canada<\/em>, mardi 19 mai, 16h17.<\/p>\n<p>Article de presse L\u00e9vesque, L. (2020).\u00a0<a href=\"https:\/\/www.lequotidien.com\/actualites\/un-coup-de-marketing-pour-calmer-les-pme-touchees-selon-myriam-ertz-e186c8a810e23b03a542c6ca5d95cc84\">Un coup de marketing pour calmer les PME touch\u00e9es selon Myriam Ertz<\/a>. <em>Le Quotidien<\/em>, 11 avril 2020.<\/p>\n<p>Article de presse L\u00e9vesque, L. (2020).\u00a0<a href=\"https:\/\/www.lequotidien.com\/actualites\/les-geants-du-detail-sortent-grands-gagnants-de-la-crise-de-la-covid-19-9a792c3cdd72b1c7e75120efd17e48c3\">Les g\u00e9ants du d\u00e9tail sortent grands gagnants de la crise de la COVID-19<\/a>. <em>Le Quotidien<\/em>, 28 mars 2020.<\/p>\n<p>Article de presse, Tremblay, J. (2019).\u00a0<a href=\"https:\/\/www.journaldemontreal.com\/2019\/12\/26\/le-noel-vert-aurait-stimule-les-ventes\">Le no\u00ebl vert aurait stimul\u00e9 les ventes\u00a0<\/a>. <em>Le Journal de Montr\u00e9al<\/em>, 26 d\u00e9cembre 2019.<\/p>\n<p>Diffusion du d\u00e9bat\u00a0<a href=\"https:\/\/ruemorin.com\/2020\/01\/02\/dimanches-sans-achat\/\">Retour vers un dimanche sans achats\u00a0<\/a>. <em>Panel organis\u00e9 dans le cadre de la Journ\u00e9e Mondiale sans Achats en protestation au Black Friday<\/em>, Caf\u00e9 Cambio, Chicoutimi, Canada, 24 novembre, 2019, <a href=\"https:\/\/ceuc.ca\/dimanches-sans-achat\/?fbclid=IwAR1mkhizlzTBPncWBCl-MYnvPH8Ody7v_VYarMn594In9mKFx0C73H9tS9s\"><em>CEUCRadio<\/em><\/a>.<\/p>\n<p>Article de presse, Poirier, P.-J. (2019). <a href=\"https:\/\/www.lesaffaires.com\/mes-finances\/planification\/le-bling-bling-de-seconde-main\/614145\">Le bling-bling de seconde main<\/a>.<em> Les Affaires Plus<\/em>, 1 novembre 2019.<\/p>\n<p>Intervention t\u00e9l\u00e9phonique pour un \u00e9pisode en podcast \u00ab The case for not owning our clothes: Industry Interrupted \u00bb. <em>The Globe and Mail<\/em>, octobre 2019, <a href=\"https:\/\/podcasts.apple.com\/ca\/podcast\/the-case-for-not-owning-our-own-clothes\/id1438551396?i=1000455472285\">https:\/\/podcasts.apple.com\/ca\/podcast\/the-case-for-not-owning-our-own-clothes\/id1438551396?i=1000455472285<\/a><\/p>\n<p>Intervention t\u00e9l\u00e9visuelle sur les \u00ab\u00a0<a href=\"https:\/\/www.facebook.com\/watch\/?v=2190698187848187\">Tendances Marketing en 2019\u00a0<\/a>\u00bb, <em>RDI Matin<\/em>, 8h00, 3 janvier 2019.<\/p>\n<p>Article de presse, Lavoie, K. (2018).\u00a0<a href=\"https:\/\/www.lesoleil.com\/actualite\/soldes-dapres-noel-une-cohue-civilisee-cb79e47be58d0509c80006eef032dc23\">Les soldes d\u2019apr\u00e8s-no\u00ebl\u00a0: Une cohue civilis\u00e9e<\/a>. <em>Le Soleil<\/em>, 26 d\u00e9cembre 2018.<\/p>\n<p>Article de blog presse, Loiseau, C., Ouellet-Dionne, M. (2018).\u00a0<a href=\"https:\/\/pourquoimedia.uqam.ca\/la-reparabilite-en-chute-libre\/\">La r\u00e9parabilit\u00e9 en chute libre<\/a>. <em>Pourquoi.media<\/em>, 12 d\u00e9cembre 2018.<\/p>\n<p>Article de presse, Bouchard, S. (2018). <a href=\"https:\/\/www.lequotidien.com\/affaires\/cahier-affaires\/le-cercle-vicieux-de-loffre-et-de-la-demande-de79ffbc436580c1a9a5b26a4ecad07a\">Le cercle vicieux de l\u2019offre et de la demande<\/a>. <em>Le Quotidien<\/em>, 31 octobre 2018.<\/p>\n<p>Intervention radiophonique concernant l\u2019indice de dur\u00e9e de vie des objets et de r\u00e9parabilit\u00e9 en France et son application potentielle au Canada, <em>Radio-Canada Alberta<\/em>, \u00ab\u00a0La Crois\u00e9e\u00a0\u00bb, 18h-19h, lundi 30 avril 2018.<\/p>\n<p>Article de journal Ertz, M., Hallegatte, D., Bousquet, J. (2018).\u00a0<a href=\"https:\/\/www.lequotidien.com\/actualites\/page-uqac\/evolution-ou-revolution-ff7b2802c276de49ac813c1ec7ebbc31\">\u00c9volution ou r\u00e9volution<\/a>. <em>Le Quotidien<\/em>, dimanche 22 avril.<\/p>\n<p>Article de journal Morin, V., Simard, J., Ertz, M. (2018).\u00a0<a href=\"https:\/\/www.lequotidien.com\/actualites\/page-uqac\/uqac-la-recherche-en-gestion-dba65f8cbe6718a708fda9e05c36bae1\">UQAC\u00a0: La recherche en gestion<\/a>. <em>Le Quotidien<\/em>, lundi 12 mars.<\/p>\n<p>Article de presse, B\u00e9rard, D. (2017).\u00a0<a href=\"https:\/\/www.lesaffaires.com\/blogues\/diane-berard\/1-4-canadien-a-offert-un-bien-usage-en-cadeau-et-vous\/593855\">En 2016, un Canadien sur quatre a offert un bien usag\u00e9 en cadeau. Et vous?\u00a0<\/a> <em>Les Affaires<\/em>, mardi 14 mars 2017.<\/p>\n","protected":false},"excerpt":{"rendered":"<p>Interventions dans les m\u00e9dias (s\u00e9lection des interventions au cours des 5 derni\u00e8res ann\u00e9es) Article de presse, Brisson, A.-C. (2020).\u00a0L\u2019\u00e9quilibre entre le marketing et l\u2019authenticit\u00e9. Le Quotidien, 15 ao\u00fbt 2020. Article de presse, Dufour, T. (2020).\u00a0Une nouvelle fa\u00e7on de consommer. Le Quotidien, 17 juillet 2020. Article de presse, B\u00e9rard, D. (2020). Le consommateur post-COVID\u00a0: impatient, inquiet, &hellip; <a href=\"https:\/\/portfolio.uqac.ca\/myriamertz\/medias\/\" class=\"more-link\">Continuer la lecture de <span class=\"screen-reader-text\">M\u00e9dias<\/span>  <span class=\"meta-nav\">&rarr;<\/span><\/a><\/p>\n","protected":false},"author":167,"featured_media":0,"parent":0,"menu_order":4,"comment_status":"closed","ping_status":"closed","template":"","meta":{"footnotes":""},"tags":[22,23,24],"_links":{"self":[{"href":"https:\/\/portfolio.uqac.ca\/myriamertz\/wp-json\/wp\/v2\/pages\/245"}],"collection":[{"href":"https:\/\/portfolio.uqac.ca\/myriamertz\/wp-json\/wp\/v2\/pages"}],"about":[{"href":"https:\/\/portfolio.uqac.ca\/myriamertz\/wp-json\/wp\/v2\/types\/page"}],"author":[{"embeddable":true,"href":"https:\/\/portfolio.uqac.ca\/myriamertz\/wp-json\/wp\/v2\/users\/167"}],"replies":[{"embeddable":true,"href":"https:\/\/portfolio.uqac.ca\/myriamertz\/wp-json\/wp\/v2\/comments?post=245"}],"version-history":[{"count":1,"href":"https:\/\/portfolio.uqac.ca\/myriamertz\/wp-json\/wp\/v2\/pages\/245\/revisions"}],"predecessor-version":[{"id":246,"href":"https:\/\/portfolio.uqac.ca\/myriamertz\/wp-json\/wp\/v2\/pages\/245\/revisions\/246"}],"wp:attachment":[{"href":"https:\/\/portfolio.uqac.ca\/myriamertz\/wp-json\/wp\/v2\/media?parent=245"}],"wp:term":[{"taxonomy":"post_tag","embeddable":true,"href":"https:\/\/portfolio.uqac.ca\/myriamertz\/wp-json\/wp\/v2\/tags?post=245"}],"curies":[{"name":"wp","href":"https:\/\/api.w.org\/{rel}","templated":true}]}}