{"id":25,"date":"2017-03-15T09:34:39","date_gmt":"2017-03-15T13:34:39","guid":{"rendered":"http:\/\/portfolio-pre.uqac.ca\/gabarit\/?page_id=25"},"modified":"2020-11-03T12:09:36","modified_gmt":"2020-11-03T17:09:36","slug":"communications","status":"publish","type":"page","link":"https:\/\/portfolio.uqac.ca\/myriamertz\/publications\/communications\/","title":{"rendered":"Communications"},"content":{"rendered":"<h3>Publications dans des actes de colloques arbitr\u00e9s<\/h3>\n<p>Audrain-Pontevia, A.-F., Ertz, M. (2018). A preliminary analysis of three antecedents of patient compliance: Patient satisfaction, patient commitment and patient empowerment. Communication pr\u00e9sent\u00e9e au\u00a0<strong><em>47<sup>th<\/sup>\u00a0Congress of the European Academy of Marketing (EMAC)<\/em><\/strong>, Glasgow, Royaume-Uni, 29 mai-1 juin.<\/p>\n<p>Leblanc-Proulx, S., Ertz, M., Sarigollu, E. (2018). Multiples vies des produits\u00a0: Une taxonomie des mod\u00e8les d\u2019affaires. \u00a0Communication pr\u00e9sent\u00e9e lors du\u00a0<strong><em>86<sup>\u00e8me<\/sup>\u00a0Congr\u00e8s de l\u2019Association Francophone pour le Savoir (ACFAS)<\/em><\/strong>, Saguenay, Canada, 7-11 mai.<\/p>\n<p>Ertz, M., et Sarig\u00f6ll\u00fc, E. (2017), \u201cFrom action to affect: Examination of the moderating impact of satisfaction on the conative-affective relationship in pro-environmental behavior,\u201d dans <em>Actes de la conf\u00e9rence de l\u2019<strong>Association des Sciences administratives du Canada<\/strong><\/em>, eds. M. El Hazzouri, et Z. Balbinot, Montr\u00e9al, Canada: Administrative Sciences Association of Canada (ASAC), 29 mai &#8211; 1 juin, pp. 4-5.<\/p>\n<p>Rodier, F., Boivin, C., Durif, F. et Ertz, M. (2017), \u00ab\u00a0<a href=\"https:\/\/www.researchgate.net\/publication\/316563677_Spillover_Effects_Between_Categories_of_Responsible_Food_Products_An_Extended_Abstract\">Spillover effect between categories of responsible food products? An extended abstract<\/a>\u201d (pp. 709-712), dans \u00a0<em>les actes du 19<sup>th<\/sup> <strong>World Marketing Congress<\/strong><\/em>, \u00e9ds. C. Demangeot, J.-L. Herrmann, et D. Ortinau, Paris, France: Academy of Marketing Science (AMS), 19-23 juillet.<\/p>\n<p>Rodier, F., Boivin, C., Durif, F. and Ertz, M. (2016), \u00ab\u00a0Spillover effect between categories of responsible food products?\u201d dans <em>les actes de la Conf\u00e9rence <strong>Recent Advances in Retailing and Consumer Services<\/strong> 2016<\/em>, \u00e9ds. H. S. Rasouli, et H. Timmermans, Edinburgh, Royaume-Uni: European Institute of Retailing And Services Studies (EIRASS), 11-14 juillet.<\/p>\n<p>Ertz, M., Lecompte, A., et Durif, F. (2016), \u00ab\u00a0Neutralization in collaborative consumption\u00a0: An exploration of justifications relating to a controversial service,\u201d dans <em>Actes de la <strong>Society for the Advancement of Socio-Economics<\/strong> <strong>(SASE)<\/strong> <strong>28<sup>th<\/sup> Annual Conference, <\/strong>Th\u00e8me: Moral Economies, Economic Moralities,<\/em> \u00e9d. Martha Zuber, Berkeley, USA: Society for the Advancement of Socio-Economics, 24-26 juin.<\/p>\n<p>Ertz, M., Durif, F., et Arcand, M. (2016), \u00ab\u00a0Browser vs. Hunter: Its\u2019 six of one and half a dozen of the other, or is it?\u00a0\u00bb, dans <em>actes de la <strong>41<sup>st<\/sup> Annual Economic and Business History Society Conference<\/strong><\/em>, \u00e9ds. L. Baillargeon &amp; P. G\u00e9linas, Montr\u00e9al, Canada: Economic and Business History Society (EBHS), 26-28 mai.<\/p>\n<p>Zeng, T., Durif, F., et Ertz, M. (2016), \u00ab Impact of eco-packaging perceptions on the purchase of eco-packaged goods,\u00a0\u00bb dans <em>actes de la <strong>21st International Academy of Management and Business Conference<\/strong><\/em>, \u00e9d. S. Batzri, Montr\u00e9al, Canada: International Academy of Management and Business (IAMB), 18-20 mai. ISSN 1949-9094.<\/p>\n<p>Ertz, M., Durif, F. et Lecompte, A. (2016), \u00ab\u00a0Multiple lives of goods: Theoretical developments on increasingly prevalent praxis,\u00a0\u00bb dans <em>Actes de la <strong>6<sup>th<\/sup><\/strong> <strong>Conference of the Global Innovation and Knowledge Academy<\/strong> (GIKA)<\/em>, \u00e9ds. A. Woodside, D. Ribeiro &amp; K. H. Huarng, Valence, Espagne, 20-23 mars.<\/p>\n<p>Rodier, F., Durif, F. et Ertz, M. (2015), \u00ab\u00a0L\u2019accessibilit\u00e9 g\u00e9ographique aux supermarch\u00e9s est-elle encore un facteur de d\u00e9finition d\u2019un \u2018d\u00e9sert alimentaire\u2019? L\u2019\u00e9tude de deux \u2018d\u00e9serts\u2019 alimentaires de l\u2019arrondissement de Mercier-Hochelaga-Maisonneuve de la ville de Montr\u00e9al,\u00a0\u00bb acte de colloque de la <em>10<sup>\u00e8me<\/sup> Journ\u00e9e <strong>Association Fran\u00e7aise du Marketing (AFM)<\/strong> \u00ab\u00a0Marketing Agroalimentaire\u00a0\u00bb<\/em>, Montpellier, France, 25 Septembre.<\/p>\n<p>Ertz, M., Durif, F. et Arcand, M. (2015), \u00ab\u00a0On the influence of impacts on motivations in product second life practices: Theory and evidence,\u00a0\u00bb dans <em>Actes de la<\/em> <strong><em>Summer Marketing Educators\u2019 Conference<\/em><\/strong>, \u00e9d. Matt Weingarden, Chicago, MI: American Marketing Association (AMA), 14-16 ao\u00fbt.<\/p>\n<p>Ertz, M. et Arcand, M. (2015), \u00ab\u00a0Objective: Winning or learning? A study of marketing simulation games, \u00bb dans <em>Actes de la <strong>Summer Marketing Educators\u2019 Conference<\/strong><\/em>, \u00e9d. Matt Weingarden, Chicago, USA: American Marketing Association (AMA), 14-16 ao\u00fbt.<\/p>\n<p>Ertz, M., Durif, F. et Arcand, M. (2015), \u00ab\u00a0Proposition d\u2019un cadre conceptuel holistique de la seconde vie des objets\u00a0: ant\u00e9c\u00e9dents, pratique set impacts,\u00a0\u00bb acte de communication du <strong><em>Congr\u00e8s annuel de<\/em><\/strong><em> <strong>l\u2019Association Fran\u00e7aise du Marketing<\/strong> <strong>(AFM)<\/strong><\/em>, Marrakech, Maroc, 20-22 mai.<\/p>\n<h3>Communication dans des conf\u00e9rences acad\u00e9miques arbitr\u00e9es<\/h3>\n<p>Ertz, M., Desch\u00eanes, J., Sarig\u00f6ll\u00fc, E. (2019). Switchover: Proposition of a concept for role reversal in the collaborative economy. Communication pr\u00e9sent\u00e9e \u00e0 la conference annuelle <strong><em>10th International Research Meeting in Business And Management (IRMBAM-2019)<\/em><\/strong>, Nice, France, 8-11 juillet.<\/p>\n<p>Ertz, M., Sarig\u00f6ll\u00fc, E. (2019). A comprehensive model of the psychology of collaborative consumption: A meta-analysis. Communication pr\u00e9sent\u00e9e \u00e0 la conf\u00e9rence annuelle de <strong><em>Innovation, Entrepreneurship and Knowledge Academy (INEKA) 2019 (ex-GIKA)<\/em><\/strong>, V\u00e9rone, Italie, 11-13 juin.<\/p>\n<p>Arsenault, J., Ertz, M. (2018). An exploratory study of cryptocurrencies usage in current exchange. Communication pr\u00e9sent\u00e9e \u00e0 la <strong><em>1<sup>\u00e8re<\/sup> FinteQC Conference 2018<\/em><\/strong>, L\u00e9vis, Canada, 20-21 juin.<\/p>\n<p>Arsenault, J., Ertz, M. (2018). Factors hindering the adoption of cryptocurrencies in commercial transactions: A topological and vector psychology perspective. Communication pr\u00e9sent\u00e9e \u00e0 la <strong><em>Digital, Innovation, Entrepreneurship &amp; Financing (DIF) Conference 2018<\/em><\/strong>, Lyon, France, 11-12 juin.<\/p>\n<p>Simard, M., Hallegatte, D., Ertz, M. (2018).\u00a0Typologie des communaut\u00e9s de marque. Communication pr\u00e9sent\u00e9e lors du <strong><em>86<sup>\u00e8me<\/sup> Congr\u00e8s de l\u2019Association Francophone pour le Savoir (ACFAS)<\/em><\/strong>, Saguenay, Canada, 7-11 mai.<\/p>\n<p>Ertz, M., Jo, M.-S., Karakas, F., Sarigollu, E. (2017), \u00ab\u00a0Cross-cultural exploration of two-sided message effectiveness: The role of balance theory in processing persuasive information,\u00a0\u00bb <strong><em>Cross Cultural Research Conference<\/em><\/strong>, Maui, Hawaii, d\u00e9cembre.<\/p>\n<p>Ertz, M. (2017), \u201c\u00c9conomie de seconde main et collaborative,\u201d session \u00ab\u00a0research as practice\u00a0\u00bb\u00a0: Nouvelles tendances en consommation et marketing\u00a0: regards crois\u00e9s de recherches entre le Qu\u00e9bec et la France, <strong><em>Congr\u00e8s annuel de l\u2019Association Fran\u00e7aise du Marketing (AFM)<\/em><\/strong>, Tours, France, 17-19 mai.<\/p>\n<p>Ertz, M., Durif, F. et Lecompte, A. (2016), \u00ab\u00a0Collaborative consumption enthusiasts: Are they responsible consumers?\u00a0\u00bb <strong><em>2<sup>nd <\/sup>International Workshop on the Sharing Economy (IWSE)<\/em><\/strong>, Paris, France, 28-29 janvier.<\/p>\n<p>Ertz, M. (2015), \u00ab\u00a0Le ph\u00e9nom\u00e8ne de la seconde vie des objets,\u00a0\u00bb communication pr\u00e9sent\u00e9e lors de l\u2019\u00c9cole Doctorale du <strong><em>10<sup>\u00e8me<\/sup> Congr\u00e8s International du R\u00e9seau International de recherche sur les Organisations et le D\u00e9veloppement Durable (RIODD)<\/em><\/strong>, Montr\u00e9al, Canada, 15-17 juillet.<\/p>\n<p>Durif, F., Ertz, M. et Arcand, M. (2014), \u00ab\u00a0Proposed scale to measure motivations for reselling second-hand products online, \u00bb communication pr\u00e9sent\u00e9e lors du <strong><em>43<sup>rd<\/sup> Congress of the European Academy of Marketing (EMAC)<\/em><\/strong>, Valence, Espagne, 3-6 juin.<\/p>\n<p>Ertz, M. et Graf, R. (2014), \u00ab\u00a0Web-mining and prospective e-customer knowledge acquisition, \u00bb poster present\u00e9 lors du <strong><em>43<sup>rd<\/sup> Congress of the European Academy of Marketing (EMAC)<\/em><\/strong>, Valence, Espagne, 3-6 juin.<\/p>\n<p>Durif, F., Ertz, M. et Arcand, M. (2014), \u00ab\u00a0Exploration des motivations \u00e0 la revente en ligne\u00a0: Une approche conceptuelle,\u00a0\u00bb communication pr\u00e9sent\u00e9e lors du <strong><em>82<sup>\u00e8me<\/sup> Congr\u00e8s de l\u2019Association Francophone pour le Savoir (ACFAS)<\/em><\/strong>, Montr\u00e9al, Canada, 12-16 mai.<\/p>\n<p>Ertz, M. et Graf, R. (2014), \u00ab\u00a0The impact of web-mining tools on prospective web customers profiling and acquisition, \u00bb communication pr\u00e9sent\u00e9e \u00e0 la <strong><em>Conf\u00e9rence annuelle de l\u2019Association Canadienne des Sciences de l\u2019Administration (ACSA)<\/em><\/strong>, Huntsville, Canada, 10-13 mai.<\/p>\n<p>Ertz, M. et Graf, R. (2013), \u00ab\u00a0The use of web-mining for existing web customers\u2019 behaviour identification,\u201d communication presented at the <strong><em>International Conference on Internet Studies (NETs2013)<\/em><\/strong>, Hong Kong, Chine, 7-8 septembre.<\/p>\n<p>Ertz, M. et Graf, R. (2013), \u00ab\u00a0Benefits of web-mining for profiling existing web customers,\u00a0\u00bb communication presented at the <strong><em>28<sup>th<\/sup> International Academic Conference<\/em><\/strong>, Key West, \u00c9tats-Unis, 18-20 mars.<\/p>\n<h3><strong>Conf\u00e9rences non-arbitr\u00e9es\u00a0<\/strong><\/h3>\n<p>Ertz, M. (2020). Des lettres aux chiffres et vice versa. <em>Women in Data Science (WIDS) Saguenay<\/em>, Chicoutimi, Canada, 2 mars.<\/p>\n<p>Ertz, M. (2019). Retour vers un dimanche sans achats. <em>Panel organis\u00e9 dans le cadre de la Journ\u00e9e Mondiale sans Achats en protestation au Black Friday<\/em>, Caf\u00e9 Cambio, Chicoutimi, Canada, 24 novembre.<\/p>\n<p>Ertz, M. (2019).\u00a0Les fripes c\u2019est chic! Pourquoi? <em>Conf\u00e9rence organis\u00e9e dans le cadre de l\u2019\u00e9v\u00e9nement \u00ab\u00a0Habillons le monde\u00a0\u00bb de la Chaire \u00c9co-Conseil<\/em>, Auditorium UQAC, Chicoutimi, Canada, 28 f\u00e9vrier.<\/p>\n<p>Ertz, M., Damien Hallegatte (2019).\u00a0Le pouvoir au consommateur. <em>Table Ronde organis\u00e9e dans le cadre de l\u2019\u00e9v\u00e9nement \u00ab\u00a0Habillons le monde\u00a0\u00bb de la Chaire \u00c9co-Conseil<\/em>, Bistrot du Fjord, Chicoutimi, Canada, 27 f\u00e9vrier.<\/p>\n<p>Ertz, M., Audrain-Pontevia A.-F. (2018). Comment r\u00e9diger un article scientifique?\u00a0<em>Atelier de r\u00e9daction et de pr\u00e9sentation de communication scientifique<\/em>, Chicoutimi, Canada, 30 novembre.<\/p>\n<p>Ertz, M. (2017), \u00ab\u00a0Consommation, capital de marque, et mod\u00e8les d\u2019affaires innovants\u00a0: Tour d\u2019horizon,\u00a0\u00bb <em>1615<sup>\u00e8me<\/sup> D\u00e9jeuner Hebdomadaire de la Fondation de l\u2019UQAC (FUQAC)<\/em>, 29 septembre.<\/p>\n<p>Rodier, F., Durif, F. et Ertz, M. (2016), \u00ab L\u2019accessibilit\u00e9 g\u00e9ographique aux supermarch\u00e9s est-elle encore un facteur de d\u00e9finition d\u2019un \u00ab d\u00e9sert alimentaire \u00bb ? L\u2019\u00e9tude de deux \u00ab d\u00e9serts \u00bb de l\u2019arrondissement de Mercier-Hochelaga-Maisonneuve de la ville de Montr\u00e9al,\u00a0\u00bb Communication presented at the Forum SAM (Syst\u00e8me alimentaire montr\u00e9alais), \u00c9v\u00e8nement Montr\u00e9al M\u00e9tropole Active et Nourrici\u00e8re, \u00a0Montr\u00e9al, Canada, 5 octobre.<\/p>\n<p>Ertz, M. (2016), \u00ab\u00a0Les consommateurs collaboratifs sont-ils pour autant responsables? Implications pour le positionnement \u00e9thique des mod\u00e8les d\u2019affaires collaboratifs,\u00a0\u00bb Communication pr\u00e9sent\u00e9e lors de la <em>2<sup>\u00e8me<\/sup> Journ\u00e9e de Recherche de L\u2019\u00c9SG-UQ\u00c0M (JRE)<\/em>, Montr\u00e9al, Canada, 5 avril.<\/p>\n<p>Ertz, M., et Durif, F. (2016) \u00ab\u00a0Consommation collaborative\u00a0: D\u00e9cryptage des pratiques et profils des adeptes\u00a0\u00bb poster for the \u00ab\u00a0Forum \u00c9conomique de la rel\u00e8ve d\u2019affaires\u00a0\u00bb\u00a0: \u00ab\u00a0L\u2019\u00e9conomie du partage et les pouvoir publics\u00a0\u00bb, <em>Regroupement des Jeunes Chambres du Commerce du Qu\u00e9bec (RJCCQ)<\/em>, Montr\u00e9al, \u00a0Canada, 19-20 f\u00e9vrier.<\/p>\n<p>Ertz, M., (2016) \u00ab\u00a0Retour vers le futur de l\u2019\u00e9conomie collaborative\u00a0: Proposition de trois sc\u00e9narios prospectifs\u00a0\u00bb, communication pour le \u00ab\u00a0Forum \u00c9conomique de la rel\u00e8ve d\u2019affaires\u00a0\u00bb\u00a0: \u00ab\u00a0L\u2019\u00e9conomie du partage et les pouvoir publics\u00a0\u00bb, <em>Regroupement des Jeunes Chambres du Commerce du Qu\u00e9bec (RJCCQ)<\/em>, Montr\u00e9al, \u00a0Canada, 19-20 f\u00e9vrier.<\/p>\n<p>Ertz, M. (2015), \u00ab\u00a0Pr\u00e9sentation des r\u00e9sultats de l\u2019indice Kijiji 2015,\u00a0\u00bb <em>Conseil d\u2019Administration du R\u00e9seau des Femmes en Environnement<\/em>, Montr\u00e9al, Canada, 23 octobre.<\/p>\n<p>Ertz, M. (2015), \u00ab\u00a0D\u00e9codage des pratiques de seconde main des canadiens\u00a0: Occasion, don, location, \u00e9change,\u00a0\u00bb Communication pr\u00e9sent\u00e9e lors de la <em>4<sup>\u00e8me<\/sup> Journ\u00e9e de R\u00e9flexion sur la Consommation Responsable<\/em>, Montr\u00e9al, Canada, 14 septembre.<\/p>\n<p>Ertz, M. (2015), \u00ab\u00a0Le ph\u00e9nom\u00e8ne de l\u2019\u00e9conomie de seconde main,\u00a0\u00bb Communication pr\u00e9sent\u00e9e lors de la<em> 1<sup>\u00e8re <\/sup>Journ\u00e9e de Recherche de L\u2019\u00c9SG-UQ\u00c0M (JRE)<\/em>, Montr\u00e9al, Canada, 19 mars.<\/p>\n","protected":false},"excerpt":{"rendered":"<p>Publications dans des actes de colloques arbitr\u00e9s Audrain-Pontevia, A.-F., Ertz, M. (2018). A preliminary analysis of three antecedents of patient compliance: Patient satisfaction, patient commitment and patient empowerment. Communication pr\u00e9sent\u00e9e au\u00a047th\u00a0Congress of the European Academy of Marketing (EMAC), Glasgow, Royaume-Uni, 29 mai-1 juin. Leblanc-Proulx, S., Ertz, M., Sarigollu, E. (2018). Multiples vies des produits\u00a0: Une &hellip; <a href=\"https:\/\/portfolio.uqac.ca\/myriamertz\/publications\/communications\/\" class=\"more-link\">Continuer la lecture de <span class=\"screen-reader-text\">Communications<\/span>  <span class=\"meta-nav\">&rarr;<\/span><\/a><\/p>\n","protected":false},"author":89,"featured_media":0,"parent":20,"menu_order":2,"comment_status":"closed","ping_status":"closed","template":"","meta":{"footnotes":""},"tags":[26,25,28,27],"_links":{"self":[{"href":"https:\/\/portfolio.uqac.ca\/myriamertz\/wp-json\/wp\/v2\/pages\/25"}],"collection":[{"href":"https:\/\/portfolio.uqac.ca\/myriamertz\/wp-json\/wp\/v2\/pages"}],"about":[{"href":"https:\/\/portfolio.uqac.ca\/myriamertz\/wp-json\/wp\/v2\/types\/page"}],"author":[{"embeddable":true,"href":"https:\/\/portfolio.uqac.ca\/myriamertz\/wp-json\/wp\/v2\/users\/89"}],"replies":[{"embeddable":true,"href":"https:\/\/portfolio.uqac.ca\/myriamertz\/wp-json\/wp\/v2\/comments?post=25"}],"version-history":[{"count":16,"href":"https:\/\/portfolio.uqac.ca\/myriamertz\/wp-json\/wp\/v2\/pages\/25\/revisions"}],"predecessor-version":[{"id":244,"href":"https:\/\/portfolio.uqac.ca\/myriamertz\/wp-json\/wp\/v2\/pages\/25\/revisions\/244"}],"up":[{"embeddable":true,"href":"https:\/\/portfolio.uqac.ca\/myriamertz\/wp-json\/wp\/v2\/pages\/20"}],"wp:attachment":[{"href":"https:\/\/portfolio.uqac.ca\/myriamertz\/wp-json\/wp\/v2\/media?parent=25"}],"wp:term":[{"taxonomy":"post_tag","embeddable":true,"href":"https:\/\/portfolio.uqac.ca\/myriamertz\/wp-json\/wp\/v2\/tags?post=25"}],"curies":[{"name":"wp","href":"https:\/\/api.w.org\/{rel}","templated":true}]}}