{"id":283,"date":"2024-02-23T13:37:09","date_gmt":"2024-02-23T18:37:09","guid":{"rendered":"http:\/\/portfolio-pre.uqac.ca\/myriamertz\/?page_id=283"},"modified":"2026-03-26T10:55:33","modified_gmt":"2026-03-26T14:55:33","slug":"offre-de-projet-de-recherche-etudiant","status":"publish","type":"page","link":"https:\/\/portfolio.uqac.ca\/myriamertz\/offre-de-projet-de-recherche-etudiant\/","title":{"rendered":"Offre: PMO 5.0"},"content":{"rendered":"<h4><span style=\"color: #6b8a16\">Titre du projet<\/span><\/h4>\n<p>PMO 5.0 : Un outil d\u2019auto-\u00e9valuation<\/p>\n<h4><span style=\"color: #6b8a16\">Programme d\u2019\u00e9tudes<\/span><\/h4>\n<p><a href=\"https:\/\/www.uqac.ca\/programme\/3017-maitrise-en-informatique\/\" target=\"_blank\" rel=\"noopener\">Ma\u00eetrise en informatique<\/a> ou <a href=\"https:\/\/www.uqac.ca\/programme\/3121-doctorat-en-informatique\/\" target=\"_blank\" rel=\"noopener\">doctorat en informatique<\/a><\/p>\n<p><a href=\"https:\/\/www.uqac.ca\/programme\/3755-maitrise-en-gestion-des-organisations\/\">Ma\u00eetrise en gestion des organisations<\/a> ou <a href=\"https:\/\/www.uqac.ca\/programme\/3249-maitrise-en-gestion-de-projet\/\">Ma\u00eetrise en gestion de projet<\/a> ou <a href=\"https:\/\/www.uqac.ca\/programme\/2064-doctorat-en-sciences-humaines-appliquees\/\">Doctorat en sciences humaines appliqu\u00e9es<\/a> (si comp\u00e9tences en informatique et intelligence d&#8217;affaires)<\/p>\n<h4><span style=\"color: #6b8a16\">Structure de recherche associ\u00e9e au projet<\/span><\/h4>\n<p><a href=\"https:\/\/www.chairetds.ca\/\">Chaire Technologie, Durabilit\u00e9, Soci\u00e9t\u00e9<\/a><\/p>\n<h4><span style=\"color: #6b8a16\">Description de l&#8217;offre<\/span><\/h4>\n<p>Le projet global consiste \u00e0 b\u00e2tir un low-co\/no-code PaaS qui h\u00e9bergera une solution existante, visant \u00e0 fournir un auto-audit num\u00e9rique responsable \u00e0 des abonn\u00e9s (B2B). Cet outil, d\u00e9j\u00e0 cr\u00e9\u00e9 en version beta \u00e0 partir d\u2019un <em>white label <\/em>d\u00e9nomm\u00e9 &#8220;PME 4.0&#8221; devra dans sa version Omega h\u00e9berger un questionnaire avec tableaux crois\u00e9s, \u00e0 la mani\u00e8re d\u2019un test psychom\u00e9trique 360; il devra offrir les r\u00e9sultats du test en instantan\u00e9, dans un rapport personnalis\u00e9 transmis au r\u00e9pondant automatiquement et \u00e0 l\u2019aide de tableaux de bord d\u2019administrateur.<\/p>\n<p>Ce questionnaire existant a \u00e9t\u00e9 bas\u00e9 sur une \u00e9tude pr\u00e9alable de la litt\u00e9rature, compl\u00e9t\u00e9e par des entrevues d\u2019experts informels puis sur une \u00e9tude qualitative semi-dirig\u00e9e aupr\u00e8s de petites et moyennes organisations (PMO) de divers secteurs. Les degr\u00e9s de maturit\u00e9 technologique num\u00e9rique responsable 5.0 des PMO et les pratiques d\u2019affaires aff\u00e9rentes ont \u00e9t\u00e9 recens\u00e9s \u00e0 l\u2019hiver 2025, permettant ainsi de cr\u00e9er l\u2019arbre d\u00e9cisionnel et les algorithmes \u00e0 la base de l\u2019outil.<\/p>\n<p>De nouvelles fonctionnalit\u00e9s sont attendues dans le cadre de ce projet, telles l\u2019int\u00e9gration de l\u2019intelligence artificielle \u00e0 des fins d\u2019analytique (business intelligence) dans le <em>backend<\/em>, ainsi qu\u2019une interaction avec l\u2019utilisateur \u00e0 des fins d\u2019engagement et de non-abandon, pour ne citer que les deux exemples les plus pertinents. Le projet vise \u00e0 consolider l\u2019innovation de cet outil, ainsi qu\u2019\u00e0 le lancer dans un portail ind\u00e9pendant, afin de l\u2019offrir \u00e0 une plus grand bassin de \u00a0partenaires.<\/p>\n<h4><span style=\"color: #6b8a16\">Domaine de recherche<\/span><\/h4>\n<ul>\n<li>Industrie 5.0<\/li>\n<li>Soci\u00e9t\u00e9 5.0<\/li>\n<li>Outil d\u2019auto-audit<\/li>\n<li>Auto-\u00e9valuation<\/li>\n<li>Maturit\u00e9 num\u00e9rique<\/li>\n<li>Virage num\u00e9rique<\/li>\n<li>PMO<\/li>\n<\/ul>\n<h4><span style=\"color: #6b8a16\">Direction de recherche<\/span><\/h4>\n<p>Myriam Ertz, Ph. D.<\/p>\n<h4><span style=\"color: #6b8a16\">Profil de la personne recherch\u00e9e\u00a0<\/span><\/h4>\n<p>Ma\u00eetrise en informatique sp\u00e9cialisation \u00ab\u00a0d\u00e9veloppement Web, mobile et en infonuage\u00a0\u00bb<\/p>\n<p>OU<\/p>\n<p>Doctorat en informatique, sp\u00e9cialisation \u00ab\u00a0g\u00e9nie logiciel\u00a0\u00bb ou \u00ab\u00a0Application en informatique\u00a0\u00bb<\/p>\n<p>OU<\/p>\n<p>Gestion \/ administration, sp\u00e9cialisation &#8220;Syst\u00e8mes d&#8217;information et intelligence d&#8217;affaires&#8221;<\/p>\n<p>NB\u00a0: Cycles sup\u00e9rieurs, un atout<\/p>\n<h4><span style=\"color: #6b8a16\">Exigences et conditions\u00a0<\/span><\/h4>\n<ul>\n<li>T\u00e9l\u00e9travail<\/li>\n<li>Comptes-rendus et supervision hebdomadaire<\/li>\n<li>Flexibilit\u00e9 dans un environnement d\u2019innovation<\/li>\n<li>Professionnalisme et souci du d\u00e9tail<\/li>\n<\/ul>\n<h4><span style=\"color: #6b8a16\">Financement<\/span><\/h4>\n<p>Bourse d&#8217;\u00e9tude disponible.<\/p>\n<h4><span style=\"color: #6b8a16\">D\u00e9but du projet<\/span><\/h4>\n<p>15 juin 2026<\/p>\n<h4><span style=\"color: #6b8a16\">Pour r\u00e9pondre \u00e0 cette offre\u00a0<\/span><\/h4>\n<p><a href=\"mailto:Myriam_Ertz@uqac.ca\"><img loading=\"lazy\" decoding=\"async\" class=\"alignnone wp-image-230\" src=\"https:\/\/portfolio.uqac.ca\/mousajavidani-en\/files\/2023\/07\/email-alert-custom-2.png\" alt=\"\" width=\"76\" height=\"76\" \/><\/a>\u00a0 \u00a0Veuillez envoyer les documents requis \u00e0 <a href=\"mailto:Myriam_Ertz@uqac.ca\">Myriam_Ertz@uqac.ca<\/a><\/p>\n<p><strong><u>Documents exig\u00e9s\u00a0:<\/u><\/strong><\/p>\n<p>Curriculum vitae<br \/>\nRelev\u00e9 de notes du baccalaur\u00e9at ou de la ma\u00eetrise<\/p>\n","protected":false},"excerpt":{"rendered":"<p>Titre du projet PMO 5.0 : Un outil d\u2019auto-\u00e9valuation Programme d\u2019\u00e9tudes Ma\u00eetrise en informatique ou doctorat en informatique Ma\u00eetrise en gestion des organisations ou Ma\u00eetrise en gestion de projet ou Doctorat en sciences humaines appliqu\u00e9es (si comp\u00e9tences en informatique et intelligence d&#8217;affaires) Structure de recherche associ\u00e9e au projet Chaire Technologie, Durabilit\u00e9, Soci\u00e9t\u00e9 Description de l&#8217;offre &hellip; <a href=\"https:\/\/portfolio.uqac.ca\/myriamertz\/offre-de-projet-de-recherche-etudiant\/\" class=\"more-link\">Continuer la lecture de <span class=\"screen-reader-text\">Offre: PMO 5.0<\/span>  <span class=\"meta-nav\">&rarr;<\/span><\/a><\/p>\n","protected":false},"author":197,"featured_media":0,"parent":0,"menu_order":0,"comment_status":"closed","ping_status":"closed","template":"","meta":{"footnotes":""},"tags":[],"_links":{"self":[{"href":"https:\/\/portfolio.uqac.ca\/myriamertz\/wp-json\/wp\/v2\/pages\/283"}],"collection":[{"href":"https:\/\/portfolio.uqac.ca\/myriamertz\/wp-json\/wp\/v2\/pages"}],"about":[{"href":"https:\/\/portfolio.uqac.ca\/myriamertz\/wp-json\/wp\/v2\/types\/page"}],"author":[{"embeddable":true,"href":"https:\/\/portfolio.uqac.ca\/myriamertz\/wp-json\/wp\/v2\/users\/197"}],"replies":[{"embeddable":true,"href":"https:\/\/portfolio.uqac.ca\/myriamertz\/wp-json\/wp\/v2\/comments?post=283"}],"version-history":[{"count":4,"href":"https:\/\/portfolio.uqac.ca\/myriamertz\/wp-json\/wp\/v2\/pages\/283\/revisions"}],"predecessor-version":[{"id":298,"href":"https:\/\/portfolio.uqac.ca\/myriamertz\/wp-json\/wp\/v2\/pages\/283\/revisions\/298"}],"wp:attachment":[{"href":"https:\/\/portfolio.uqac.ca\/myriamertz\/wp-json\/wp\/v2\/media?parent=283"}],"wp:term":[{"taxonomy":"post_tag","embeddable":true,"href":"https:\/\/portfolio.uqac.ca\/myriamertz\/wp-json\/wp\/v2\/tags?post=283"}],"curies":[{"name":"wp","href":"https:\/\/api.w.org\/{rel}","templated":true}]}}