{"id":4,"date":"2017-03-15T09:34:39","date_gmt":"2017-03-15T13:34:39","guid":{"rendered":"http:\/\/portfolio-pre.uqac.ca\/gabarit\/?page_id=4"},"modified":"2021-09-19T22:46:10","modified_gmt":"2021-09-20T02:46:10","slug":"presentatio","status":"publish","type":"page","link":"https:\/\/portfolio.uqac.ca\/myriamertz\/","title":{"rendered":"Pr\u00e9sentation"},"content":{"rendered":"<h3>Professeure au d\u00e9partement des Sciences \u00c9conomiques et Administratives<\/h3>\n<p><!--more--><\/p>\n<h3>Champs d&#8217;int\u00e9r\u00eat<\/h3>\n<ul>\n<li>Consommation collaborative<\/li>\n<li>Consommation responsable<\/li>\n<li>Marketing responsable<\/li>\n<li>Mod\u00e9lisation du choix du consommateur<\/li>\n<li>Marketing num\u00e9rique et nouvelles technologies<\/li>\n<li>M\u00e9thodes quantitatives et statistiques<\/li>\n<li>M\u00e9thodologie de la recherche marketing<\/li>\n<\/ul>\n<h3>Langues<\/h3>\n<ul>\n<li>Fran\u00e7ais<\/li>\n<li>Anglais<\/li>\n<li>Allemand<\/li>\n<li>N\u00e9erlandais<\/li>\n<li>Alsacien (dialecte)<\/li>\n<\/ul>\n<h3>Liens<\/h3>\n<p><a href=\"https:\/\/www.researchgate.net\/profile\/Myriam_Ertz\">ResearchGate<\/a><\/p>\n<p><a href=\"https:\/\/orcid.org\/0000-0001-9959-2779\">ORCID<\/a><br \/>\n<a href=\"https:\/\/scholar.google.com\/citations?user=1VDy0UIAAAAJ&amp;hl=fr&amp;oi=ao\">Google Scholar<\/a><br \/>\n<a href=\"https:\/\/www.scopus.com\/authid\/detail.uri?authorId=56816944900\">Scopus<\/a><br \/>\n<a href=\"https:\/\/www.mendeley.com\/profiles\/myriam-ertz\/\">Mendeley<\/a><\/p>\n<p><a href=\"https:\/\/publons.com\/researcher\/1414749\/myriam-ertz\/\">Publons\/Web of Science<\/a><\/p>\n<p>&nbsp;<\/p>\n<p><a href=\"https:\/\/portfolio.uqac.ca\/myriamertz\/files\/2017\/03\/LaboNFC.pdf\">LaboNFC<\/a><\/p>\n","protected":false},"excerpt":{"rendered":"<p>Professeure au d\u00e9partement des Sciences \u00c9conomiques et Administratives<\/p>\n","protected":false},"author":89,"featured_media":0,"parent":0,"menu_order":1,"comment_status":"closed","ping_status":"closed","template":"","meta":{"footnotes":""},"tags":[],"_links":{"self":[{"href":"https:\/\/portfolio.uqac.ca\/myriamertz\/wp-json\/wp\/v2\/pages\/4"}],"collection":[{"href":"https:\/\/portfolio.uqac.ca\/myriamertz\/wp-json\/wp\/v2\/pages"}],"about":[{"href":"https:\/\/portfolio.uqac.ca\/myriamertz\/wp-json\/wp\/v2\/types\/page"}],"author":[{"embeddable":true,"href":"https:\/\/portfolio.uqac.ca\/myriamertz\/wp-json\/wp\/v2\/users\/89"}],"replies":[{"embeddable":true,"href":"https:\/\/portfolio.uqac.ca\/myriamertz\/wp-json\/wp\/v2\/comments?post=4"}],"version-history":[{"count":25,"href":"https:\/\/portfolio.uqac.ca\/myriamertz\/wp-json\/wp\/v2\/pages\/4\/revisions"}],"predecessor-version":[{"id":282,"href":"https:\/\/portfolio.uqac.ca\/myriamertz\/wp-json\/wp\/v2\/pages\/4\/revisions\/282"}],"wp:attachment":[{"href":"https:\/\/portfolio.uqac.ca\/myriamertz\/wp-json\/wp\/v2\/media?parent=4"}],"wp:term":[{"taxonomy":"post_tag","embeddable":true,"href":"https:\/\/portfolio.uqac.ca\/myriamertz\/wp-json\/wp\/v2\/tags?post=4"}],"curies":[{"name":"wp","href":"https:\/\/api.w.org\/{rel}","templated":true}]}}