{"id":18,"date":"2018-09-17T11:26:20","date_gmt":"2018-09-17T15:26:20","guid":{"rendered":"http:\/\/portfolio-pre.uqac.ca\/gabarit\/?page_id=18"},"modified":"2019-08-02T14:34:27","modified_gmt":"2019-08-02T18:34:27","slug":"enseignement","status":"publish","type":"page","link":"https:\/\/portfolio.uqac.ca\/nathaliesasseville\/enseignement\/","title":{"rendered":"Enseignement"},"content":{"rendered":"<p>La p\u00e9dagogie que je pr\u00e9conise s\u2019appuie sur l\u2019approche exp\u00e9rientielle qui permet aux \u00e9tudiants-es de mieux retenir et contextualiser leurs connaissances en les pla\u00e7ant comme des acteurs actifs de leurs apprentissages. Elle leur offre la possibilit\u00e9 de lier la th\u00e9orie \u00e0 la pratique par la mise en place d\u2019activit\u00e9s p\u00e9dagogiques reproduisant la r\u00e9alit\u00e9 rencontr\u00e9e dans les milieux professionnels. Notamment par le biais de la Clinique universitaire de travail social, les \u00e9tudiants-es sont amen\u00e9s \u00e0 analyser des probl\u00e9matiques sociales, \u00e0 trouver des solutions adapt\u00e9es aux besoins de la client\u00e8le et \u00e0 les mettre en pratique sur le terrain. J\u2019offre aux \u00e9tudiants-es un soutien constant tout en les amenant \u00e0 faire un retour r\u00e9flexif sur leurs apprentissages.<\/p>\n<h2>Cours de premier cycle<\/h2>\n<ul>\n<li>4SVS229\u00a0: Intervention aupr\u00e8s des familles en travail social<\/li>\n<li>4SVS224\u00a0: Stage d&#8217;initiation \u00e0 l&#8217;intervention sociale et identit\u00e9\u00a0 \u00a0 \u00a0 \u00a0 \u00a0 \u00a0 \u00a0 \u00a0 \u00a0 \u00a0 \u00a0 \u00a0 \u00a0 \u00a0 \u00a0 \u00a0 \u00a0professionnelle<\/li>\n<\/ul>\n<p><em><strong>Dispens\u00e9s ant\u00e9rieurement:<\/strong><\/em><\/p>\n<ul>\n<li>4SVS228\u00a0: Intervention aupr\u00e8s des individus en travail social<\/li>\n<\/ul>\n<h2>Cours de deuxi\u00e8me cycle<\/h2>\n<ul>\n<li>TSO6013\u00a0: Nouvelles r\u00e9alit\u00e9s familiales et pratiques sociales<\/li>\n<\/ul>\n<h2>Cours dispens\u00e9s ailleurs<\/h2>\n<ul>\n<li>TSO21011\u00a0: Culture autochtone (UQAR)<\/li>\n<li>TS02204\u00a0:\u00a0 \u00a0 \u00a0Intervention aupr\u00e8s des collectivit\u00e9s (UQAR)<\/li>\n<li>SVS300\u00a0:\u00a0 \u00a0 \u00a0 \u00a0 Recherche appliqu\u00e9e \u00e0 l\u2019intervention (U. Laval)<\/li>\n<li>SVS2003\u00a0:\u00a0 \u00a0 \u00a0Processus d\u2019intervention\u00a0: service social personnel\u00a0 \u00a0 \u00a0 \u00a0 \u00a0 \u00a0 \u00a0 \u00a0 \u00a0 \u00a0 \u00a0 \u00a0 \u00a0 \u00a0 \u00a0 \u00a0 \u00a0 et familial II (U. Laval)<\/li>\n<li>SVS6900\u00a0:\u00a0 \u00a0 \u00a0M\u00e9thodologie d\u2019intervention individuelle (U. Laval)<\/li>\n<\/ul>\n","protected":false},"excerpt":{"rendered":"<p>La p\u00e9dagogie que je pr\u00e9conise s\u2019appuie sur l\u2019approche exp\u00e9rientielle qui permet aux \u00e9tudiants-es de mieux retenir et contextualiser leurs connaissances en les pla\u00e7ant comme des acteurs actifs de leurs apprentissages. Elle leur offre la possibilit\u00e9 de lier la th\u00e9orie \u00e0 la pratique par la mise en place d\u2019activit\u00e9s p\u00e9dagogiques reproduisant la r\u00e9alit\u00e9 rencontr\u00e9e dans les &hellip; <a href=\"https:\/\/portfolio.uqac.ca\/nathaliesasseville\/enseignement\/\" class=\"more-link\">Continuer la lecture de <span class=\"screen-reader-text\">Enseignement<\/span>  <span class=\"meta-nav\">&rarr;<\/span><\/a><\/p>\n","protected":false},"author":89,"featured_media":0,"parent":0,"menu_order":0,"comment_status":"closed","ping_status":"closed","template":"","meta":{"footnotes":""},"tags":[],"_links":{"self":[{"href":"https:\/\/portfolio.uqac.ca\/nathaliesasseville\/wp-json\/wp\/v2\/pages\/18"}],"collection":[{"href":"https:\/\/portfolio.uqac.ca\/nathaliesasseville\/wp-json\/wp\/v2\/pages"}],"about":[{"href":"https:\/\/portfolio.uqac.ca\/nathaliesasseville\/wp-json\/wp\/v2\/types\/page"}],"author":[{"embeddable":true,"href":"https:\/\/portfolio.uqac.ca\/nathaliesasseville\/wp-json\/wp\/v2\/users\/89"}],"replies":[{"embeddable":true,"href":"https:\/\/portfolio.uqac.ca\/nathaliesasseville\/wp-json\/wp\/v2\/comments?post=18"}],"version-history":[{"count":7,"href":"https:\/\/portfolio.uqac.ca\/nathaliesasseville\/wp-json\/wp\/v2\/pages\/18\/revisions"}],"predecessor-version":[{"id":155,"href":"https:\/\/portfolio.uqac.ca\/nathaliesasseville\/wp-json\/wp\/v2\/pages\/18\/revisions\/155"}],"wp:attachment":[{"href":"https:\/\/portfolio.uqac.ca\/nathaliesasseville\/wp-json\/wp\/v2\/media?parent=18"}],"wp:term":[{"taxonomy":"post_tag","embeddable":true,"href":"https:\/\/portfolio.uqac.ca\/nathaliesasseville\/wp-json\/wp\/v2\/tags?post=18"}],"curies":[{"name":"wp","href":"https:\/\/api.w.org\/{rel}","templated":true}]}}