{"id":27,"date":"2018-09-17T11:26:20","date_gmt":"2018-09-17T15:26:20","guid":{"rendered":"http:\/\/portfolio-pre.uqac.ca\/gabarit\/?page_id=27"},"modified":"2019-08-02T14:57:10","modified_gmt":"2019-08-02T18:57:10","slug":"curriculum-vitae","status":"publish","type":"page","link":"https:\/\/portfolio.uqac.ca\/nathaliesasseville\/curriculum-vitae\/","title":{"rendered":"Curriculum vitae"},"content":{"rendered":"<h2><strong>Dipl\u00f4mes<\/strong><\/h2>\n<p style=\"background: white;vertical-align: baseline;margin: 0cm 0cm 12.0pt 0cm\">Doctorat en service social, Universit\u00e9 Laval<\/p>\n<p style=\"background: white;vertical-align: baseline;margin: 0cm 0cm 12.0pt 0cm\">Ma\u00eetrise en service social, Universit\u00e9 Laval<\/p>\n<p style=\"background: white;vertical-align: baseline;margin: 0cm 0cm 12.0pt 0cm\">Baccalaur\u00e9at en service social, Universit\u00e9 Laval<\/p>\n<h2><strong><br \/>\nDistinctions et bourses<br \/>\n<\/strong><\/h2>\n<ul>\n<li>2005\u00a0: Institut universitaire du centre jeunesse de Qu\u00e9bec\u00a0 \u00a0 \u00a0 \u00a0 \u00a0 \u00a0 \u00a0 \u00a0 \u00a0 \u00a0 \u00a0 \u00a0 \u00a0 \u00a0 \u00a0 \u00a0(1\u00a0500$)<\/li>\n<li>2005\u00a0: Fondation de l\u2019Universit\u00e9 Laval (d\u00e9clin\u00e9e) (20\u00a0000$)<\/li>\n<li>2004\u00a0: Fonds\u00a0 de recherche Soci\u00e9t\u00e9 et culture (60\u00a0000$)<\/li>\n<\/ul>\n<h2><strong> Affiliation professionnelle<\/strong><\/h2>\n<p style=\"background: white;vertical-align: baseline;margin: 0cm 0cm 18.0pt 0cm\">Membre de l\u2019Ordre professionnel des travailleurs sociaux et des th\u00e9rapeutes conjugaux et familiaux du Qu\u00e9bec (OTSTCFQ).<\/p>\n<h2><\/h2>\n","protected":false},"excerpt":{"rendered":"<p>Dipl\u00f4mes Doctorat en service social, Universit\u00e9 Laval Ma\u00eetrise en service social, Universit\u00e9 Laval Baccalaur\u00e9at en service social, Universit\u00e9 Laval Distinctions et bourses 2005\u00a0: Institut universitaire du centre jeunesse de Qu\u00e9bec\u00a0 \u00a0 \u00a0 \u00a0 \u00a0 \u00a0 \u00a0 \u00a0 \u00a0 \u00a0 \u00a0 \u00a0 \u00a0 \u00a0 \u00a0 \u00a0(1\u00a0500$) 2005\u00a0: Fondation de l\u2019Universit\u00e9 Laval (d\u00e9clin\u00e9e) (20\u00a0000$) 2004\u00a0: Fonds\u00a0 de &hellip; <a href=\"https:\/\/portfolio.uqac.ca\/nathaliesasseville\/curriculum-vitae\/\" class=\"more-link\">Continuer la lecture de <span class=\"screen-reader-text\">Curriculum vitae<\/span>  <span class=\"meta-nav\">&rarr;<\/span><\/a><\/p>\n","protected":false},"author":89,"featured_media":0,"parent":0,"menu_order":0,"comment_status":"closed","ping_status":"closed","template":"","meta":{"footnotes":""},"tags":[],"_links":{"self":[{"href":"https:\/\/portfolio.uqac.ca\/nathaliesasseville\/wp-json\/wp\/v2\/pages\/27"}],"collection":[{"href":"https:\/\/portfolio.uqac.ca\/nathaliesasseville\/wp-json\/wp\/v2\/pages"}],"about":[{"href":"https:\/\/portfolio.uqac.ca\/nathaliesasseville\/wp-json\/wp\/v2\/types\/page"}],"author":[{"embeddable":true,"href":"https:\/\/portfolio.uqac.ca\/nathaliesasseville\/wp-json\/wp\/v2\/users\/89"}],"replies":[{"embeddable":true,"href":"https:\/\/portfolio.uqac.ca\/nathaliesasseville\/wp-json\/wp\/v2\/comments?post=27"}],"version-history":[{"count":9,"href":"https:\/\/portfolio.uqac.ca\/nathaliesasseville\/wp-json\/wp\/v2\/pages\/27\/revisions"}],"predecessor-version":[{"id":160,"href":"https:\/\/portfolio.uqac.ca\/nathaliesasseville\/wp-json\/wp\/v2\/pages\/27\/revisions\/160"}],"wp:attachment":[{"href":"https:\/\/portfolio.uqac.ca\/nathaliesasseville\/wp-json\/wp\/v2\/media?parent=27"}],"wp:term":[{"taxonomy":"post_tag","embeddable":true,"href":"https:\/\/portfolio.uqac.ca\/nathaliesasseville\/wp-json\/wp\/v2\/tags?post=27"}],"curies":[{"name":"wp","href":"https:\/\/api.w.org\/{rel}","templated":true}]}}