{"id":46,"date":"2018-09-17T11:26:20","date_gmt":"2018-09-17T15:26:20","guid":{"rendered":"http:\/\/portfolio-pre.uqac.ca\/gabarit\/?page_id=46"},"modified":"2019-08-02T14:43:04","modified_gmt":"2019-08-02T18:43:04","slug":"recherche","status":"publish","type":"page","link":"https:\/\/portfolio.uqac.ca\/nathaliesasseville\/recherche\/","title":{"rendered":"Recherche"},"content":{"rendered":"<p>Ma programmation de recherche s\u2019articule en trois domaines d\u2019expertise\u00a0:<\/p>\n<ul>\n<li>La violence familiale et conjugale aupr\u00e8s des populations se situant dans des contextes de vuln\u00e9rabilit\u00e9<\/li>\n<li>Le d\u00e9veloppement de comp\u00e9tences propres \u00e0 l\u2019interprofessionalit\u00e9 et \u00e0 l\u2019identit\u00e9 professionnelle<\/li>\n<li>Les m\u00e9thodes d\u2019enseignement favorisant l\u2019int\u00e9gration de la th\u00e9orie \u00e0 la pratique en intervention sociale.<\/li>\n<\/ul>\n<p><strong>Projets de recherche en cours<\/strong><\/p>\n<p>2019-2021\u00a0: <strong>Sasseville, N.<\/strong>, Maltais, D. et Dion, J. <em>Le cumul de vuln\u00e9rabilit\u00e9 \u00e0 la violence conjugale: l&#8217;exp\u00e9rience des femmes handicap\u00e9es, ain\u00e9es et immigrantes qui appartiennent \u00e0 plus d&#8217;une de ces populations<\/em>, Subvention, Conseil de recherches en sciences humaines du Canada, Programme d\u00e9veloppement savoir. Montant\u00a0: 47\u00a0073$<\/p>\n<p>2019-2021\u00a0: Temblay, S., Boivin, S., Leyrie, C., Bizot, D. et <strong>Sasseville, N.<\/strong> <em>\u00c9tude interdisciplinaire sur le processus de coconstruction dans trois projets au CIUSSS du Saguenay\u2013Lac-Saint-Jean<\/em>, Subvention, Conseil de recherches en sciences humaines du Canada, Programme d\u00e9veloppement savoir. Montant\u00a0: 57 300$<\/p>\n<p>2019-2020\u00a0: <strong>Sasseville, N.<\/strong> et Juneau, S. <em>L\u2019utilisation des technologies num\u00e9riques dans l\u2019enseignement des techniques d\u2019intervention en travail social\u00a0: perception des \u00e9tudiants en formation initiale<\/em>, Subvention institutionnelle UQAC. Montant\u00a0: 6\u00a0995,34$<\/p>\n<p>2018-2020\u00a0: <strong>Sasseville, N. et Juneau S.<\/strong> <em>Retomb\u00e9es d&#8217;une p\u00e9dagogie d&#8217;enseignement innovante visant l&#8217;alliance th\u00e9orie-pratique dans le domaine du travail social,<\/em>\u00a0Subvention institutionnelle UQAC. Montant\u00a0: 10\u00a0015$<\/p>\n<p>2018-2020\u00a0: Baron, M-P., <strong>Sasseville, N.<\/strong>, C\u00f4t\u00e9, C., Bizot, D. et Doucet, M. <em>D\u00e9velopper des comp\u00e9tences professionnelles propres \u00e0 la collaboration et \u00e0 l\u2019identit\u00e9 professionnelle d\u2019\u00e9tudiants en formation initiale : mise sur pied d\u2019un projet interdisciplinaire en adaptation scolaire et sociale et en travail social Subvention<\/em>, Conseil de recherches en sciences humaines du Canada, Programme d\u00e9veloppement savoir. Montant\u00a0: 43 400$<\/p>\n<p><strong>Projets de recherche ant\u00e9rieurs<\/strong><\/p>\n<p>2017-2018\u00a0: Bizot, D., Leyrie, C. Tremblay, S., Bousquet, J. et <strong>Sasseville, N<\/strong>. <em>\u00c9laboration d\u2019un cadre th\u00e9orique sur la notion de coconstruction dans la gestion de projet en d\u00e9veloppement local<\/em>, Subvention institutionnelle UQAC. Montant\u00a0: 5\u00a0000$<\/p>\n<p>2017-2018\u00a0: <strong>Sasseville, N.<\/strong>, Bizot, D., Bergeron-Leclerc, C. et Tremblay, S. <em>D\u00e9veloppement de mat\u00e9riel technop\u00e9dagogique en soutien \u00e0 l\u2019enseignement en travail social \u00e0 l\u2019UQAC<\/em>, Subvention, Fonds de d\u00e9veloppement acad\u00e9mique du r\u00e9seau (FODAR), Montant\u00a0: 5\u00a0000$<\/p>\n<p>2015-2016\u00a0: <strong>Sasseville, N.<\/strong>, Maurice, P., Montminy, L. et Hassan, G. <em>\u00c9laboration d\u2019une grille d\u2019\u00e9valuation de la qualit\u00e9 des \u00e9tudes scientifiques dans le domaine de la violence conjugale<\/em>, Subvention, Institut national de sant\u00e9 publique du Qu\u00e9bec. Montant\u00a0: 7\u00a0000$<\/p>\n<p>2015-2016\u00a0: <strong>Sasseville, N.<\/strong>, Maurice, P., Montminy, L. et Hassan, G. <em>Synth\u00e8se de connaissances sur les personnes vivant dans des contextes de vuln\u00e9rabilit\u00e9s \u00e0 la violence conjugale<\/em>, Subvention, Fonds de recherche Soci\u00e9t\u00e9 et Culture, Programme Actions concert\u00e9es. Montant 50\u00a0000$<\/p>\n<p>2014-2015\u00a0: Maurice, P. <strong>Sasseville, N.<\/strong>, Pilote, R. et Gagn\u00e9, D. <em>\u00c9tude de besoin de soutien des intervenants locaux et r\u00e9gionaux en mati\u00e8re de pr\u00e9vention de la violence conjugale et les agressions sexuelles,<\/em>\u00a0Minist\u00e8re de la Sant\u00e9 et des Services Sociaux. Montant\u00a0: 35\u00a0000 $<\/p>\n","protected":false},"excerpt":{"rendered":"<p>Ma programmation de recherche s\u2019articule en trois domaines d\u2019expertise\u00a0: La violence familiale et conjugale aupr\u00e8s des populations se situant dans des contextes de vuln\u00e9rabilit\u00e9 Le d\u00e9veloppement de comp\u00e9tences propres \u00e0 l\u2019interprofessionalit\u00e9 et \u00e0 l\u2019identit\u00e9 professionnelle Les m\u00e9thodes d\u2019enseignement favorisant l\u2019int\u00e9gration de la th\u00e9orie \u00e0 la pratique en intervention sociale. Projets de recherche en cours 2019-2021\u00a0: &hellip; <a href=\"https:\/\/portfolio.uqac.ca\/nathaliesasseville\/recherche\/\" class=\"more-link\">Continuer la lecture de <span class=\"screen-reader-text\">Recherche<\/span>  <span class=\"meta-nav\">&rarr;<\/span><\/a><\/p>\n","protected":false},"author":89,"featured_media":0,"parent":0,"menu_order":0,"comment_status":"closed","ping_status":"closed","template":"","meta":{"footnotes":""},"tags":[],"_links":{"self":[{"href":"https:\/\/portfolio.uqac.ca\/nathaliesasseville\/wp-json\/wp\/v2\/pages\/46"}],"collection":[{"href":"https:\/\/portfolio.uqac.ca\/nathaliesasseville\/wp-json\/wp\/v2\/pages"}],"about":[{"href":"https:\/\/portfolio.uqac.ca\/nathaliesasseville\/wp-json\/wp\/v2\/types\/page"}],"author":[{"embeddable":true,"href":"https:\/\/portfolio.uqac.ca\/nathaliesasseville\/wp-json\/wp\/v2\/users\/89"}],"replies":[{"embeddable":true,"href":"https:\/\/portfolio.uqac.ca\/nathaliesasseville\/wp-json\/wp\/v2\/comments?post=46"}],"version-history":[{"count":7,"href":"https:\/\/portfolio.uqac.ca\/nathaliesasseville\/wp-json\/wp\/v2\/pages\/46\/revisions"}],"predecessor-version":[{"id":157,"href":"https:\/\/portfolio.uqac.ca\/nathaliesasseville\/wp-json\/wp\/v2\/pages\/46\/revisions\/157"}],"wp:attachment":[{"href":"https:\/\/portfolio.uqac.ca\/nathaliesasseville\/wp-json\/wp\/v2\/media?parent=46"}],"wp:term":[{"taxonomy":"post_tag","embeddable":true,"href":"https:\/\/portfolio.uqac.ca\/nathaliesasseville\/wp-json\/wp\/v2\/tags?post=46"}],"curies":[{"name":"wp","href":"https:\/\/api.w.org\/{rel}","templated":true}]}}