{"id":18,"date":"2012-07-23T20:05:15","date_gmt":"2012-07-23T20:05:15","guid":{"rendered":"http:\/\/portfolio-pre.uqac.ca\/gabarit\/?page_id=18"},"modified":"2024-11-11T12:15:51","modified_gmt":"2024-11-11T17:15:51","slug":"enseignement","status":"publish","type":"page","link":"https:\/\/portfolio.uqac.ca\/nicolemonney\/enseignement\/","title":{"rendered":"Enseignement"},"content":{"rendered":"<p><strong>Cours donn\u00e9s au premier cycle<\/strong><\/p>\n<ul>\n<li>3PDG215 : Intervention\u00a0en classe au pr\u00e9scolaire-primaire : gestion du groupe et des comportements individuels<\/li>\n<li>3PDG115 :\u00a0Gestion \u00e9ducative de la classe et climat d&#8217;apprentissage<\/li>\n<li><span style=\"line-height: 1.5\">3DME208 :\u00a0\u00c9valuation des apprentissages<\/span><\/li>\n<li><span style=\"line-height: 1.5\">FEP0005 :\u00a0Gestion du groupe classe en formation professionnelle<\/span><\/li>\n<li>3PPG150 : Fondements de l&#8217;apprentissage scolaire<\/li>\n<li>3EEL111 : Activit\u00e9 int\u00e9grative 1 au pr\u00e9scolaire-primaire<\/li>\n<li>3EEL112 : Activit\u00e9 int\u00e9grative 2 au pr\u00e9scolaire-primaire<\/li>\n<li>3EEL113 : Activit\u00e9 int\u00e9grative 3 au pr\u00e9scolaire-primaire<\/li>\n<li>3HON101 : Recherche en \u00e9ducation 1<\/li>\n<li>3HON102 : Recherche en \u00e9ducation 2<\/li>\n<\/ul>\n<p><strong>Cours donn\u00e9s au deuxi\u00e8me cycle : Maitrise en \u00e9ducation<\/strong><\/p>\n<ul>\n<li><span style=\"line-height: 1.5\">3MED881 :\u00a0Formules p\u00e9dagogiques et innovation en \u00e9ducation\u00a0<\/span><\/li>\n<li>3MED941 : S\u00e9minaire de lecture<\/li>\n<li>3MED944 : Lecture dirig\u00e9e<\/li>\n<li>3MED850 : S\u00e9minaire de recherche<\/li>\n<\/ul>\n<p><strong>Cours donn\u00e9s au troisi\u00e8me cycle :\u00a0<\/strong><\/p>\n<ul>\n<li>DME9001 : S\u00e9minaire de doctorat : la synth\u00e8se (Doctorat en \u00e9ducation, UQAM)<\/li>\n<li>DDD9666 : Initiation \u00e0 l&#8217;enseignement au post-secondaire (Doctorat en biologie, UQAC)<\/li>\n<\/ul>\n<figure id=\"attachment_135\" aria-describedby=\"caption-attachment-135\" style=\"width: 641px\" class=\"wp-caption aligncenter\"><a href=\"https:\/\/portfolio.uqac.ca\/nicolemonney\/files\/2012\/07\/enseignement-wp.jpeg\"><img loading=\"lazy\" decoding=\"async\" class=\"wp-image-135\" src=\"https:\/\/portfolio.uqac.ca\/nicolemonney\/files\/2012\/07\/enseignement-wp-300x200.jpeg\" width=\"641\" height=\"427\" srcset=\"https:\/\/portfolio.uqac.ca\/nicolemonney\/files\/2012\/07\/enseignement-wp-300x200.jpeg 300w, https:\/\/portfolio.uqac.ca\/nicolemonney\/files\/2012\/07\/enseignement-wp-768x512.jpeg 768w, https:\/\/portfolio.uqac.ca\/nicolemonney\/files\/2012\/07\/enseignement-wp-1024x683.jpeg 1024w\" sizes=\"(max-width: 641px) 100vw, 641px\" \/><\/a><figcaption id=\"caption-attachment-135\" class=\"wp-caption-text\">Source: pixabay.com<\/figcaption><\/figure>\n<p>&nbsp;<\/p>\n<p><strong>Mes approches privil\u00e9gi\u00e9es dans l&#8217;enseignement<\/strong><\/p>\n<ul>\n<li>La classe invers\u00e9e;<\/li>\n<li>L&#8217;approche coop\u00e9rative;<\/li>\n<li>BYOD;<\/li>\n<li>Portfolio num\u00e9rique<\/li>\n<\/ul>\n<p>&nbsp;<\/p>\n","protected":false},"excerpt":{"rendered":"<p>Cours donn\u00e9s au premier cycle 3PDG215 : Intervention\u00a0en classe au pr\u00e9scolaire-primaire : gestion du groupe et des comportements individuels 3PDG115 :\u00a0Gestion \u00e9ducative de la classe et climat d&#8217;apprentissage 3DME208 :\u00a0\u00c9valuation des apprentissages FEP0005 :\u00a0Gestion du groupe classe en formation professionnelle 3PPG150 : Fondements de l&#8217;apprentissage scolaire 3EEL111 : Activit\u00e9 int\u00e9grative 1 au pr\u00e9scolaire-primaire 3EEL112 : &hellip; <a href=\"https:\/\/portfolio.uqac.ca\/nicolemonney\/enseignement\/\" class=\"more-link\">Continuer la lecture de <span class=\"screen-reader-text\">Enseignement<\/span>  <span class=\"meta-nav\">&rarr;<\/span><\/a><\/p>\n","protected":false},"author":158,"featured_media":0,"parent":0,"menu_order":0,"comment_status":"closed","ping_status":"closed","template":"","meta":{"footnotes":""},"tags":[],"_links":{"self":[{"href":"https:\/\/portfolio.uqac.ca\/nicolemonney\/wp-json\/wp\/v2\/pages\/18"}],"collection":[{"href":"https:\/\/portfolio.uqac.ca\/nicolemonney\/wp-json\/wp\/v2\/pages"}],"about":[{"href":"https:\/\/portfolio.uqac.ca\/nicolemonney\/wp-json\/wp\/v2\/types\/page"}],"author":[{"embeddable":true,"href":"https:\/\/portfolio.uqac.ca\/nicolemonney\/wp-json\/wp\/v2\/users\/158"}],"replies":[{"embeddable":true,"href":"https:\/\/portfolio.uqac.ca\/nicolemonney\/wp-json\/wp\/v2\/comments?post=18"}],"version-history":[{"count":11,"href":"https:\/\/portfolio.uqac.ca\/nicolemonney\/wp-json\/wp\/v2\/pages\/18\/revisions"}],"predecessor-version":[{"id":334,"href":"https:\/\/portfolio.uqac.ca\/nicolemonney\/wp-json\/wp\/v2\/pages\/18\/revisions\/334"}],"wp:attachment":[{"href":"https:\/\/portfolio.uqac.ca\/nicolemonney\/wp-json\/wp\/v2\/media?parent=18"}],"wp:term":[{"taxonomy":"post_tag","embeddable":true,"href":"https:\/\/portfolio.uqac.ca\/nicolemonney\/wp-json\/wp\/v2\/tags?post=18"}],"curies":[{"name":"wp","href":"https:\/\/api.w.org\/{rel}","templated":true}]}}