{"id":195,"date":"2019-09-18T11:27:02","date_gmt":"2019-09-18T15:27:02","guid":{"rendered":"http:\/\/portfolio-pre.uqac.ca\/nicolemonney\/?page_id=195"},"modified":"2021-09-22T09:35:03","modified_gmt":"2021-09-22T13:35:03","slug":"services-a-la-collectivite","status":"publish","type":"page","link":"https:\/\/portfolio.uqac.ca\/nicolemonney\/services-a-la-collectivite\/","title":{"rendered":"Services \u00e0 la collectivit\u00e9"},"content":{"rendered":"<h2><strong>Responsabilit\u00e9s institutionnelles<\/strong><\/h2>\n<ul>\n<li>2020-2023 : Directrice du module d&#8217;\u00e9ducation pr\u00e9scolaire et d&#8217;enseignement primaire<\/li>\n<li>2020-2022 : Membre de la Commission des \u00e9tudes et de la recherche cr\u00e9ation de l&#8217;UQAC<\/li>\n<li>2014-2019 : Responsable du comit\u00e9 de p\u00e9dagogie universitaire\n<ul>\n<li>\u00c9laboration de formations p\u00e9dagogiques<\/li>\n<li>\u00c9laboration du plan strat\u00e9gique pour le CPU<\/li>\n<li>Coordination des activit\u00e9s p\u00e9dagogiques<\/li>\n<li>Veilles scientifiques<\/li>\n<li>R\u00e9alisation de rapports<\/li>\n<li>Collaboration avec le GRIIP du r\u00e9seau social de l&#8217;UQ<\/li>\n<\/ul>\n<\/li>\n<li>2014-2016 : Comit\u00e9 d&#8217;organisation des journ\u00e9es de la valorisation de la recherche, de la cr\u00e9ation et de l&#8217;enseignement,<\/li>\n<li>2013 : Comit\u00e9 d&#8217;\u00e9valuation de la FUQAC<\/li>\n<\/ul>\n<h2><strong>Responsabilit\u00e9s d\u00e9partementales<\/strong><\/h2>\n<ul>\n<li>Comit\u00e9 de s\u00e9lection (2018-2022)<\/li>\n<li>Comit\u00e9 d&#8217;\u00e9valuation (2020-2021)<\/li>\n<li>Comit\u00e9 de la recherche (2017-2018)<\/li>\n<li>Comit\u00e9 ex\u00e9cutif (2015-2017)<\/li>\n<\/ul>\n<h2><strong>Responsabilit\u00e9s en dehors de l&#8217;UQAC<\/strong><\/h2>\n<ul>\n<li>2021-&#8230; :\u00a0Membre de la commission en \u00e9ducation pr\u00e9scolaire et enseignement primaire (CEPEP) pour le Conseil Sup\u00e9rieur de l&#8217;\u00e9ducation<\/li>\n<li>2020 &#8211; &#8230; : Comit\u00e9 scientifique de TIES pour le colloque REACH<\/li>\n<li>2020 &#8211; &#8230; :\u00a0Vp aux communications, comit\u00e9 ex\u00e9cutif de l&#8217;ADMEE-Canada<\/li>\n<li>2021 : Formatrice pour\u00a0<a href=\"https:\/\/fondationpgl.ca\/un-mois-davril-bien-rempli-pour-les-educateurs-sans-frontieres\/\">&#8220;\u00c9ducateur sans fronti\u00e8re&#8221;<\/a><\/li>\n<li>2018 &#8211; &#8230; : Responsable table CP-Chercheurs<\/li>\n<li>2018 : Comit\u00e9 d&#8217;\u00e9valuation pour l&#8217;ACFAS<\/li>\n<li>2018 : \u00c9valuateur de projets\u00a0ANR<\/li>\n<\/ul>\n","protected":false},"excerpt":{"rendered":"<p>Responsabilit\u00e9s institutionnelles 2020-2023 : Directrice du module d&#8217;\u00e9ducation pr\u00e9scolaire et d&#8217;enseignement primaire 2020-2022 : Membre de la Commission des \u00e9tudes et de la recherche cr\u00e9ation de l&#8217;UQAC 2014-2019 : Responsable du comit\u00e9 de p\u00e9dagogie universitaire \u00c9laboration de formations p\u00e9dagogiques \u00c9laboration du plan strat\u00e9gique pour le CPU Coordination des activit\u00e9s p\u00e9dagogiques Veilles scientifiques R\u00e9alisation de rapports &hellip; <a href=\"https:\/\/portfolio.uqac.ca\/nicolemonney\/services-a-la-collectivite\/\" class=\"more-link\">Continuer la lecture de <span class=\"screen-reader-text\">Services \u00e0 la collectivit\u00e9<\/span>  <span class=\"meta-nav\">&rarr;<\/span><\/a><\/p>\n","protected":false},"author":158,"featured_media":0,"parent":0,"menu_order":0,"comment_status":"closed","ping_status":"closed","template":"","meta":{"footnotes":""},"tags":[],"_links":{"self":[{"href":"https:\/\/portfolio.uqac.ca\/nicolemonney\/wp-json\/wp\/v2\/pages\/195"}],"collection":[{"href":"https:\/\/portfolio.uqac.ca\/nicolemonney\/wp-json\/wp\/v2\/pages"}],"about":[{"href":"https:\/\/portfolio.uqac.ca\/nicolemonney\/wp-json\/wp\/v2\/types\/page"}],"author":[{"embeddable":true,"href":"https:\/\/portfolio.uqac.ca\/nicolemonney\/wp-json\/wp\/v2\/users\/158"}],"replies":[{"embeddable":true,"href":"https:\/\/portfolio.uqac.ca\/nicolemonney\/wp-json\/wp\/v2\/comments?post=195"}],"version-history":[{"count":6,"href":"https:\/\/portfolio.uqac.ca\/nicolemonney\/wp-json\/wp\/v2\/pages\/195\/revisions"}],"predecessor-version":[{"id":263,"href":"https:\/\/portfolio.uqac.ca\/nicolemonney\/wp-json\/wp\/v2\/pages\/195\/revisions\/263"}],"wp:attachment":[{"href":"https:\/\/portfolio.uqac.ca\/nicolemonney\/wp-json\/wp\/v2\/media?parent=195"}],"wp:term":[{"taxonomy":"post_tag","embeddable":true,"href":"https:\/\/portfolio.uqac.ca\/nicolemonney\/wp-json\/wp\/v2\/tags?post=195"}],"curies":[{"name":"wp","href":"https:\/\/api.w.org\/{rel}","templated":true}]}}