{"id":27,"date":"2012-07-24T12:57:18","date_gmt":"2012-07-24T12:57:18","guid":{"rendered":"http:\/\/portfolio-pre.uqac.ca\/gabarit\/?page_id=27"},"modified":"2019-09-18T09:05:25","modified_gmt":"2019-09-18T13:05:25","slug":"curriculum-vitae","status":"publish","type":"page","link":"https:\/\/portfolio.uqac.ca\/nicolemonney\/curriculum-vitae\/","title":{"rendered":"Curriculum vitae"},"content":{"rendered":"<h2><strong>Dipl\u00f4mes<\/strong><\/h2>\n<p>Doctorat en \u00e9ducation, UQAC-UQAM (2014)<\/p>\n<p>Ma\u00eetrise en \u00e9ducation, UQAC (2009)<\/p>\n<p>Baccalaur\u00e9at en \u00e9ducation pr\u00e9scolaire et en enseignement primaire , UQAC (2006)<\/p>\n<h2><strong><br \/>\nDistinctions et bourses<br \/>\n<\/strong><\/h2>\n<p>CRSH &#8211; Bourse Joseph-Armand Bombardier (2009-2012), 105&#8217;000$<\/p>\n<p>CRSH &#8211; Bourse \u00e0 la ma\u00eetrise (2007-2009), 17&#8217;000$<\/p>\n<h2><strong><br \/>\nAffiliations professionnelles<\/strong><\/h2>\n<p>Consortium r\u00e9gional \u00a0de recherche en \u00e9ducation (CRRE)\u00a0https:\/\/recherche-education.ca\/<\/p>\n<p>CRIRES &#8212;\u00a0https:\/\/crires.ulaval.ca\/<\/p>\n<p><strong>\u00a0<\/strong><\/p>\n","protected":false},"excerpt":{"rendered":"<p>Dipl\u00f4mes Doctorat en \u00e9ducation, UQAC-UQAM (2014) Ma\u00eetrise en \u00e9ducation, UQAC (2009) Baccalaur\u00e9at en \u00e9ducation pr\u00e9scolaire et en enseignement primaire , UQAC (2006) Distinctions et bourses CRSH &#8211; Bourse Joseph-Armand Bombardier (2009-2012), 105&#8217;000$ CRSH &#8211; Bourse \u00e0 la ma\u00eetrise (2007-2009), 17&#8217;000$ Affiliations professionnelles Consortium r\u00e9gional \u00a0de recherche en \u00e9ducation (CRRE)\u00a0https:\/\/recherche-education.ca\/ CRIRES &#8212;\u00a0https:\/\/crires.ulaval.ca\/ \u00a0<\/p>\n","protected":false},"author":158,"featured_media":0,"parent":0,"menu_order":0,"comment_status":"closed","ping_status":"closed","template":"","meta":{"footnotes":""},"tags":[],"_links":{"self":[{"href":"https:\/\/portfolio.uqac.ca\/nicolemonney\/wp-json\/wp\/v2\/pages\/27"}],"collection":[{"href":"https:\/\/portfolio.uqac.ca\/nicolemonney\/wp-json\/wp\/v2\/pages"}],"about":[{"href":"https:\/\/portfolio.uqac.ca\/nicolemonney\/wp-json\/wp\/v2\/types\/page"}],"author":[{"embeddable":true,"href":"https:\/\/portfolio.uqac.ca\/nicolemonney\/wp-json\/wp\/v2\/users\/158"}],"replies":[{"embeddable":true,"href":"https:\/\/portfolio.uqac.ca\/nicolemonney\/wp-json\/wp\/v2\/comments?post=27"}],"version-history":[{"count":8,"href":"https:\/\/portfolio.uqac.ca\/nicolemonney\/wp-json\/wp\/v2\/pages\/27\/revisions"}],"predecessor-version":[{"id":194,"href":"https:\/\/portfolio.uqac.ca\/nicolemonney\/wp-json\/wp\/v2\/pages\/27\/revisions\/194"}],"wp:attachment":[{"href":"https:\/\/portfolio.uqac.ca\/nicolemonney\/wp-json\/wp\/v2\/media?parent=27"}],"wp:term":[{"taxonomy":"post_tag","embeddable":true,"href":"https:\/\/portfolio.uqac.ca\/nicolemonney\/wp-json\/wp\/v2\/tags?post=27"}],"curies":[{"name":"wp","href":"https:\/\/api.w.org\/{rel}","templated":true}]}}