{"id":4,"date":"2012-07-23T17:46:31","date_gmt":"2012-07-23T17:46:31","guid":{"rendered":"http:\/\/portfolio-pre.uqac.ca\/gabarit\/?page_id=4"},"modified":"2023-11-06T15:11:48","modified_gmt":"2023-11-06T20:11:48","slug":"presentatio","status":"publish","type":"page","link":"https:\/\/portfolio.uqac.ca\/nicolemonney\/","title":{"rendered":"Pr\u00e9sentation"},"content":{"rendered":"<h2>Nicole Monney (Ph.D)<\/h2>\n<p>Nicole Monney est professeure titulaire au d\u00e9partement des Sciences de l\u2019\u00c9ducation \u00e0 l\u2019UQAC depuis 2012. Elle est chercheure associ\u00e9e au\u00a0<a href=\"https:\/\/crires.ulaval.ca\/\">CRIRES<\/a>\u00a0et au\u00a0<a href=\"https:\/\/recherche-education.ca\/\">CRRE<\/a>. Son expertise porte sur l\u2019\u00e9valuation formative des apprentissages, sur la formation pratique des enseignants et sur les pratiques en gestion de classe dont, la planification des apprentissages. Actuellement, elle dirige une recherche (CRSH-savoir) qui porte sur l\u2019\u00e9valuation des apprentissages dans un contexte inclusif. Elle fait \u00e9galement partie du projet CRSH-Partenariat (Martine Peters, UQO) s\u2019int\u00e9ressant \u00e0 la pr\u00e9vention du plagiat en milieu universitaire. La r\u00e9flexion port\u00e9e sur ces diff\u00e9rents projets lui a permis de d\u00e9velopper une expertise fine par rapport \u00e0 l\u2019\u00e9valuation des apprentissages.<\/p>\n<h2>ORCID :<\/h2>\n<p><a href=\"https:\/\/orcid.org\/0000-0002-0973-5412\">https:\/\/orcid.org\/0000-0002-0973-5412<\/a><\/p>\n<h2>Champs d&#8217;int\u00e9r\u00eat<\/h2>\n<p>\u00c9valuation des apprentissages, repr\u00e9sentations sociales, p\u00e9dagogie en enseignement sup\u00e9rieur, gestion de classe, classe multi\u00e2ge, formation pratique en enseignement.<\/p>\n","protected":false},"excerpt":{"rendered":"<p>Nicole Monney (Ph.D) Nicole Monney est professeure titulaire au d\u00e9partement des Sciences de l\u2019\u00c9ducation \u00e0 l\u2019UQAC depuis 2012. Elle est chercheure associ\u00e9e au\u00a0CRIRES\u00a0et au\u00a0CRRE. Son expertise porte sur l\u2019\u00e9valuation formative des apprentissages, sur la formation pratique des enseignants et sur les pratiques en gestion de classe dont, la planification des apprentissages. Actuellement, elle dirige une &hellip; <a href=\"https:\/\/portfolio.uqac.ca\/nicolemonney\/\" class=\"more-link\">Continuer la lecture de <span class=\"screen-reader-text\">Pr\u00e9sentation<\/span>  <span class=\"meta-nav\">&rarr;<\/span><\/a><\/p>\n","protected":false},"author":158,"featured_media":0,"parent":0,"menu_order":0,"comment_status":"closed","ping_status":"closed","template":"","meta":{"footnotes":""},"tags":[8,16,13,17,15,11,10,14,12],"_links":{"self":[{"href":"https:\/\/portfolio.uqac.ca\/nicolemonney\/wp-json\/wp\/v2\/pages\/4"}],"collection":[{"href":"https:\/\/portfolio.uqac.ca\/nicolemonney\/wp-json\/wp\/v2\/pages"}],"about":[{"href":"https:\/\/portfolio.uqac.ca\/nicolemonney\/wp-json\/wp\/v2\/types\/page"}],"author":[{"embeddable":true,"href":"https:\/\/portfolio.uqac.ca\/nicolemonney\/wp-json\/wp\/v2\/users\/158"}],"replies":[{"embeddable":true,"href":"https:\/\/portfolio.uqac.ca\/nicolemonney\/wp-json\/wp\/v2\/comments?post=4"}],"version-history":[{"count":18,"href":"https:\/\/portfolio.uqac.ca\/nicolemonney\/wp-json\/wp\/v2\/pages\/4\/revisions"}],"predecessor-version":[{"id":309,"href":"https:\/\/portfolio.uqac.ca\/nicolemonney\/wp-json\/wp\/v2\/pages\/4\/revisions\/309"}],"wp:attachment":[{"href":"https:\/\/portfolio.uqac.ca\/nicolemonney\/wp-json\/wp\/v2\/media?parent=4"}],"wp:term":[{"taxonomy":"post_tag","embeddable":true,"href":"https:\/\/portfolio.uqac.ca\/nicolemonney\/wp-json\/wp\/v2\/tags?post=4"}],"curies":[{"name":"wp","href":"https:\/\/api.w.org\/{rel}","templated":true}]}}