{"id":18,"date":"2022-08-03T13:35:08","date_gmt":"2022-08-03T17:35:08","guid":{"rendered":"http:\/\/portfolio-pre.uqac.ca\/gabarit\/?page_id=18"},"modified":"2022-12-13T10:15:00","modified_gmt":"2022-12-13T15:15:00","slug":"enseignement","status":"publish","type":"page","link":"https:\/\/portfolio.uqac.ca\/oliviermorissette\/enseignement\/","title":{"rendered":"Enseignement"},"content":{"rendered":"<p>Cette page pr\u00e9sente une liste des cours que\u00a0j&#8217;enseigne actuellement \u00e0 l&#8217;Universit\u00e9 du Qu\u00e9bec \u00e0 Chicoutimi. Certains cours sont en responsabilit\u00e9 partag\u00e9e avec d&#8217;autres professeurs-es du d\u00e9partement des sciences fondamentales.<\/p>\n<p><em>Cliquez sur le titre du cours pour plus d&#8217;information :<\/em><\/p>\n<ul>\n<li>1FVB304:\u00a0<a href=\"https:\/\/cours.uqac.ca\/1FVB304\">Faune vert\u00e9br\u00e9e bor\u00e9ale<\/a><\/li>\n<li>1BDC303:\u00a0<a href=\"https:\/\/cours.uqac.ca\/1BDC303\">Biodiversit\u00e9 et conservation<\/a><\/li>\n<li>1MRR802:\u00a0<a href=\"https:\/\/cours.uqac.ca\/1MRR822\">Gestion des ressources renouvelables<\/a><\/li>\n<li>1GNT102: <a href=\"https:\/\/cours.uqac.ca\/1GNT102\">G\u00e9n\u00e9tique g\u00e9n\u00e9rale<\/a><\/li>\n<\/ul>\n","protected":false},"excerpt":{"rendered":"<p>Cette page pr\u00e9sente une liste des cours que\u00a0j&#8217;enseigne actuellement \u00e0 l&#8217;Universit\u00e9 du Qu\u00e9bec \u00e0 Chicoutimi. Certains cours sont en responsabilit\u00e9 partag\u00e9e avec d&#8217;autres professeurs-es du d\u00e9partement des sciences fondamentales. Cliquez sur le titre du cours pour plus d&#8217;information : 1FVB304:\u00a0Faune vert\u00e9br\u00e9e bor\u00e9ale 1BDC303:\u00a0Biodiversit\u00e9 et conservation 1MRR802:\u00a0Gestion des ressources renouvelables 1GNT102: G\u00e9n\u00e9tique g\u00e9n\u00e9rale<\/p>\n","protected":false},"author":89,"featured_media":0,"parent":0,"menu_order":0,"comment_status":"closed","ping_status":"closed","template":"","meta":{"footnotes":""},"tags":[],"_links":{"self":[{"href":"https:\/\/portfolio.uqac.ca\/oliviermorissette\/wp-json\/wp\/v2\/pages\/18"}],"collection":[{"href":"https:\/\/portfolio.uqac.ca\/oliviermorissette\/wp-json\/wp\/v2\/pages"}],"about":[{"href":"https:\/\/portfolio.uqac.ca\/oliviermorissette\/wp-json\/wp\/v2\/types\/page"}],"author":[{"embeddable":true,"href":"https:\/\/portfolio.uqac.ca\/oliviermorissette\/wp-json\/wp\/v2\/users\/89"}],"replies":[{"embeddable":true,"href":"https:\/\/portfolio.uqac.ca\/oliviermorissette\/wp-json\/wp\/v2\/comments?post=18"}],"version-history":[{"count":6,"href":"https:\/\/portfolio.uqac.ca\/oliviermorissette\/wp-json\/wp\/v2\/pages\/18\/revisions"}],"predecessor-version":[{"id":257,"href":"https:\/\/portfolio.uqac.ca\/oliviermorissette\/wp-json\/wp\/v2\/pages\/18\/revisions\/257"}],"wp:attachment":[{"href":"https:\/\/portfolio.uqac.ca\/oliviermorissette\/wp-json\/wp\/v2\/media?parent=18"}],"wp:term":[{"taxonomy":"post_tag","embeddable":true,"href":"https:\/\/portfolio.uqac.ca\/oliviermorissette\/wp-json\/wp\/v2\/tags?post=18"}],"curies":[{"name":"wp","href":"https:\/\/api.w.org\/{rel}","templated":true}]}}