{"id":25,"date":"2022-08-03T13:35:08","date_gmt":"2022-08-03T17:35:08","guid":{"rendered":"http:\/\/portfolio-pre.uqac.ca\/gabarit\/?page_id=25"},"modified":"2024-11-11T11:23:30","modified_gmt":"2024-11-11T16:23:30","slug":"communications","status":"publish","type":"page","link":"https:\/\/portfolio.uqac.ca\/oliviermorissette\/communications\/","title":{"rendered":"Communications"},"content":{"rendered":"<ul>\n<li>Des scientifiques et activistes r\u00e9clament une protection renforc\u00e9e de l\u2019esturgeon jaune (2022), Radio-Canada\u00a0<a href=\"https:\/\/ici.radio-canada.ca\/nouvelle\/1942956\/espece-peril-canada-cop15-poisson-lacs-ontario\">T\u00e9l\u00e9vision et web<\/a><\/li>\n<li>Des refuges pour les poissons indig\u00e8ne (2022), Les ann\u00e9es lumi\u00e8re, Radio-Canada <a href=\"https:\/\/ici.radio-canada.ca\/ohdio\/premiere\/emissions\/les-annees-lumiere\/episodes\/656281\/rattrapage-du-dimanche-25-septembre-2022\/7?fbclid=IwAR17OQga0hxlOs-uZxV1vKvaiuNyhF37hsZTGR8szH_ni6gcV4cv4-jRQ4w\">Radio<\/a><\/li>\n<li>Les poissons rouges envahissent les \u00e9tangs urbains (2022), Le 6 \u00e0 9 Winnipeg, Radio-Canada <a href=\"https:\/\/ici.radio-canada.ca\/ohdio\/premiere\/emissions\/le-6-a-9\/segments\/entrevue\/415149\/especes-envahissantes-aquarium-cours-eau\">Radio<\/a><\/li>\n<li>Le Saguenay-Lac-Saint-Jean et ses animaux inhabituels (2022), Le Quotidien <a href=\"https:\/\/www.lequotidien.com\/2022\/08\/27\/le-saguenay-lac-saint-jean-et-ses-animaux-inhabituels-9212946c45d9ece1e7d6b64bbba13fe2?utm_medium=Social&amp;utm_source=Facebook&amp;fbclid=IwAR0-rbJhel9wK2YpDiqDgX-Zlo6hYMbs7qzLr71VBCFsW8XnBV3Bj3FHL-8#Echobox=1661602109\">Article<\/a><\/li>\n<li>Un crapet-soleil p\u00each\u00e9 dans la Petite-D\u00e9charge (2022), Le t\u00e9l\u00e9journal 18h, Radio-Canada <a href=\"https:\/\/ici.radio-canada.ca\/nouvelle\/1908570\/crapet-soleil-petite-decharge-alma-peche\">T\u00e9l\u00e9vision et web<\/a><\/li>\n<li>Les esp\u00e8ces envahissantes qui menacent le Lac Saint-Jean. (2022), Le 15-18, Radio-Canada <a href=\"https:\/\/ici.radio-canada.ca\/ohdio\/premiere\/emissions\/place-publique\/episodes\/646951\/rattrapage-du-mercredi-10-aout-2022\/2\">Radio<\/a><\/li>\n<li>Saviez-vous que les poissons rouges peuvent devenir tr\u00e8s, tr\u00e8s gros! (2021), Le retour avec Bernard Drainville, FM 98.5 <a href=\"https:\/\/www.985fm.ca\/audio\/442757\/saviez-vous-que-les-poissons-rouges-peuvent-devenir-tres-tres-gros\">Radio<\/a><\/li>\n<li>La carpe asiatique envahit la Rivi\u00e8re Richelieu (2021), FM 98.5 <a href=\"https:\/\/www.985fm.ca\/audio\/404881\/la-carpe-asiatique-envahit-la-riviere-richelieu\">Radio<\/a><\/li>\n<li>Pr\u00e9sence inqui\u00e9tante de la carpe asiatique dans la rivi\u00e8re Richelieu (2021), le Devoir, <a href=\"https:\/\/www.ledevoir.com\/societe\/environnement\/611277\/faune-aquatique-presence-inquietante-de-la-carpe-asiatique-dans-la-riviere-richelieu\">Article<\/a><\/li>\n<li>Teach me about the Great Lakes \u2013 Episode 29 (2021). I love a great collaboration <a href=\"https:\/\/www.teachmeaboutthegreatlakes.com\/29\">Podcast<\/a><\/li>\n<li>La carpe asiatique a trouv\u00e9 un habitat propice dans le Saint-Laurent, (2020). le Devoir, <a href=\"https:\/\/www.ledevoir.com\/societe\/environnement\/581376\/environnement-la-carpe-asiatique-a-trouve-un-habitat-propice-dans-le-saint-laurent\">Article<\/a><\/li>\n<li>Les ann\u00e9es-lumi\u00e8re (2019). Radio-Canada, <a href=\"https:\/\/ici.radio-canada.ca\/premiere\/emissions\/les-annees-lumiere\/segments\/reportage\/140501\/poisson-invasion-aquatique-fleuve-st-laurent-espece-tanche-moule-carpe-asiatique-roseau-richelieu-gobie\">Radio<\/a><\/li>\n<li>La carpe asiatique risque de co\u00fbter cher dans les Grands Lacs (2019), le Devoir, <a href=\"https:\/\/www.ledevoir.com\/societe\/environnement\/550247\/especes-envahissantes-la-carpe-asiatique-risque-de-couter-cher-dans-les-grands-lacs\">Article<\/a><\/li>\n<li>La semaine verte, (2018). Radio-Canada, <a href=\"https:\/\/ici.radio-canada.ca\/tele\/la-semaine-verte\/site\/segments\/reportage\/103369\/ecrevisses-taches-rouges-envahissantes\">T\u00e9l\u00e9vision<\/a><\/li>\n<li>La carpe asiatique, envahisseur de nos cours d\u2019eau, (2018). le Devoir, <a href=\"https:\/\/www.ledevoir.com\/societe\/environnement\/535361\/jusqu-ou-ira-la-carpe-asiatique\">Article<\/a><\/li>\n<\/ul>\n","protected":false},"excerpt":{"rendered":"<p>Des scientifiques et activistes r\u00e9clament une protection renforc\u00e9e de l\u2019esturgeon jaune (2022), Radio-Canada\u00a0T\u00e9l\u00e9vision et web Des refuges pour les poissons indig\u00e8ne (2022), Les ann\u00e9es lumi\u00e8re, Radio-Canada Radio Les poissons rouges envahissent les \u00e9tangs urbains (2022), Le 6 \u00e0 9 Winnipeg, Radio-Canada Radio Le Saguenay-Lac-Saint-Jean et ses animaux inhabituels (2022), Le Quotidien Article Un crapet-soleil p\u00each\u00e9 &hellip; <a href=\"https:\/\/portfolio.uqac.ca\/oliviermorissette\/communications\/\" class=\"more-link\">Continuer la lecture de <span class=\"screen-reader-text\">Communications<\/span>  <span class=\"meta-nav\">&rarr;<\/span><\/a><\/p>\n","protected":false},"author":89,"featured_media":0,"parent":0,"menu_order":0,"comment_status":"closed","ping_status":"closed","template":"","meta":{"footnotes":""},"tags":[],"_links":{"self":[{"href":"https:\/\/portfolio.uqac.ca\/oliviermorissette\/wp-json\/wp\/v2\/pages\/25"}],"collection":[{"href":"https:\/\/portfolio.uqac.ca\/oliviermorissette\/wp-json\/wp\/v2\/pages"}],"about":[{"href":"https:\/\/portfolio.uqac.ca\/oliviermorissette\/wp-json\/wp\/v2\/types\/page"}],"author":[{"embeddable":true,"href":"https:\/\/portfolio.uqac.ca\/oliviermorissette\/wp-json\/wp\/v2\/users\/89"}],"replies":[{"embeddable":true,"href":"https:\/\/portfolio.uqac.ca\/oliviermorissette\/wp-json\/wp\/v2\/comments?post=25"}],"version-history":[{"count":15,"href":"https:\/\/portfolio.uqac.ca\/oliviermorissette\/wp-json\/wp\/v2\/pages\/25\/revisions"}],"predecessor-version":[{"id":287,"href":"https:\/\/portfolio.uqac.ca\/oliviermorissette\/wp-json\/wp\/v2\/pages\/25\/revisions\/287"}],"wp:attachment":[{"href":"https:\/\/portfolio.uqac.ca\/oliviermorissette\/wp-json\/wp\/v2\/media?parent=25"}],"wp:term":[{"taxonomy":"post_tag","embeddable":true,"href":"https:\/\/portfolio.uqac.ca\/oliviermorissette\/wp-json\/wp\/v2\/tags?post=25"}],"curies":[{"name":"wp","href":"https:\/\/api.w.org\/{rel}","templated":true}]}}