{"id":27,"date":"2022-08-03T13:35:08","date_gmt":"2022-08-03T17:35:08","guid":{"rendered":"http:\/\/portfolio-pre.uqac.ca\/gabarit\/?page_id=27"},"modified":"2024-11-11T11:23:59","modified_gmt":"2024-11-11T16:23:59","slug":"curriculum-vitae","status":"publish","type":"page","link":"https:\/\/portfolio.uqac.ca\/oliviermorissette\/curriculum-vitae\/","title":{"rendered":"Curriculum vitae"},"content":{"rendered":"<h5><strong>Exp\u00e9riences professionnelles<\/strong><\/h5>\n<p>2022- [\u2026]. Professeur en sciences halieutiques, Universit\u00e9 du Qu\u00e9bec \u00e0 Chicoutimi, D\u00e9partement des sciences fondamentales<\/p>\n<p>2017-2022. Biologiste-expert et chef de division, Direction de l\u2019expertise sur la faune aquatique du minist\u00e8re des For\u00eats, de la Faune et des Parcs<\/p>\n<h5><strong>Scolarit\u00e9<\/strong><\/h5>\n<p>2013 &#8211; 2019.\u00a0 \u00a0 \u00a0<strong>Doctorat en biologie<\/strong> \u2013 Universit\u00e9 Laval (Qu\u00e9bec) sous la supervision des profs Louis Bernatchez et Pascal Sirois. Enjeux et cons\u00e9quences g\u00e9nomiques et \u00e9cologiques des ensemencements de soutien du touladi (<em>Salvelinus namaycush<\/em>)<\/p>\n<p>2011 \u2013 2013.\u00a0 \u00a0\u00a0<strong>Maitrise en ressources renouvelables<\/strong> \u2013 Universit\u00e9 du Qu\u00e9bec \u00e0 Chicoutimi (Chicoutimi) sous la supervision du prof Pascal Sirois. Habitats essentiels des larves et des juv\u00e9niles de la nouvelle population de bars ray\u00e9s du Saint-Laurent<\/p>\n<p>2008 \u2013 2011.\u00a0 \u00a0\u00a0<strong>Baccalaur\u00e9at en biologie<\/strong> \u2013 Universit\u00e9 du Qu\u00e9bec \u00e0 Chicoutimi (Chicoutimi)<\/p>\n<h5><strong>Bourses, subventions et prix<\/strong><\/h5>\n<h6><em>Subventions de recherche<\/em><\/h6>\n<p>2024. CRSNG Alliance \u2013 Multidisciplinary population structure of the Lake St. Francis Yellow Perch; a pivotal shared-jurisdiction fishery resource (O. Morissette, P. Sirois, M.A. Perron, C. Lake, B. Bourdage &amp; Y. Paradis) obtenue 200 500 $<\/p>\n<p>2023. CRSNG Alliance \u2013 Discovering and protecting unique freshwater diversity in Eastern Canada, with Special focus on Threespine Stickleback fish in Qu\u00e9bec parks (H. Hendry, A.M. Derry, Barrett, R.D.H. &amp; O. Morissette) 298 490$<\/p>\n<p>2023. CRNSG Alliance \u2013 Quantifier les bris de connectivit\u00e9 \u00e9cologique aquatique dans un contexte de changements climatique et d\u2019utilisation des terres (K. Turgeon, M. Boivin, V. Fug\u00e8re, A. Gonzalez, E. Harvey, O. Morissette &amp; M. Rodriguez) 1 297 000 $<\/p>\n<p>2023. MITACS Acc\u00e9l\u00e9ration \u2013 Cartographie de la priorisation des actions de sensibilisation et de surveillance contre les esp\u00e8ces aquatiques envahissantes dans le Qu\u00e9bec m\u00e9ridional (O. Morissette, Regroupement national des conseils r\u00e9gionaux de l&#8217;environnement du Qu\u00e9bec) 75 000$<\/p>\n<p>2023. FRQNT Programme de recherche en partenariat dans le secteur maritime \u2013 \u00c9laboration d\u2019une m\u00e9thode pluridisciplinaire pour diff\u00e9rencier les \u00e9cotypes r\u00e9sidents et migrants de l\u2019omble de fontaine afin de favoriser la conservation et la gestion d\u2019une esp\u00e8ce embl\u00e9matique du Qu\u00e9bec (prof David Deslauriers UQAR, OM cochercheur 27%) 300 000$<\/p>\n<p>2023. Fondation de l\u2019UQAC (Projets r\u00e9guliers) \u2013 Incidence des cultures sur paillis de plastique oxod\u00e9gradable sur l\u2019abondance de microplastiques dans les milieux aquatiques du Saguenay Lac Saint-Jean (OM chercheur principal, Maxime Par\u00e9 UQAC) 10 000$<\/p>\n<p>2022 Observation r\u00e9gionale de la for\u00eat bor\u00e9ale \u2013 Effet des activit\u00e9s de l&#8217;industrie foresti\u00e8re sur la qualit\u00e9 de l&#8217;eau et de l&#8217;habitat des poissons (prof Pascal Sirois, O. Morissette)\u00a0 49 075$<\/p>\n<p>2022. CRSNG D\u00e9couverte \u2013 Is urban streams are eco-evolutionary drivers of freshwater fish invasion? (Chercheur principal) 157 500$<\/p>\n<p>2021. Canadian Mountain Network \u2013 D\u00e9velopper des Connaissances sur les R\u00e9alit\u00e9s \u00c9cosyst\u00e9miques Aquatiques des Chic-Chocs (CR\u00c9A) (prof Louise Chavarie NMBU, OM coappliquant) 300\u00a0000$<\/p>\n<p>2021. CRSNG Alliance \u2013 Projet de recherche sur l\u2019impact de la pollution agricole sur les communaut\u00e9s de petits ruisseaux (prof Vincent Fug\u00e8re, UQTR, OM coappliquant) 150\u00a0000$<\/p>\n<p>2021. Fonds de compensation 08 \u2013 projet de recherche sur le cladoc\u00e8re \u00e9pineux en Abitibi-T\u00e9miscamingue (prof Guillaume Grosbois, UQAT, OM coappliquant) 75\u00a0000$<\/p>\n<p>2019. Strategic Program for Ecosystem-based Research and Advice (MPO) \u2013 Dynamique et utilisation de l\u2019habitat de la tanche (Dre Jaclyn Hill, OM coappliquant) 50\u00a0000$<\/p>\n<h6><em>Bourses<\/em><\/h6>\n<p>2014 \u2013 2016. Bourse de doctorat en recherche \u2013 Alexander Graham-Bell du Conseil de recherche en sciences et g\u00e9nie (CRSNG) 35\u00a0000$\/ann\u00e9e<\/p>\n<p>2013. Bourse de doctorat en recherche du Fonds de recherche du Qu\u00e9bec nature et technologie (FRQNT) 20\u00a0000$\/ann\u00e9e (d\u00e9clin\u00e9 apr\u00e8s un an)<\/p>\n<p>2012. Bourse de ma\u00eetrise en recherche du FRQNT 15\u00a0000$\/ann\u00e9e<\/p>\n<p>2011. Bourse de ma\u00eetrise \u2013 Alexander Graham-Bell du CRSNG 17\u00a0500$\/ann\u00e9e<\/p>\n<p>2009 \u2013 2011 Bourses de recherche de premier cycle du CRSNG 6\u00a0500$\/ann\u00e9e (3 fois)<\/p>\n<h6><em>Prix et distinctions<\/em><\/h6>\n<p>2021. Outstanding reviewer of the year 2020, Canadian Journal of Fisheries and Aquatic Sciences<\/p>\n<p>2019. Prix de la meilleure pr\u00e9sentation \u00e9tudiante (1ere place) Colloque annuel du Centre interuniversitaire de recherche sur le saumon atlantique 100$<\/p>\n<p>2012. John A. Blaxter Award \u2013 Best student poster in 36<sup>th<\/sup> Annual Larval Fish Conference in Bergen, Norway 200$<\/p>\n<h5><strong>Pr\u00e9sentations (* = conf\u00e9rencier invit\u00e9)<\/strong><\/h5>\n<h6><em>Conf\u00e9rences avec comit\u00e9 de lecture<\/em><\/h6>\n<ul>\n<li><strong>Morissette, O.<\/strong>, Geffen, A., Sturrock, A., Trueman, C. &amp; Shirai, K. (2023). Limited evidence for species-specific influence on temperature-dependent sensitivity of oxygen stable isotope fractionation in biominerals: a meta-analysis. 7<sup>th<\/sup> International Otoliths Symposium, Vina del Mare, Chile<\/li>\n<li><strong>Morissette, O.<\/strong>, Couillard, M.-A., Pouliot, R., C\u00f4t\u00e9, G. &amp; Bernatchez, L. (2023) Biomonitoring of fish communities\u2019 composition and integrity using eDNA metabarcoding shed light on the effects of anthropogenic disturbances. 2003 Society of Canadian Aquatic Sciences Conference, Montr\u00e9al, Canada<\/li>\n<li><strong>Morissette, O.<\/strong>, Geffen, A., Sturrock, A., Trueman, C. &amp; Shirai, K. (2022). Temperature-dependent oxygen stable isotopes fractionation equations in biogenic carbonates; laboratory conditions may matter more than studied species. RespFest2, Rimouski, Canada.<\/li>\n<li><strong>Morissette, O.*,<\/strong> Lecomte, F. &amp; Drouin, A. (2022) L\u2019utilisation du sol dans les bassins versants; un facteur cl\u00e9 dans la lutte aux esp\u00e8ces aquatiques envahissantes? 88<sup>e<\/sup> congr\u00e8s de l\u2019ACFAS, Universit\u00e9 Laval, Qu\u00e9bec, Canada<\/li>\n<li><strong>Morissette, O.*<\/strong>, Drouin, A., Vachon, N., Dussault, D. &amp; Lecomte, F., (2022) A retrospective of 30 years of tench invasion in the St. Lawrence River; the story of latent colonization followed by the exponential dispersal of a misjudged freshwater invader, 2022 Annual Invasive Species Forum, conf\u00e9rence virtuelle<\/li>\n<li><strong>Morissette, O.*<\/strong> (2021). Menaces, constats et adaptation face \u00e0 la pr\u00e9sence des esp\u00e8ces aquatiques envahissantes dans les eaux douces qu\u00e9b\u00e9coises, Congr\u00e8s Avenir maritime<\/li>\n<li><strong>Morissette, O.*<\/strong> (2021). Des envahisseurs parfois discrets; les d\u00e9fis et les solutions dans la gestion des esp\u00e8ces aquatiques envahissantes au Qu\u00e9bec, 88<sup>e<\/sup> congr\u00e8s de l\u2019ACFAS<\/li>\n<li><strong>Morissette, O. <\/strong>(2021) Listening through invasive fish ear: Contributions and challenges of otolith chemistry analysis in invasive fish biology, CCFFR-SCL 2021, Conf\u00e9rence virtuelle<\/li>\n<li><strong>Morissette, O.,<\/strong> Lecomte, F., Drouin, A. and Sirois P. (2020) Dispersal Dynamic and Recruitment of a Freshwater Invader using Otolith Chemistry, Upper Midwest Invasive Species Conference, Conf\u00e9rence virtuelle<\/li>\n<li><strong>Morissette, O.,<\/strong> Lecomte, F., Drouin, A. &amp; Sirois P. (2019) Habitat utilization and recruitment sources of Eurasian Tench in the St. Lawrence River by otolith microchemistry, 21<sup>th<\/sup> International Conference on Aquatic Invasive Species, Montr\u00e9al, Canada<\/li>\n<li><strong>Morissette, O.*<\/strong>, (2019). Advice for students from early career researchers (Panel), 21<sup>th<\/sup> International Conference on Aquatic Invasive Species, Montr\u00e9al, Canada<\/li>\n<li>Ricciardi, A., Cudmore, B., <strong>Morissette, O.*<\/strong> &amp; Brian Leung (2017). Invasive species research: Future challenges and opportunities (Panel), Colloque du Centre de la Science de la Biodiversit\u00e9 du Qu\u00e9bec, 11-13 d\u00e9cembre, Montr\u00e9al, Canada<\/li>\n<li><strong>Morissette, O.,<\/strong> Brisson-Bonenfant, C., Pouliot, R., Drouin, A., C\u00f4t\u00e9 G. &amp; Lecomte F. (2017) Integrated management approach of aquatic invasive species for the province of Qu\u00e9bec, Canada, 20<sup>th<\/sup> International Conference on Aquatic Invasive Species, Fort Lauderdale, US<\/li>\n<li><strong>Morissette, O.,<\/strong> Sirois, P. &amp; Bernatchez L. (2017) S\u2019alimenter en dehors de la bo\u00eete: partition de niches intra sp\u00e9cifique r\u00e9sultant des ensemencements de soutien, Colloque annuel du CIRSA, Qu\u00e9bec, Canada<\/li>\n<li><strong>Morissette, O.,<\/strong> Sirois, P. &amp; Bernatchez L. (2017) Admixture-driven intraspecific differences in trophic niche resulting from supplementation stocking in lake trout populations, 2017 Canadian Conference for Fisheries Research, Montr\u00e9al, Canada<\/li>\n<li><strong>Morissette, O.,<\/strong> Sirois, P. &amp; Bernatchez, L. (2016) Assessing the impacts of supplementation stockings on individual growth of lake trout (<em>Salvelinus namaycush<\/em>), 2016 Annual Symposium of the Fisheries Society of the British Isles, Bangor, UK<\/li>\n<li><strong>Morissette, O.,<\/strong> Sirois, P. &amp; Bernatchez, L. (2016) Impacts intra et interpopulationnels des ensemencements de soutien \u00e0 la p\u00eache sportive sur la croissance et la condition du touladi (<em>Salvelinus namaycush<\/em>), Colloque annuel du RAQ, Qu\u00e9bec, Canada<\/li>\n<li><strong>Morissette, O.,<\/strong> Bernatchez L. &amp; Sirois P. (2016) Early life growth rate as a predictor of cannibalistic life history in stocked lake trout populations, 40<sup>th<\/sup> Larval Fish Conference, Solomons, Maryland, US<\/li>\n<li><strong>Morissette, O., <\/strong>Bernatchez L. &amp; Sirois P. (2016) Impact des ensemencements de soutien sur la croissance individuelle et populationnelle du touladi, Colloque Annuel du CIRSA, Qu\u00e9bec, Canada<\/li>\n<li><strong>Morissette, O.,<\/strong> Sirois, P., Legault, M., Verreault, G. &amp; Lecomte, F. (2013). Rapid establishment of contingents in a recently reintroduced striped bass population in the St. Lawrence estuary (Qu\u00e9bec, Canada). 37<sup>th<\/sup> Larval Fish Conference, Miami, US<\/li>\n<li><strong>Morissette, O.,<\/strong> Lecomte, F., Verreault, G., Legault, M. &amp; Sirois, P. (2012). Long-time no see: The onset of a natural dynamic for the reintroduced Striped Bass in St. Lawrence estuary, 36<sup>th<\/sup> Larval Fish Conference, Bergen, Norway<\/li>\n<\/ul>\n<h6><em>Conf\u00e9rences sans comit\u00e9 de lecture et activit\u00e9s grand public<\/em><\/h6>\n<ul>\n<li><strong>Morissette, O.*<\/strong> (2023). L\u2019\u00e9cologie int\u00e9grative dans l\u2019\u00e9tude de l\u2019effet des perturbations anthropiques sur l\u2019envahissement des populations de poissons d\u2019eau douce. S\u00e9minaire du RIVE \u2013 Universit\u00e9 du Qu\u00e9bec \u00e0 Trois-Rivi\u00e8res, 9 mars 2023, Trois-Rivi\u00e8res, Canada<\/li>\n<li><strong>Morissette, O.*<\/strong> (2022). L\u2019\u00e9cologie int\u00e9grative dans l\u2019\u00e9tude de l\u2019effet des perturbations anthropiques sur l\u2019envahissement des populations de poissons d\u2019eau douce. S\u00e9minaire d\u00e9partement de biologie UQAM, 19 octobre 2022, Montr\u00e9al, Canada<\/li>\n<li><strong>Morissette, O.*<\/strong> (2021). Un doctorat et puis quoi!? Se frayer un chemin dans \u201cl\u2019apr\u00e8s-\u00e9tude\u201d. Les midis carri\u00e8res du RAQ, conf\u00e9rence virtuelle<\/li>\n<li><strong>Morissette, O.*<\/strong> (2021). La strat\u00e9gie de gestion qu\u00e9b\u00e9coise des esp\u00e8ces aquatiques envahissantes. Forum sur la gestion des esp\u00e8ces exotiques envahissantes de l\u2019OBV du Lac Saint-Jean<\/li>\n<li><strong>Morissette, O.*<\/strong> (2021). Le suivi et la d\u00e9tection des esp\u00e8ces aquatiques envahissantes animales au Qu\u00e9bec, les Rendez-vous Saint-Laurent 2021, pr\u00e9sentation virtuelle<\/li>\n<li><strong>Morissette, O.* <\/strong>(2020). L\u2019otolithe, un thermom\u00e8tre dans la t\u00eate des poissons, Festival \u00ab\u00a0Une pinte de science\u00a02020 \u00bb, pr\u00e9sentation virtuelle<\/li>\n<li><strong>Morissette, O.*<\/strong> (2020). A PhD and now what!? Participating to fishery management in Qu\u00e9bec, Keynote speaker, AFS Atlantic International Chapter virtual meeting<\/li>\n<li><strong>Morissette, O.*<\/strong>, Sirois, P. &amp; Bernatchez L. (2017) Admixture-driven intra-specific differences in trophic niche resulting from supplementation stocking in lake trout populations, Conf\u00e9rences Interlaboratoires de l\u2019Institut de biologie int\u00e9grative et des syst\u00e8mes, Qu\u00e9bec, Canada<\/li>\n<li><strong>Morissette, O.*<\/strong>, Lecomte, F., Verreault, G., Legault, M. &amp; Sirois, P. (2012). La migration des juv\u00e9niles de bars ray\u00e9s de la nouvelle population du Saint-Laurent. Atelier de la faune aquatique du MFFP, Qu\u00e9bec, Canada<\/li>\n<\/ul>\n<h6><em>\u00a0<\/em><em>Pr\u00e9sentations et activit\u00e9s de transfert de connaissances<\/em><\/h6>\n<ul>\n<li><strong>Morissette, O.<\/strong> &amp; Mass\u00e9, A. (2021) Formation sur les esp\u00e8ces aquatiques envahissantes, Secteurs des Op\u00e9rations R\u00e9gionales et Faune et Parcs du MFFP (~100 employ\u00e9s)<\/li>\n<li><strong>Morissette, O.*<\/strong> (2019). Les esp\u00e8ces aquatiques envahissantes, \u00e9tat de la situation et m\u00e9thodes de pr\u00e9ventions, Bureau des agents de la faune du Qu\u00e9bec, Sherbrooke, Canada<\/li>\n<\/ul>\n<p>&nbsp;<\/p>\n<h5><strong>\u00c9dition et r\u00e9vision de publications scientifiques<\/strong><\/h5>\n<p>[105 r\u00e9visions depuis 2018]<\/p>\n<p>2021 \u2013 [\u2026] <u>\u00c9diteur associ\u00e9<\/u> : Environmental Biology of Fishes<\/p>\n<p>2020 \u2013 2024 <u>\u00c9diteur associ\u00e9<\/u> : Ecological Solutions and Evidence<\/p>\n<p><u>R\u00e9viseur (19 journaux)<\/u>: Biological Invasions, Bioinvasion Record, Canadian Journal of Fisheries and Aquatic Sciences, Canadian Journal of Zoology, Ecography, Environmental Biology of Fishes, Ecological Solutions and Evidence, Fisheries Management and Ecology, Fisheries Research, Geochemistry Geophysics and Geosystems, Hydrobiologia, ICES Journal of Marine Science, Journal of Experimental Marine Biology and Ecology, Journal of Fish Biology, Journal of Great Lakes Research, Le Naturaliste Canadien, Nature Scientific Reports, North American Journal of Fisheries Management, PeerJ<\/p>\n<h6><strong>Comit\u00e9s et soci\u00e9t\u00e9s<\/strong><\/h6>\n<p>2024 \u2013 [\u2026] Sous-comit\u00e9 de sp\u00e9cialiste sur les poissons d\u2019eau douce du COSEPAC<\/p>\n<p>2021 \u2013 [\u2026] AFS Early Life History Section Executive Committee<\/p>\n<p>2020 \u2013 [\u2026] AFS Undervalued Fishes Technical Committee<\/p>\n<p>2020 \u2013 [\u2026] International Conference on Aquatic Invasive Species technical committee<\/p>\n<p>2018 \u2013 [\u2026] Great Lakes Panel on Aquatic Nuisance Species (repr\u00e9sentant du Qu\u00e9bec)<\/p>\n<p>2018 \u2013 [\u2026]\u00a0 Invasive Carp Regional Coordinating Committee (repr\u00e9sentant du Qu\u00e9bec)<\/p>\n<p>2017 \u2013 [\u2026] Comit\u00e9 National sur les esp\u00e8ces aquatiques envahissantes (repr\u00e9sentant du MFFP)<\/p>\n<p>2015 \u2013 [\u2026] Ressources Aquatiques Qu\u00e9bec (membre \u00e9tudiant et membre chercheur depuis 2021)<\/p>\n<p>2013 \u2013 [\u2026] American Fisheries Society (membre)<\/p>\n<h6><strong>Ateliers et exp\u00e9riences d\u2019enseignement<\/strong><\/h6>\n<p>H2023 \u2013 [\u2026]\u00a0\u00a0 Enseignement du cours 1GNT102 <a href=\"https:\/\/programmes.uqac.ca\/1gnt102\">G\u00e9n\u00e9tique g\u00e9n\u00e9rale<\/a> UQAC<\/p>\n<p>Enseignement du cours 1BDC303 <a href=\"https:\/\/programmes.uqac.ca\/1bdc303\">Biodiversit\u00e9 et conservation<\/a> UQAC<\/p>\n<p>Enseignement du cours 1FVB304 <a href=\"https:\/\/programmes.uqac.ca\/1fvb304\">Faune vert\u00e9br\u00e9e bor\u00e9ale<\/a> UQAC<\/p>\n<p>A2022 \u2013 [\u2026]\u00a0\u00a0 Enseignement du cours 1MRR802 <a href=\"https:\/\/cours.uqac.ca\/1MRR822\">Gestion des ressources renouvelables<\/a> UQAC<\/p>\n<p>2020 \u2013 [\u2026]\u00a0 Les esp\u00e8ces aquatiques envahissantes; Concepts, gestions et \u00e9tats des lieux. Enseignant invit\u00e9 dans diverses universit\u00e9s (Universit\u00e9 Laval, UQTR, UQAC).<\/p>\n<p>2017 \u2013 [\u2026]\u00a0 Les esp\u00e8ces exotiques envahissantes au Qu\u00e9bec, \u00e9tat de la situation et intervention de l\u2019agent de la faune, Enseignant invit\u00e9 au Centre de formation Duchesnay<\/p>\n<p>&nbsp;<\/p>\n<h5><strong>Langages de programmation, protocoles sp\u00e9cialis\u00e9s et analyses statistiques<\/strong><\/h5>\n<p>Bash, R, ArcGIS, Markdown, Linux\/Unix, Git, Jump et Iolite.<\/p>\n<p>Pr\u00e9paration de structures (otolithes et \u00e9cailles) de lecture d\u2019\u00e2ges de poissons, p\u00eache normalis\u00e9es et estimation d\u2019abondance, microchimie d\u2019otolithes par LA-ICP-MS, identification d\u2019invert\u00e9br\u00e9es, identification de larves de poissons.<\/p>\n<p>Analyses multivari\u00e9es, algorithme RandomForest, analyse des donn\u00e9es isotopes stables (SIAR), s\u00e9quen\u00e7age \u00e0 haut d\u00e9bit (SNP), association g\u00e9notype-ph\u00e9notype, extraction d\u2019ADN, pipelines de bio-informatique STACKS, ADN environnemental, m\u00e9tag\u00e9nomique, mod\u00e8les de niches \u00e9cologiques num\u00e9riques<\/p>\n","protected":false},"excerpt":{"rendered":"<p>Exp\u00e9riences professionnelles 2022- [\u2026]. Professeur en sciences halieutiques, Universit\u00e9 du Qu\u00e9bec \u00e0 Chicoutimi, D\u00e9partement des sciences fondamentales 2017-2022. Biologiste-expert et chef de division, Direction de l\u2019expertise sur la faune aquatique du minist\u00e8re des For\u00eats, de la Faune et des Parcs Scolarit\u00e9 2013 &#8211; 2019.\u00a0 \u00a0 \u00a0Doctorat en biologie \u2013 Universit\u00e9 Laval (Qu\u00e9bec) sous la supervision &hellip; <a href=\"https:\/\/portfolio.uqac.ca\/oliviermorissette\/curriculum-vitae\/\" class=\"more-link\">Continuer la lecture de <span class=\"screen-reader-text\">Curriculum vitae<\/span>  <span class=\"meta-nav\">&rarr;<\/span><\/a><\/p>\n","protected":false},"author":89,"featured_media":0,"parent":0,"menu_order":0,"comment_status":"closed","ping_status":"closed","template":"","meta":{"footnotes":""},"tags":[],"_links":{"self":[{"href":"https:\/\/portfolio.uqac.ca\/oliviermorissette\/wp-json\/wp\/v2\/pages\/27"}],"collection":[{"href":"https:\/\/portfolio.uqac.ca\/oliviermorissette\/wp-json\/wp\/v2\/pages"}],"about":[{"href":"https:\/\/portfolio.uqac.ca\/oliviermorissette\/wp-json\/wp\/v2\/types\/page"}],"author":[{"embeddable":true,"href":"https:\/\/portfolio.uqac.ca\/oliviermorissette\/wp-json\/wp\/v2\/users\/89"}],"replies":[{"embeddable":true,"href":"https:\/\/portfolio.uqac.ca\/oliviermorissette\/wp-json\/wp\/v2\/comments?post=27"}],"version-history":[{"count":10,"href":"https:\/\/portfolio.uqac.ca\/oliviermorissette\/wp-json\/wp\/v2\/pages\/27\/revisions"}],"predecessor-version":[{"id":288,"href":"https:\/\/portfolio.uqac.ca\/oliviermorissette\/wp-json\/wp\/v2\/pages\/27\/revisions\/288"}],"wp:attachment":[{"href":"https:\/\/portfolio.uqac.ca\/oliviermorissette\/wp-json\/wp\/v2\/media?parent=27"}],"wp:term":[{"taxonomy":"post_tag","embeddable":true,"href":"https:\/\/portfolio.uqac.ca\/oliviermorissette\/wp-json\/wp\/v2\/tags?post=27"}],"curies":[{"name":"wp","href":"https:\/\/api.w.org\/{rel}","templated":true}]}}