{"id":4,"date":"2022-08-03T13:35:08","date_gmt":"2022-08-03T17:35:08","guid":{"rendered":"http:\/\/portfolio-pre.uqac.ca\/gabarit\/?page_id=4"},"modified":"2022-12-06T15:43:01","modified_gmt":"2022-12-06T20:43:01","slug":"presentatio","status":"publish","type":"page","link":"https:\/\/portfolio.uqac.ca\/oliviermorissette\/","title":{"rendered":"Accueil"},"content":{"rendered":"<h2>Bienvenue<\/h2>\n<p><em>Pour tous les \u00e9tudiants-es \u00e0 la recherche d&#8217;un projet d&#8217;\u00e9tude gradu\u00e9e (ex. Ma\u00eetrise ou Doctorat), consultez la section &#8220;Opportunit\u00e9s&#8221; du pr\u00e9sent site web.<\/em><\/p>\n<p>Je suis Olivier Morissette, professeur en biologique \u00e0 l&#8217;Universit\u00e9 du Qu\u00e9bec \u00e0 Chicoutimi.<\/p>\n<p>Dans mon programme de recherche, je m\u2019int\u00e9resse aux influences \u00e9cologiques et \u00e9volutives des perturbations d\u2019origine anthropique (esp\u00e8ces envahissantes d\u00e9gradation des habitats, exploitation),\u00a0 sur les populations de poissons, afin d\u2019en am\u00e9liorer la conservation et favoriser l\u2019exploitation durable. Mes travaux s\u2019inscrivent dans une approche d\u2019\u00e9cologie int\u00e9grative, o\u00f9 se m\u00ealent \u00e9cologie aquatique, g\u00e9omatique, g\u00e9nomique et sciences des isotopes stables.<\/p>\n<h2>Champs d&#8217;int\u00e9r\u00eat<\/h2>\n<ul>\n<li>\u00c9cologie des poissons et gestion des p\u00eaches<\/li>\n<li>Esp\u00e8ces aquatiques envahissantes<\/li>\n<li>Chimie de l&#8217;otolithe<\/li>\n<li>\u00c9cologie int\u00e9grative<\/li>\n<li>ADN environnemental<\/li>\n<\/ul>\n","protected":false},"excerpt":{"rendered":"<p>Bienvenue Pour tous les \u00e9tudiants-es \u00e0 la recherche d&#8217;un projet d&#8217;\u00e9tude gradu\u00e9e (ex. Ma\u00eetrise ou Doctorat), consultez la section &#8220;Opportunit\u00e9s&#8221; du pr\u00e9sent site web. Je suis Olivier Morissette, professeur en biologique \u00e0 l&#8217;Universit\u00e9 du Qu\u00e9bec \u00e0 Chicoutimi. Dans mon programme de recherche, je m\u2019int\u00e9resse aux influences \u00e9cologiques et \u00e9volutives des perturbations d\u2019origine anthropique (esp\u00e8ces envahissantes &hellip; <a href=\"https:\/\/portfolio.uqac.ca\/oliviermorissette\/\" class=\"more-link\">Continuer la lecture de <span class=\"screen-reader-text\">Accueil<\/span>  <span class=\"meta-nav\">&rarr;<\/span><\/a><\/p>\n","protected":false},"author":89,"featured_media":0,"parent":0,"menu_order":0,"comment_status":"closed","ping_status":"closed","template":"","meta":{"footnotes":""},"tags":[],"_links":{"self":[{"href":"https:\/\/portfolio.uqac.ca\/oliviermorissette\/wp-json\/wp\/v2\/pages\/4"}],"collection":[{"href":"https:\/\/portfolio.uqac.ca\/oliviermorissette\/wp-json\/wp\/v2\/pages"}],"about":[{"href":"https:\/\/portfolio.uqac.ca\/oliviermorissette\/wp-json\/wp\/v2\/types\/page"}],"author":[{"embeddable":true,"href":"https:\/\/portfolio.uqac.ca\/oliviermorissette\/wp-json\/wp\/v2\/users\/89"}],"replies":[{"embeddable":true,"href":"https:\/\/portfolio.uqac.ca\/oliviermorissette\/wp-json\/wp\/v2\/comments?post=4"}],"version-history":[{"count":16,"href":"https:\/\/portfolio.uqac.ca\/oliviermorissette\/wp-json\/wp\/v2\/pages\/4\/revisions"}],"predecessor-version":[{"id":242,"href":"https:\/\/portfolio.uqac.ca\/oliviermorissette\/wp-json\/wp\/v2\/pages\/4\/revisions\/242"}],"wp:attachment":[{"href":"https:\/\/portfolio.uqac.ca\/oliviermorissette\/wp-json\/wp\/v2\/media?parent=4"}],"wp:term":[{"taxonomy":"post_tag","embeddable":true,"href":"https:\/\/portfolio.uqac.ca\/oliviermorissette\/wp-json\/wp\/v2\/tags?post=4"}],"curies":[{"name":"wp","href":"https:\/\/api.w.org\/{rel}","templated":true}]}}