{"id":46,"date":"2022-08-03T13:35:08","date_gmt":"2022-08-03T17:35:08","guid":{"rendered":"http:\/\/portfolio-pre.uqac.ca\/gabarit\/?page_id=46"},"modified":"2024-11-11T11:26:27","modified_gmt":"2024-11-11T16:26:27","slug":"recherche","status":"publish","type":"page","link":"https:\/\/portfolio.uqac.ca\/oliviermorissette\/recherche\/","title":{"rendered":"Recherche"},"content":{"rendered":"<p>Dans cette section, vous trouverez une description sommaire de quelques projets en cours au sein de mon laboratoire.<\/p>\n<p>\u2022 <strong>L&#8217;urbanisation comme moteur \u00e9volutif des invasions biologiques<\/strong> \u2013 L&#8217;objectif de ce projet de recherche est de faire la lumi\u00e8re sur les m\u00e9canismes \u00e9cologiques d&#8217;interaction entre l&#8217;invasion biologique et l&#8217;urbanisation dans les communaut\u00e9s de poissons de cours d&#8217;eau, afin de progresser vers une gestion du territoire qui diminue les opportunit\u00e9s pour les esp\u00e8ces envahissantes.<br \/>\n\u2022 <strong>Influence des pression anthropiques sur la productivit\u00e9 en poissons-fourrages des milieux humides bor\u00e9aux<\/strong> \u2013 L\u2019objectif principal de ce projet est d\u2019\u00e9tudier les facteurs influen\u00e7ant la structure et la productivit\u00e9 des communaut\u00e9s de poissons-fourrages dans les milieux bor\u00e9aux, en utilisant le lac Saint-Jean comme habitat mod\u00e8le.<br \/>\n\u2022 <strong>Expression du stress chez les populations de poissons d\u2019eau douce en milieu agroforestier<\/strong> \u2013 L\u2019objectif de ce projet est de tester l\u2019influence des variables environnementales associ\u00e9es aux milieux forestiers et agricoles sur l\u2019expression des g\u00e8nes associ\u00e9s aux stress chez trois esp\u00e8ces de poissons d\u2019eau douce \u00e0 l\u2019aide d\u2019une nouvelle puce \u00e0 ARN universelle.<\/p>\n<p>&nbsp;<\/p>\n<h3>\u00c9quipe de recherche<\/h3>\n<p><strong>Postdoctorants\u00a0<\/strong><\/p>\n<p>Lucas De Fries<\/p>\n<p>Cristina Charrette<\/p>\n<p><strong>\u00c9tudiants-chercheurs<\/strong><\/p>\n<p>Martin Breton (M. Sc.)<\/p>\n<p>Adam Djelloul (M. Sc.)<\/p>\n<p>Maude Ouellet-Fortin (M. Sc.)<\/p>\n<p>Anna-\u00c8ve Lafreni\u00e8re (M. Sc.)<\/p>\n<p>Marianne Tremblay (M. Sc.)<\/p>\n<p><strong>\u00c9tudiants en co-supervision<\/strong><\/p>\n<p>Arthur Gandin (M. Sc.) \u2013 codirection UQAR-ISMER, David Deslauriers (directeur)<\/p>\n<p>Patricia Voyer (M. Sc.) \u2013 codirection University of Windsor, Daniel Heath (directeur)<\/p>\n<p>Benjamin Gilbert (M. Sc.) \u2013 codirection UQAR, Emmanuelle Chr\u00e9tien (directrice)<\/p>\n","protected":false},"excerpt":{"rendered":"<p>Dans cette section, vous trouverez une description sommaire de quelques projets en cours au sein de mon laboratoire. \u2022 L&#8217;urbanisation comme moteur \u00e9volutif des invasions biologiques \u2013 L&#8217;objectif de ce projet de recherche est de faire la lumi\u00e8re sur les m\u00e9canismes \u00e9cologiques d&#8217;interaction entre l&#8217;invasion biologique et l&#8217;urbanisation dans les communaut\u00e9s de poissons de cours &hellip; <a href=\"https:\/\/portfolio.uqac.ca\/oliviermorissette\/recherche\/\" class=\"more-link\">Continuer la lecture de <span class=\"screen-reader-text\">Recherche<\/span>  <span class=\"meta-nav\">&rarr;<\/span><\/a><\/p>\n","protected":false},"author":89,"featured_media":0,"parent":0,"menu_order":0,"comment_status":"closed","ping_status":"closed","template":"","meta":{"footnotes":""},"tags":[],"_links":{"self":[{"href":"https:\/\/portfolio.uqac.ca\/oliviermorissette\/wp-json\/wp\/v2\/pages\/46"}],"collection":[{"href":"https:\/\/portfolio.uqac.ca\/oliviermorissette\/wp-json\/wp\/v2\/pages"}],"about":[{"href":"https:\/\/portfolio.uqac.ca\/oliviermorissette\/wp-json\/wp\/v2\/types\/page"}],"author":[{"embeddable":true,"href":"https:\/\/portfolio.uqac.ca\/oliviermorissette\/wp-json\/wp\/v2\/users\/89"}],"replies":[{"embeddable":true,"href":"https:\/\/portfolio.uqac.ca\/oliviermorissette\/wp-json\/wp\/v2\/comments?post=46"}],"version-history":[{"count":5,"href":"https:\/\/portfolio.uqac.ca\/oliviermorissette\/wp-json\/wp\/v2\/pages\/46\/revisions"}],"predecessor-version":[{"id":293,"href":"https:\/\/portfolio.uqac.ca\/oliviermorissette\/wp-json\/wp\/v2\/pages\/46\/revisions\/293"}],"wp:attachment":[{"href":"https:\/\/portfolio.uqac.ca\/oliviermorissette\/wp-json\/wp\/v2\/media?parent=46"}],"wp:term":[{"taxonomy":"post_tag","embeddable":true,"href":"https:\/\/portfolio.uqac.ca\/oliviermorissette\/wp-json\/wp\/v2\/tags?post=46"}],"curies":[{"name":"wp","href":"https:\/\/api.w.org\/{rel}","templated":true}]}}