{"id":150,"date":"2018-08-07T11:10:50","date_gmt":"2018-08-07T15:10:50","guid":{"rendered":"http:\/\/portfolio-pre.uqac.ca\/olivierriffon\/?page_id=150"},"modified":"2018-08-07T11:10:50","modified_gmt":"2018-08-07T15:10:50","slug":"supervisions","status":"publish","type":"page","link":"https:\/\/portfolio.uqac.ca\/olivierriffon\/supervisions\/","title":{"rendered":"Supervisions"},"content":{"rendered":"<p><strong>Th\u00e8ses et m\u00e9moires supervis\u00e9s<\/strong><\/p>\n<p>Benjamin Gobeil-Jobin (En cours)<br \/>\nTitre de la th\u00e8se ou du projet: L&#8217;apport de l&#8217;identit\u00e9 territoriale comme composante du ph\u00e9nom\u00e8ne de la non-acceptabilit\u00e9 sociale : Le cas de la consultation citoyenne par consensus inform\u00e9 dans la MRC de La Vall\u00e9e-de-l&#8217;Or.<\/p>\n<p><strong>Supervisions de stage en \u00e9co-conseil<\/strong><\/p>\n<p align=\"LEFT\">Ayoub Adibord (En cours)<br \/>\nTh\u00e8me : L&#8217;\u00e9co-conseiller, une valeur ajout\u00e9e dans le conseil enefficacit\u00e9 \u00e9nerg\u00e9tique<\/p>\n<p align=\"LEFT\">\u00c9liette Vray (En cours)<br \/>\nTh\u00e8me : D\u00e9veloppement durable dans un contexte volontaire \u00e0 l&#8217;Assembl\u00e9e Nationale du Qu\u00e9bec<\/p>\n<p align=\"LEFT\">Axel Le Dr\u00e9au (En cours)<br \/>\nTh\u00e8me : L&#8217;\u00e9co-conseiller \u00e0 l&#8217;\u0153uvre dans une m\u00e9gastructure<\/p>\n<p align=\"LEFT\">\u00a0No\u00e9mie Bussi\u00e8re (En cours)<br \/>\nTh\u00e8me : L&#8217;\u00e9co-conseil dans une universit\u00e9 r\u00e9gionale : des d\u00e9fis particuliers<\/p>\n<p align=\"LEFT\">Marianne Carr\u00e9 (Termin\u00e9)<br \/>\nTitre : Mati\u00e8res r\u00e9siduelles et r\u00e9sistance aux changements<\/p>\n<p align=\"LEFT\">Etienne Valette (Termin\u00e9)<br \/>\nTitre : \u00c9co-conseil et meubles et kit : \u00e9co-conseiller ing\u00e9nieur \/ ing\u00e9nieur \u00e9co-conseiller<\/p>\n<p align=\"LEFT\">Julie Bibaud-Alves (Termin\u00e9)<br \/>\nTitre : Ing\u00e9nieure \u00e9co-conseill\u00e8re et syst\u00e8me d&#8217;information<\/p>\n<p align=\"LEFT\">Virgile Deroche (Termin\u00e9)<br \/>\nTitre : Le d\u00e9veloppement durable, une int\u00e9gration au sein du CIRADD<\/p>\n<p align=\"LEFT\">Pauline Foucault (Termin\u00e9)<br \/>\nTitre : Une gouvernance participative pour le d\u00e9veloppement local<\/p>\n<p align=\"LEFT\">Marion Moreaux (Termin\u00e9)<br \/>\nTitre : \u00c9laboration d\u2019un plan de gestion et de communication pour les jardins comestibles de l\u2019UQAC<\/p>\n<p align=\"LEFT\">Nicolas Devaux (Termin\u00e9)<br \/>\nTitre : Le jeu : un vecteur de r\u00e9union et d&#8217;\u00e9volution au service du d\u00e9veloppement durable<\/p>\n<p align=\"LEFT\">J\u00e9zabel Alain-Lacombe (Termin\u00e9)<br \/>\nTitre : Initiation de la mise sur pied d\u2019un regroupement d\u2019institutions, commerces et industries en orth\u00e8ses proth\u00e8ses pour la gestion de leurs mati\u00e8res r\u00e9siduelles<\/p>\n<p align=\"LEFT\">Maurice Duclos (Termin\u00e9)<br \/>\nTitre : Les d\u00e9fis de la pratique de l\u2019\u00e9co-conseil dans un contexte politique<\/p>\n<p>&nbsp;<\/p>\n","protected":false},"excerpt":{"rendered":"<p>Th\u00e8ses et m\u00e9moires supervis\u00e9s Benjamin Gobeil-Jobin (En cours) Titre de la th\u00e8se ou du projet: L&#8217;apport de l&#8217;identit\u00e9 territoriale comme composante du ph\u00e9nom\u00e8ne de la non-acceptabilit\u00e9 sociale : Le cas de la consultation citoyenne par consensus inform\u00e9 dans la MRC de La Vall\u00e9e-de-l&#8217;Or. Supervisions de stage en \u00e9co-conseil Ayoub Adibord (En cours) Th\u00e8me : L&#8217;\u00e9co-conseiller, &hellip; <a href=\"https:\/\/portfolio.uqac.ca\/olivierriffon\/supervisions\/\" class=\"more-link\">Continuer la lecture de <span class=\"screen-reader-text\">Supervisions<\/span>  <span class=\"meta-nav\">&rarr;<\/span><\/a><\/p>\n","protected":false},"author":196,"featured_media":0,"parent":0,"menu_order":0,"comment_status":"closed","ping_status":"closed","template":"","meta":{"footnotes":""},"tags":[],"_links":{"self":[{"href":"https:\/\/portfolio.uqac.ca\/olivierriffon\/wp-json\/wp\/v2\/pages\/150"}],"collection":[{"href":"https:\/\/portfolio.uqac.ca\/olivierriffon\/wp-json\/wp\/v2\/pages"}],"about":[{"href":"https:\/\/portfolio.uqac.ca\/olivierriffon\/wp-json\/wp\/v2\/types\/page"}],"author":[{"embeddable":true,"href":"https:\/\/portfolio.uqac.ca\/olivierriffon\/wp-json\/wp\/v2\/users\/196"}],"replies":[{"embeddable":true,"href":"https:\/\/portfolio.uqac.ca\/olivierriffon\/wp-json\/wp\/v2\/comments?post=150"}],"version-history":[{"count":1,"href":"https:\/\/portfolio.uqac.ca\/olivierriffon\/wp-json\/wp\/v2\/pages\/150\/revisions"}],"predecessor-version":[{"id":151,"href":"https:\/\/portfolio.uqac.ca\/olivierriffon\/wp-json\/wp\/v2\/pages\/150\/revisions\/151"}],"wp:attachment":[{"href":"https:\/\/portfolio.uqac.ca\/olivierriffon\/wp-json\/wp\/v2\/media?parent=150"}],"wp:term":[{"taxonomy":"post_tag","embeddable":true,"href":"https:\/\/portfolio.uqac.ca\/olivierriffon\/wp-json\/wp\/v2\/tags?post=150"}],"curies":[{"name":"wp","href":"https:\/\/api.w.org\/{rel}","templated":true}]}}