{"id":172,"date":"2024-11-11T10:36:09","date_gmt":"2024-11-11T15:36:09","guid":{"rendered":"https:\/\/portfolio-temp.uqac.ca\/olivierriffon\/?page_id=172"},"modified":"2024-11-11T10:36:09","modified_gmt":"2024-11-11T15:36:09","slug":"offre-mitacs-limites-planetaires","status":"publish","type":"page","link":"https:\/\/portfolio.uqac.ca\/olivierriffon\/offre-mitacs-limites-planetaires\/","title":{"rendered":"Offre MITACS limites plan\u00e9taires"},"content":{"rendered":"<h4><span style=\"color: #6b8915;\">Titre du projet de recherche<\/span><\/h4>\n<p>Analyse et retomb\u00e9es du Grand Dialogue r\u00e9gional pour la transition sociale et \u00e9cologique : Projet portant sur la r\u00e9gionalisation des limites plan\u00e9taires (mod\u00e8le du Donough, Raworth, 2017)<\/p>\n<h4><span style=\"color: #6b8915;\">Programmes d&#8217;\u00e9tudes vis\u00e9s<\/span><\/h4>\n<ul>\n<li><a href=\"https:\/\/www.uqac.ca\/programme\/3018-maitrise-en-ressources-renouvelables\/\" target=\"_blank\" rel=\"noopener\">Ma\u00eetrise en ressources renouvelables<\/a><\/li>\n<li><a href=\"https:\/\/www.uqac.ca\/programme\/3583-doctorat-en-sciences-de-lenvironnement\/\" target=\"_blank\" rel=\"noopener\">Doctorat en sciences de l\u2019environnement<\/a><\/li>\n<li><a href=\"https:\/\/www.uqac.ca\/programme\/3593-m-en-etudes-et-interventions-regionales\/\" target=\"_blank\" rel=\"noopener\">Maitrise en \u00e9tudes et interventions r\u00e9gionales<\/a><\/li>\n<li><a href=\"https:\/\/www.uqac.ca\/programme\/3755-maitrise-en-gestion-des-organisations\/\" target=\"_blank\" rel=\"noopener\">Maitrise en gestion des organisations<\/a><\/li>\n<li><a href=\"https:\/\/www.uqac.ca\/programme\/2077-doctorat-en-developpement-regional-et-territorial\/\" target=\"_blank\" rel=\"noopener\">Doctorat en d\u00e9veloppement r\u00e9gional et territorial<\/a><\/li>\n<li><a href=\"https:\/\/www.uqac.ca\/programme\/2064-doctorat-en-sciences-humaines-appliquees\/\" target=\"_blank\" rel=\"noopener\">Doctorat en sciences humaines appliqu\u00e9es<\/a><\/li>\n<\/ul>\n<h4><span style=\"color: #6b8915;\">Structure de recherche associ\u00e9e au projet<\/span><\/h4>\n<ul>\n<li><a href=\"https:\/\/collectiflagora.org\/\" target=\"_blank\" rel=\"noopener\">LAGORA \u2013 Laboratoire de gouvernances alternatives \u2013 UQAC<\/a><\/li>\n<\/ul>\n<h4><span style=\"color: #6b8915;\">Description du projet<\/span><\/h4>\n<p>Cette recherche-action sur la r\u00e9gionalisation des limites plan\u00e9taires selon le mod\u00e8le du \u201cDonough\u201d poursuit les objectifs sp\u00e9cifiques suivants : 1) R\u00e9pertorier et consid\u00e9rer les travaux existants sur le th\u00e8me, 2) l&#8217;identification des indicateurs et seuils actuels \u00e0 l\u2019\u00e9chelle r\u00e9gionale, et 3) l&#8217;\u00e9tude des impacts locaux et r\u00e9gionaux des limites actuelles. \u00a0L\u2019objectif \u00e0 travers cette recherche est d&#8217;essayer de trouver un juste \u00e9quilibre entre le d\u00e9veloppement social et \u00e9conomique \u00e0 l\u2019int\u00e9rieur des limites plan\u00e9taires, et ainsi identifier une marge de man\u0153uvre qui soit juste et s\u00e9curitaire pour conjuguer la pr\u00e9servation des \u00e9cosyst\u00e8mes, du climat, de l\u2019eau de la r\u00e9gion du Saguenay Lac Saint Jean \u00e0 l\u2019int\u00e9rieur des possibilit\u00e9s \u00e9conomiques selon la fondation sociale de cette r\u00e9gion \u00e0 travers la d\u00e9marche du Grand Dialogue.<\/p>\n<h4><span style=\"color: #6b8915;\">Domaine de recherche<\/span><\/h4>\n<ul>\n<li>Transition socio\u00e9cologique<\/li>\n<li>Mod\u00e8le du Donough<\/li>\n<li>R\u00e9gionalisation<\/li>\n<li>Indicateur<\/li>\n<li>Dynamique d\u2019acteurs<\/li>\n<\/ul>\n<h4><span style=\"color: #6b8915;\">Direction de recherche<\/span><\/h4>\n<p>Olivier Riffon, professeur en \u00e9co-conseil<br \/>\nCourriel :\u00a0<a href=\"mailto:oriffon@uqac.ca\">oriffon@uqac.ca<\/a><\/p>\n<h4><span style=\"color: #6b8915;\">Profil de l&#8217;\u00e9tudiant recherch\u00e9<\/span><\/h4>\n<p>\u00catre \u00e9tudiant \u00e0 temps plein dans un des programmes cibl\u00e9s.<\/p>\n<h4><span style=\"color: #6b8915;\">Exigences et conditions<\/span><\/h4>\n<p>Autonomie, curiosit\u00e9, sens de l\u2019initiative et bonnes comp\u00e9tences en recherche qualitative et quantitative, (exp\u00e9rience d\u00e9montr\u00e9e).<\/p>\n<h4><span style=\"color: #6b8915;\">Financement<\/span><\/h4>\n<p>30\u00a0000 $ de MITACS<\/p>\n<h4><span style=\"color: #6b8915;\">Date du d\u00e9but du projet ou trimestre cibl\u00e9<\/span><\/h4>\n<p>Janvier 2025 id\u00e9alement, ou septembre 2025<\/p>\n<h4><span style=\"color: #6b8915;\">Comment postuler<\/span><\/h4>\n<p>Envoyer un CV complet ainsi qu\u2019une lettre de motivation expliquant l\u2019exp\u00e9rience de recherche (sciences humaines et sociales, approches qualitatives), ainsi que l\u2019int\u00e9r\u00eat pour la th\u00e9matique cibl\u00e9e.<\/p>\n<p><a href=\"mailto:muproulx@uqac.ca\"><img loading=\"lazy\" decoding=\"async\" class=\"alignnone wp-image-230 alignleft\" src=\"https:\/\/portfolio.uqac.ca\/mousajavidani-en\/files\/2023\/07\/email-alert-custom-2.png\" alt=\"\" width=\"76\" height=\"76\" \/><\/a><br \/>\nFaites parvenir un courriel \u00e0 <a href=\"mailto:oriffon@uqac.ca\" target=\"_blank\" rel=\"noopener\">oriffon@uqac.ca<\/a><br \/>\navec tous les documents exig\u00e9s.<\/p>\n<h4><span style=\"color: #6b8915;\">Documents exig\u00e9s<\/span><\/h4>\n<ul>\n<li>Lettre de motivation<\/li>\n<li>Curriculum vitae<\/li>\n<\/ul>\n","protected":false},"excerpt":{"rendered":"<p>Titre du projet de recherche Analyse et retomb\u00e9es du Grand Dialogue r\u00e9gional pour la transition sociale et \u00e9cologique : Projet portant sur la r\u00e9gionalisation des limites plan\u00e9taires (mod\u00e8le du Donough, Raworth, 2017) Programmes d&#8217;\u00e9tudes vis\u00e9s Ma\u00eetrise en ressources renouvelables Doctorat en sciences de l\u2019environnement Maitrise en \u00e9tudes et interventions r\u00e9gionales Maitrise en gestion des organisations &hellip; <a href=\"https:\/\/portfolio.uqac.ca\/olivierriffon\/offre-mitacs-limites-planetaires\/\" class=\"more-link\">Continuer la lecture de <span class=\"screen-reader-text\">Offre MITACS limites plan\u00e9taires<\/span>  <span class=\"meta-nav\">&rarr;<\/span><\/a><\/p>\n","protected":false},"author":89,"featured_media":0,"parent":0,"menu_order":0,"comment_status":"closed","ping_status":"closed","template":"","meta":{"footnotes":""},"tags":[],"_links":{"self":[{"href":"https:\/\/portfolio.uqac.ca\/olivierriffon\/wp-json\/wp\/v2\/pages\/172"}],"collection":[{"href":"https:\/\/portfolio.uqac.ca\/olivierriffon\/wp-json\/wp\/v2\/pages"}],"about":[{"href":"https:\/\/portfolio.uqac.ca\/olivierriffon\/wp-json\/wp\/v2\/types\/page"}],"author":[{"embeddable":true,"href":"https:\/\/portfolio.uqac.ca\/olivierriffon\/wp-json\/wp\/v2\/users\/89"}],"replies":[{"embeddable":true,"href":"https:\/\/portfolio.uqac.ca\/olivierriffon\/wp-json\/wp\/v2\/comments?post=172"}],"version-history":[{"count":1,"href":"https:\/\/portfolio.uqac.ca\/olivierriffon\/wp-json\/wp\/v2\/pages\/172\/revisions"}],"predecessor-version":[{"id":173,"href":"https:\/\/portfolio.uqac.ca\/olivierriffon\/wp-json\/wp\/v2\/pages\/172\/revisions\/173"}],"wp:attachment":[{"href":"https:\/\/portfolio.uqac.ca\/olivierriffon\/wp-json\/wp\/v2\/media?parent=172"}],"wp:term":[{"taxonomy":"post_tag","embeddable":true,"href":"https:\/\/portfolio.uqac.ca\/olivierriffon\/wp-json\/wp\/v2\/tags?post=172"}],"curies":[{"name":"wp","href":"https:\/\/api.w.org\/{rel}","templated":true}]}}