{"id":174,"date":"2024-11-11T10:36:41","date_gmt":"2024-11-11T15:36:41","guid":{"rendered":"https:\/\/portfolio-temp.uqac.ca\/olivierriffon\/?page_id=174"},"modified":"2024-11-11T10:36:41","modified_gmt":"2024-11-11T15:36:41","slug":"offre-transition-socioecologique-regionale","status":"publish","type":"page","link":"https:\/\/portfolio.uqac.ca\/olivierriffon\/offre-transition-socioecologique-regionale\/","title":{"rendered":"Offre transition socio\u00e9cologique r\u00e9gionale"},"content":{"rendered":"<h4><span style=\"color: #6b8915;\">Titre du projet de recherche<\/span><\/h4>\n<p>Modalit\u00e9s de gouvernance participative favorisant la transition socio\u00e9cologique \u00e0 l&#8217;\u00e9chelle r\u00e9gionale : analyse comparative d\u2019initiatives intersectorielles de transition au Saguenay-Lac-Saint-Jean.<\/p>\n<h4><span style=\"color: #6b8915;\">Programmes d&#8217;\u00e9tudes vis\u00e9s<\/span><\/h4>\n<ul>\n<li><a href=\"https:\/\/www.uqac.ca\/programme\/3593-m-en-etudes-et-interventions-regionales\/\" target=\"_blank\" rel=\"noopener\">Maitrise en \u00e9tudes et interventions r\u00e9gionales<\/a><\/li>\n<li><a href=\"https:\/\/www.uqac.ca\/programme\/1602-maitrise-en-societes-autodeterminations-et-developpement\/\" target=\"_blank\" rel=\"noopener\">Maitrise\u00a0en soci\u00e9t\u00e9, autod\u00e9termination et d\u00e9veloppement<\/a><\/li>\n<li><a href=\"https:\/\/www.uqac.ca\/programme\/2077-doctorat-en-developpement-regional-et-territorial\/\" target=\"_blank\" rel=\"noopener\">Doctorat en d\u00e9veloppement r\u00e9gional et territorial<\/a><\/li>\n<li><a href=\"https:\/\/www.uqac.ca\/programme\/2064-doctorat-en-sciences-humaines-appliquees\/\" target=\"_blank\" rel=\"noopener\">Doctorat en sciences humaines appliqu\u00e9es<\/a><\/li>\n<\/ul>\n<h4><span style=\"color: #6b8915;\">Structure de recherche associ\u00e9e au projet<\/span><\/h4>\n<ul>\n<li><a href=\"https:\/\/collectiflagora.org\/\" target=\"_blank\" rel=\"noopener\">LAGORA \u2013 Laboratoire de gouvernances alternatives \u2013 UQAC<\/a><\/li>\n<\/ul>\n<h4><span style=\"color: #6b8915;\">Description du projet<\/span><\/h4>\n<p>Cette recherche-action poursuit les objectifs sp\u00e9cifiques suivants : 1) l\u2019exploration de modalit\u00e9s de gouvernance territoriale innovantes facilitant les collaborations transdisciplinaires, 2) l&#8217;identification des verrous politiques, l\u00e9gislatifs, \u00e9conomiques, sociaux et culturels qui ralentissent le rythme de la transition sociale et \u00e9cologique, et 3) l\u2019accompagnement d\u2019initiatives territoriales de transition par la recherche. Le programme de recherche impliquerait l\u2019\u00e9tude de quatre exp\u00e9riences de transition territoriales ayant eu lieu dans les derni\u00e8res d\u00e9cennies, ainsi que la mobilisation et l&#8217;animation de communaut\u00e9s de pratique, incluant le milieu scientifique et les acteurs de diff\u00e9rents secteurs d\u2019activit\u00e9 d\u00e9j\u00e0 engag\u00e9s dans la transformation socio\u00e9cologique dans des projets r\u00e9gionaux structurants.<\/p>\n<h4><span style=\"color: #6b8915;\">Domaines de recherche<\/span><\/h4>\n<p>Transition socio\u00e9cologique, gouvernance territoriale, dynamique d\u2019acteurs.<\/p>\n<h4><span style=\"color: #6b8915;\">Direction de recherche<\/span><\/h4>\n<p>Olivier Riffon, professeur en \u00e9co-conseil<br \/>\nCourriel :\u00a0<a href=\"mailto:oriffon@uqac.ca\">oriffon@uqac.ca<\/a><\/p>\n<h4><span style=\"color: #6b8915;\">Profil de l&#8217;\u00e9tudiant recherch\u00e9<\/span><\/h4>\n<p>\u00catre \u00e9tudiant \u00e0 temps plein dans un des programmes cibl\u00e9s.<\/p>\n<h4><span style=\"color: #6b8915;\">Exigences et conditions<\/span><\/h4>\n<p>Autonomie, curiosit\u00e9, sens de l\u2019initiative et bonnes comp\u00e9tences en recherche qualitative (exp\u00e9rience d\u00e9montr\u00e9e).<\/p>\n<h4><span style=\"color: #6b8915;\">Financement<\/span><\/h4>\n<p>30\u00a0000 $ du FRQSC.<\/p>\n<h4><span style=\"color: #6b8915;\">Date du d\u00e9but du projet ou trimestre cibl\u00e9<\/span><\/h4>\n<p>Janvier 2025 id\u00e9alement, ou septembre 2025<\/p>\n<h4><span style=\"color: #6b8915;\">Comment postuler<\/span><\/h4>\n<p>Envoyer un CV complet ainsi qu\u2019une lettre de motivation expliquant l\u2019exp\u00e9rience de recherche (sciences humaines et sociales, approches qualitatives), ainsi que l\u2019int\u00e9r\u00eat pour la th\u00e9matique cibl\u00e9e.<\/p>\n<p>Avant le 20 novembre 2024.<\/p>\n<p>Si votre candidature est jug\u00e9e pertinente, vous serez convoqu\u00e9 pour une rencontre.<\/p>\n<p><a href=\"mailto:muproulx@uqac.ca\"><img loading=\"lazy\" decoding=\"async\" class=\"alignnone wp-image-230 alignleft\" src=\"https:\/\/portfolio.uqac.ca\/mousajavidani-en\/files\/2023\/07\/email-alert-custom-2.png\" alt=\"\" width=\"76\" height=\"76\" \/><\/a><br \/>\nFaites parvenir un courriel \u00e0\u00a0<a href=\"mailto:oriffon@uqac.ca\" target=\"_blank\" rel=\"noopener\">oriffon@uqac.ca<\/a><br \/>\navec tous les documents exig\u00e9s.<\/p>\n<h4><span style=\"color: #6b8915;\">Documents exig\u00e9s<\/span><\/h4>\n<ul>\n<li>Lettre de motivation<\/li>\n<li>Curriculum vitae<\/li>\n<\/ul>\n","protected":false},"excerpt":{"rendered":"<p>Titre du projet de recherche Modalit\u00e9s de gouvernance participative favorisant la transition socio\u00e9cologique \u00e0 l&#8217;\u00e9chelle r\u00e9gionale : analyse comparative d\u2019initiatives intersectorielles de transition au Saguenay-Lac-Saint-Jean. Programmes d&#8217;\u00e9tudes vis\u00e9s Maitrise en \u00e9tudes et interventions r\u00e9gionales Maitrise\u00a0en soci\u00e9t\u00e9, autod\u00e9termination et d\u00e9veloppement Doctorat en d\u00e9veloppement r\u00e9gional et territorial Doctorat en sciences humaines appliqu\u00e9es Structure de recherche associ\u00e9e au &hellip; <a href=\"https:\/\/portfolio.uqac.ca\/olivierriffon\/offre-transition-socioecologique-regionale\/\" class=\"more-link\">Continuer la lecture de <span class=\"screen-reader-text\">Offre transition socio\u00e9cologique r\u00e9gionale<\/span>  <span class=\"meta-nav\">&rarr;<\/span><\/a><\/p>\n","protected":false},"author":89,"featured_media":0,"parent":0,"menu_order":0,"comment_status":"closed","ping_status":"closed","template":"","meta":{"footnotes":""},"tags":[],"_links":{"self":[{"href":"https:\/\/portfolio.uqac.ca\/olivierriffon\/wp-json\/wp\/v2\/pages\/174"}],"collection":[{"href":"https:\/\/portfolio.uqac.ca\/olivierriffon\/wp-json\/wp\/v2\/pages"}],"about":[{"href":"https:\/\/portfolio.uqac.ca\/olivierriffon\/wp-json\/wp\/v2\/types\/page"}],"author":[{"embeddable":true,"href":"https:\/\/portfolio.uqac.ca\/olivierriffon\/wp-json\/wp\/v2\/users\/89"}],"replies":[{"embeddable":true,"href":"https:\/\/portfolio.uqac.ca\/olivierriffon\/wp-json\/wp\/v2\/comments?post=174"}],"version-history":[{"count":1,"href":"https:\/\/portfolio.uqac.ca\/olivierriffon\/wp-json\/wp\/v2\/pages\/174\/revisions"}],"predecessor-version":[{"id":175,"href":"https:\/\/portfolio.uqac.ca\/olivierriffon\/wp-json\/wp\/v2\/pages\/174\/revisions\/175"}],"wp:attachment":[{"href":"https:\/\/portfolio.uqac.ca\/olivierriffon\/wp-json\/wp\/v2\/media?parent=174"}],"wp:term":[{"taxonomy":"post_tag","embeddable":true,"href":"https:\/\/portfolio.uqac.ca\/olivierriffon\/wp-json\/wp\/v2\/tags?post=174"}],"curies":[{"name":"wp","href":"https:\/\/api.w.org\/{rel}","templated":true}]}}