{"id":20,"date":"2017-10-06T14:44:16","date_gmt":"2017-10-06T18:44:16","guid":{"rendered":"http:\/\/portfolio-pre.uqac.ca\/gabarit\/?page_id=20"},"modified":"2018-08-07T11:02:13","modified_gmt":"2018-08-07T15:02:13","slug":"publications","status":"publish","type":"page","link":"https:\/\/portfolio.uqac.ca\/olivierriffon\/publications\/","title":{"rendered":"Publications"},"content":{"rendered":"<p><strong>Liste partielle des publications r\u00e9centes<\/strong><\/p>\n<p><strong>Documents revus et publi\u00e9s<\/strong><\/p>\n<p><span style=\"font-family: Times New Roman,Times New Roman PS;font-size: medium\">Villeneuve, C., <\/span><span style=\"font-size: medium\">Tremblay, D., Riffon, O., Lanmafankpotin, G. Y. et Bouchard, S. (2017). A Systemic Tool and Process for Sustainability Assessment. Sustainability, 2017, 9, 1909. <\/span><\/p>\n<p><span style=\"font-family: Times New Roman,Times New Roman PS;font-size: medium\">Riffon, O<\/span><span style=\"font-size: medium\">., Segers, I., Tremblay, D., Huybens, N. (2013). \u00c9volution des rapports aux diff\u00e9rents savoirs chez les \u00e9tudiants et les dipl\u00f4m\u00e9s en \u00e9co-conseil. \u00c9ducation relative \u00e0 l&#8217;environnement. Regards. Recherches. R\u00e9flexions, Volume 11, 2013, pages 265-282. <\/span><\/p>\n<p><strong>Contributions publi\u00e9es \u00e0 un ouvrage collectif \/ chapitre de livre<\/strong><\/p>\n<p>Riffon, O. (2016). Une typologie pour l\u2019analyse des repr\u00e9sentations du d\u00e9veloppement durable des instruments de mise en oeuvre \u00e0 l\u2019\u00e9chelle territoriale. In N\u00e9mery, J.-C. et Thuriot, F. (dir). Les instruments de l\u2019action publique et les dispositifs territoriaux. L\u2019Harmattan, coll. Administration et Am\u00e9nagement du territoire. Paris. Pages 43-58.<\/p>\n<p><span style=\"font-family: Times New Roman,Times New Roman PS;font-size: medium\">Riffon, O., <\/span><span style=\"font-size: medium\">Tremblay, D. et Villeneuve, C. (2016). La grille d\u2019analyse de d\u00e9veloppement durable adapt\u00e9e aux ODD. Liaison \u00e9nergie francophonie, Num\u00e9ro 102, 2e trimestre 2016, IEPF, pages 49-51. <\/span><\/p>\n<p><span style=\"font-family: Times New Roman,Times New Roman PS;font-size: medium\">Riffon, O.,<b> <\/b><\/span><span style=\"font-size: medium\">Bonfils, S. et Kiri, T. (2016). Un outil pour prioriser les cibles des ODD. Liaison \u00e9nergie francophonie, Num\u00e9ro 102, 2e trimestre 2016, IEPF, pages 76-79. <\/span><\/p>\n<p><span style=\"font-family: Times New Roman,Times New Roman PS;font-size: medium\">Villeneuve, C<\/span><span style=\"font-size: medium\">., Riffon, O., Tremblay, D., Segers, I., (2015). Mines et d\u00e9veloppement durable, comment aborder la quadrature du cercle? Dans Rouleau, A. et Gasquet, D. (Dir), L\u2019industrie mini\u00e8re et le d\u00e9veloppement durable \u2013 Une perspective internationale francophone. Collection Point de rep\u00e8re (26). Organisation internationale de la Francophonie. <\/span><\/p>\n<p><span style=\"font-family: Times New Roman,Times New Roman PS;font-size: medium\">Riffon, O. <\/span><span style=\"font-size: medium\">et Villeneuve, C. (2013). Donner voix aux multiples repr\u00e9sentations du d\u00e9veloppement durable dans les formations en g\u00e9nie. Proceedings, 2013 Canadian Engineering Education Association (CEEA13) Conference. Montr\u00e9al, 17-20 juin 2013. <\/span><\/p>\n<p><strong>Rapports de recherche<\/strong><\/p>\n<p>Riffon, O. (2016). Repr\u00e9sentations du d\u00e9veloppement durable : analyse des dynamiques d\u2019acteurs et des processus de durabilit\u00e9 en milieu municipal au Qu\u00e9bec. Th\u00e8se de doctorat, Universit\u00e9 du Qu\u00e9bec \u00e0 Chicoutimi, D\u00e9partement des sciences humaines.<\/p>\n<p><span style=\"font-family: Times New Roman,Times New Roman PS;font-size: medium\">Villeneuve, C<b>., <\/b><\/span><span style=\"font-size: medium\">Riffon, O., Tremblay, D. (2016). Comment r\u00e9aliser une analyse de d\u00e9veloppement durable? Guide d\u2019utilisation de la Grille d\u2019analyse de d\u00e9veloppement durable. D\u00e9partement des sciences fondamentales, Universit\u00e9 du Qu\u00e9bec \u00e0 Chicoutimi. <\/span><\/p>\n<p><strong>Articles dans une revue sans comit\u00e9 de lecture<\/strong><\/p>\n<p><span style=\"font-family: Times New Roman,Times New Roman PS;font-size: medium\">Tranquard, M<\/span><span style=\"font-size: medium\">. et Riffon, O. (2018). D\u00e9marche d\u2019attribution du statut international de G\u00e9oparc : proposition d\u2019une m\u00e9thodologie d\u2019analyse multicrit\u00e8re pour l\u2019\u00e9valuation du potentiel des territoires et l\u2019int\u00e9gration des objectifs de d\u00e9veloppement durable. Organisations et territoires, Vol. 27, 2018. Accept\u00e9, \u00e0 para\u00eetre (partie 6). <\/span><\/p>\n<p>Riffon, O. (2017). La d\u00e9marche de d\u00e9veloppement durable : un processus int\u00e9grateur des enjeux sociaux et environnementaux dans les organisations. Organisations et territoires, Vol. 26, No 1-2, 2017, pages 83-90.<\/p>\n<p><span style=\"font-family: Times New Roman,Times New Roman PS;font-size: medium\">Villeneuve, C., <\/span><span style=\"font-size: medium\">Tremblay, D., Riffon, O., Bonfils, S., Prescott, J., Sa\u00efd Hassani, K. et Kiri, T. (2015), Des outils pour op\u00e9rationnaliser le d\u00e9veloppement durable dans la Francophonie, Liaison \u00c9nergie Francophonie, num\u00e9ro 100, 2e trimestre 2015, pages 50-54. <\/span><\/p>\n<p><span style=\"font-family: Times New Roman,Times New Roman PS;font-size: medium\">Kiri, T., <\/span><span style=\"font-size: medium\">Sa\u00efd Hassani, K, Villeneuve, C., Bonfils, S., Prescott, J., Tremblay, D, Riffon,, O., (2015), La revue par les pairs des Strat\u00e9gies nationales de d\u00e9veloppement durable dans la Francophonie, Liaison \u00c9nergie Francophonie, num\u00e9ro 100, 2e trimestre 2015, pages 46-49. RIFFON_RIFOL0101.PDF <\/span><\/p>\n<p><span style=\"font-family: Times New Roman,Times New Roman PS;font-size: medium\">Sa\u00efd-Hassani, K<\/span><span style=\"font-size: medium\">, Prescott, J., Villeneuve, C., Tremblay, D. Bonfils, S., Riffon, O., Kiri, T. (2015) La gouvernance du d\u00e9veloppement durable, mesurer les progr\u00e8s au sein de la Francophonie, Liaison \u00c9nergie Francophonie, num\u00e9ro 100, 2e trimestre 2015, pages 41-45. <\/span><\/p>\n<p><span style=\"font-family: Times New Roman,Times New Roman PS;font-size: medium\">Riffon, O<\/span><span style=\"font-size: medium\">. et Villeneuve, C. (2013). Trois d\u00e9fis pour un urbanisme durable au Qu\u00e9bec. Urbanit\u00e9, automne 2005. <\/span><\/p>\n<p>&nbsp;<\/p>\n<p><strong>Publications disponibles en ligne (Constellation UQAC)<\/strong><\/p>\n<style>\nh3.hungryfeed_feed_title {}\r\ndiv.hungryfeed_feed_description {}\r\ndiv.hungryfeed_feed_content {}\r\ndiv.hungryfeed_items {}\r\ndiv.hungryfeed_item {margin-bottom: 10px;}\r\ndiv.hungryfeed_item_title {font-weight: bold;}\r\ndiv.hungryfeed_item_description {}\r\ndiv.hungryfeed_item_author {}\r\ndiv.hungryfeed_item_date {}\n<\/style>\n<script type=\"text\/javascript\">\r\n\/\/ Custom Javascript here...\r\n<\/script>\n<div style=\"margin:5px 0px 5px 0px;padding:10px;border: solid 1px red; background-color: #ff6666; color: black;\">\r\nHungryFEED can't get feed.  Don't be mad at HungryFEED. SimplePie reported: cURL error 7: Failed to connect to constellation.uqac.ca port 443 after 2061 ms: Could not connect to server\r\n<\/div>\n","protected":false},"excerpt":{"rendered":"<p>Liste partielle des publications r\u00e9centes Documents revus et publi\u00e9s Villeneuve, C., Tremblay, D., Riffon, O., Lanmafankpotin, G. Y. et Bouchard, S. (2017). A Systemic Tool and Process for Sustainability Assessment. Sustainability, 2017, 9, 1909. Riffon, O., Segers, I., Tremblay, D., Huybens, N. (2013). \u00c9volution des rapports aux diff\u00e9rents savoirs chez les \u00e9tudiants et les dipl\u00f4m\u00e9s &hellip; <a href=\"https:\/\/portfolio.uqac.ca\/olivierriffon\/publications\/\" class=\"more-link\">Continuer la lecture de <span class=\"screen-reader-text\">Publications<\/span>  <span class=\"meta-nav\">&rarr;<\/span><\/a><\/p>\n","protected":false},"author":89,"featured_media":0,"parent":0,"menu_order":0,"comment_status":"closed","ping_status":"closed","template":"","meta":{"footnotes":""},"tags":[],"_links":{"self":[{"href":"https:\/\/portfolio.uqac.ca\/olivierriffon\/wp-json\/wp\/v2\/pages\/20"}],"collection":[{"href":"https:\/\/portfolio.uqac.ca\/olivierriffon\/wp-json\/wp\/v2\/pages"}],"about":[{"href":"https:\/\/portfolio.uqac.ca\/olivierriffon\/wp-json\/wp\/v2\/types\/page"}],"author":[{"embeddable":true,"href":"https:\/\/portfolio.uqac.ca\/olivierriffon\/wp-json\/wp\/v2\/users\/89"}],"replies":[{"embeddable":true,"href":"https:\/\/portfolio.uqac.ca\/olivierriffon\/wp-json\/wp\/v2\/comments?post=20"}],"version-history":[{"count":31,"href":"https:\/\/portfolio.uqac.ca\/olivierriffon\/wp-json\/wp\/v2\/pages\/20\/revisions"}],"predecessor-version":[{"id":149,"href":"https:\/\/portfolio.uqac.ca\/olivierriffon\/wp-json\/wp\/v2\/pages\/20\/revisions\/149"}],"wp:attachment":[{"href":"https:\/\/portfolio.uqac.ca\/olivierriffon\/wp-json\/wp\/v2\/media?parent=20"}],"wp:term":[{"taxonomy":"post_tag","embeddable":true,"href":"https:\/\/portfolio.uqac.ca\/olivierriffon\/wp-json\/wp\/v2\/tags?post=20"}],"curies":[{"name":"wp","href":"https:\/\/api.w.org\/{rel}","templated":true}]}}